{"id":2263,"date":"2022-10-10T21:52:36","date_gmt":"2022-10-10T19:52:36","guid":{"rendered":"https:\/\/www.fcpe78.fr\/cl\/conflans\/?page_id=2263"},"modified":"2022-10-10T22:00:07","modified_gmt":"2022-10-10T20:00:07","slug":"site-facebook","status":"publish","type":"page","link":"https:\/\/www.fcpe78.fr\/cl\/conflans\/qui-sommes-nous\/la-fcpe-a-conflans\/site-facebook\/","title":{"rendered":"Site Facebook"},"content":{"rendered":"\n<p>Le conseil local Fcpe Conflans-Sainte-Honorine dispose \u00e9galement d&#8217;un site <a href=\"https:\/\/www.facebook.com\/FCPEConflans\">Facebook<\/a> et d&#8217;une messagerie Messenger associ\u00e9e.<br>Vous y retrouvez :<\/p>\n\n\n\n<ul><li>les menus des \u00e9coles chaque semaine<\/li><li>les informations sur les mouvements de gr\u00e8ve \u00e9ventuels<\/li><li>les informations pratiques <\/li><li>les informations ponctuelles sp\u00e9cifiques des \u00e9coles <\/li><li>des liens vers des ressources en lien avec l&#8217;\u00e9cole, la parentalit\u00e9,&#8230;<\/li><\/ul>\n","protected":false},"excerpt":{"rendered":"<p>Le conseil local Fcpe Conflans-Sainte-Honorine dispose \u00e9galement d&#8217;un site Facebook et d&#8217;une messagerie Messenger associ\u00e9e.Vous y retrouvez : les menus des \u00e9coles chaque semaine les informations sur les mouvements de gr\u00e8ve \u00e9ventuels les informations pratiques les informations ponctuelles sp\u00e9cifiques des \u00e9coles des liens vers des ressources en lien avec l&#8217;\u00e9cole, &#8230;<\/p>\n","protected":false},"author":61,"featured_media":0,"parent":26,"menu_order":0,"comment_status":"closed","ping_status":"closed","template":"","meta":{"jetpack_post_was_ever_published":false},"jetpack_shortlink":"https:\/\/wp.me\/P91mhl-Av","_links":{"self":[{"href":"https:\/\/www.fcpe78.fr\/cl\/conflans\/wp-json\/wp\/v2\/pages\/2263"}],"collection":[{"href":"https:\/\/www.fcpe78.fr\/cl\/conflans\/wp-json\/wp\/v2\/pages"}],"about":[{"href":"https:\/\/www.fcpe78.fr\/cl\/conflans\/wp-json\/wp\/v2\/types\/page"}],"author":[{"embeddable":true,"href":"https:\/\/www.fcpe78.fr\/cl\/conflans\/wp-json\/wp\/v2\/users\/61"}],"replies":[{"embeddable":true,"href":"https:\/\/www.fcpe78.fr\/cl\/conflans\/wp-json\/wp\/v2\/comments?post=2263"}],"version-history":[{"count":1,"href":"https:\/\/www.fcpe78.fr\/cl\/conflans\/wp-json\/wp\/v2\/pages\/2263\/revisions"}],"predecessor-version":[{"id":2264,"href":"https:\/\/www.fcpe78.fr\/cl\/conflans\/wp-json\/wp\/v2\/pages\/2263\/revisions\/2264"}],"up":[{"embeddable":true,"href":"https:\/\/www.fcpe78.fr\/cl\/conflans\/wp-json\/wp\/v2\/pages\/26"}],"wp:attachment":[{"href":"https:\/\/www.fcpe78.fr\/cl\/conflans\/wp-json\/wp\/v2\/media?parent=2263"}],"curies":[{"name":"wp","href":"https:\/\/api.w.org\/{rel}","templated":true}]}}