{"id":21,"date":"2016-09-10T18:53:32","date_gmt":"2016-09-10T16:53:32","guid":{"rendered":"http:\/\/localhost\/wordpress\/?page_id=21"},"modified":"2016-09-10T18:53:32","modified_gmt":"2016-09-10T16:53:32","slug":"la-fcpe-en-chiffres","status":"publish","type":"page","link":"https:\/\/www.fcpe78.fr\/cl\/conflans\/qui-sommes-nous\/la-fcpe-en-chiffres\/","title":{"rendered":"La FCPE en chiffres"},"content":{"rendered":"<p><strong>La FCPE (F\u00e9d\u00e9ration des conseils des parents d&#8217;\u00e9l\u00e8ves) est la premi\u00e8re f\u00e9d\u00e9ration de parents d&#8217;\u00e9l\u00e8ves. Elle est pr\u00e9sente dans la plupart des \u00e9tablissements o\u00f9 elle participe \u00e0 la vie scolaire pour d\u00e9fendre l&#8217;int\u00e9r\u00eat des enfants et repr\u00e9senter les parents. La FCPE est une force de proposition et d&#8217;action.<\/strong><\/p>\n<p><strong>La FCPE compte aujourd&#8217;hui :<\/strong><\/p>\n<ul>\n<li>310 000 adh\u00e9rents,<\/li>\n<li>65 000 parents d&#8217;\u00e9l\u00e8ves \u00e9lus aux conseils d&#8217;\u00e9cole et aux conseils d&#8217;administration,<\/li>\n<li>10 000 conseils locaux<\/li>\n<li>100 associations d\u00e9partementales et extra-m\u00e9tropolitaines et des repr\u00e9sentants dans les \u00e9tablissements fran\u00e7ais \u00e0 l&#8217;\u00e9tranger.<\/li>\n<\/ul>\n<p><strong>Fond\u00e9e en 1947<\/strong>, la F\u00e9d\u00e9ration des conseils de parents d&#8217;\u00e9l\u00e8ves est reconnue d&#8217;utilit\u00e9 publique d\u00e8s 1951 et agr\u00e9\u00e9e mouvement d&#8217;\u00e9ducation populaire en 1982.<\/p>\n","protected":false},"excerpt":{"rendered":"<p>La FCPE (F\u00e9d\u00e9ration des conseils des parents d&#8217;\u00e9l\u00e8ves) est la premi\u00e8re f\u00e9d\u00e9ration de parents d&#8217;\u00e9l\u00e8ves. Elle est pr\u00e9sente dans la plupart des \u00e9tablissements o\u00f9 elle participe \u00e0 la vie scolaire pour d\u00e9fendre l&#8217;int\u00e9r\u00eat des enfants et repr\u00e9senter les parents. La FCPE est une force de proposition et d&#8217;action. La FCPE &#8230;<\/p>\n","protected":false},"author":34,"featured_media":0,"parent":48,"menu_order":0,"comment_status":"closed","ping_status":"closed","template":"","meta":{"jetpack_post_was_ever_published":false},"jetpack_shortlink":"https:\/\/wp.me\/P91mhl-l","_links":{"self":[{"href":"https:\/\/www.fcpe78.fr\/cl\/conflans\/wp-json\/wp\/v2\/pages\/21"}],"collection":[{"href":"https:\/\/www.fcpe78.fr\/cl\/conflans\/wp-json\/wp\/v2\/pages"}],"about":[{"href":"https:\/\/www.fcpe78.fr\/cl\/conflans\/wp-json\/wp\/v2\/types\/page"}],"author":[{"embeddable":true,"href":"https:\/\/www.fcpe78.fr\/cl\/conflans\/wp-json\/wp\/v2\/users\/34"}],"replies":[{"embeddable":true,"href":"https:\/\/www.fcpe78.fr\/cl\/conflans\/wp-json\/wp\/v2\/comments?post=21"}],"version-history":[{"count":0,"href":"https:\/\/www.fcpe78.fr\/cl\/conflans\/wp-json\/wp\/v2\/pages\/21\/revisions"}],"up":[{"embeddable":true,"href":"https:\/\/www.fcpe78.fr\/cl\/conflans\/wp-json\/wp\/v2\/pages\/48"}],"wp:attachment":[{"href":"https:\/\/www.fcpe78.fr\/cl\/conflans\/wp-json\/wp\/v2\/media?parent=21"}],"curies":[{"name":"wp","href":"https:\/\/api.w.org\/{rel}","templated":true}]}}