{"id":188,"date":"2016-10-15T23:06:15","date_gmt":"2016-10-15T21:06:15","guid":{"rendered":"http:\/\/localhost\/wordpress\/?page_id=188"},"modified":"2017-09-30T18:23:46","modified_gmt":"2017-09-30T16:23:46","slug":"soutien-association-santa-vitoria","status":"publish","type":"page","link":"https:\/\/www.fcpe78.fr\/cl\/conflans\/nos-actions\/soutien-association-santa-vitoria\/","title":{"rendered":"Soutien \u00e0 l&#8217;association br\u00e9silienne Santa Vitoria"},"content":{"rendered":"<p>L\u2019Association Santa Vit\u00f3ria a cr\u00e9\u00e9 une \u00e9cole dans le grand village de Santa Vit\u00f3ria, dans l\u2019Etat du Maranh\u00e3o au Br\u00e9sil. Le village est \u00e0 quatre heures de route de la premi\u00e8re ville.<\/p>\n<p>Pendant les cinq mois de p\u00e9riode des pluies, la route tortueuse qui m\u00e8ne au village est impraticable et laisse difficilement passer un quelconque moyen de transport.<\/p>\n<p>A Santa Vit\u00f3ria il n\u2019y a pas de m\u00e9decin.<\/p>\n<p>A l&#8217;\u00e9cole, les enfants apprennent en priorit\u00e9 \u00e0 lire et \u00e0 \u00e9crire. Le respect de l\u2019autre, l\u2019\u00e9veil moteur ou encore l\u2019hygi\u00e8ne sont aussi au coeur des apprentissages.<\/p>\n<p><code><iframe src=\"\/\/docs.google.com\/viewer?url=https%3A%2F%2Fwww.fcpe78.fr%2Fcl%2Fconflans%2Ffiles%2F2017%2F09%2FSanta-Vitoria-flyer2.pdf&hl=fr&embedded=true\" class=\"gde-frame\" style=\"width:100%; height:500px; border: none;\" scrolling=\"no\"><\/iframe>\n<p class=\"gde-text\"><a href=\"https:\/\/www.fcpe78.fr\/cl\/conflans\/files\/2017\/09\/Santa-Vitoria-flyer2.pdf\" class=\"gde-link\">T\u00e9l\u00e9charger (PDF, 748KB)<\/a><\/p><\/code><\/p>\n<p>La page facebook de l\u2019association : <a href=\"https:\/\/www.facebook.com\/pages\/Escolinha-Robin-Hood-Ass-Santa-Vitoria\/134709106565904\" target=\"_blank\" rel=\"noopener\">https:\/\/www.facebook.com\/pages\/Escolinha-Robin-Hood-Ass-Santa-Vitoria\/134709106565904<\/a><\/p>\n<p>Le site de l\u2019association : <a href=\"https:\/\/associationsantavitoria.blogspot.fr\/\" target=\"_blank\" rel=\"noopener\">https:\/\/associationsantavitoria.blogspot.fr\/<\/a><\/p>\n","protected":false},"excerpt":{"rendered":"<p>L\u2019Association Santa Vit\u00f3ria a cr\u00e9\u00e9 une \u00e9cole dans le grand village de Santa Vit\u00f3ria, dans l\u2019Etat du Maranh\u00e3o au Br\u00e9sil. Le village est \u00e0 quatre heures de route de la premi\u00e8re ville. Pendant les cinq mois de p\u00e9riode des pluies, la route tortueuse qui m\u00e8ne au village est impraticable et &#8230;<\/p>\n","protected":false},"author":34,"featured_media":0,"parent":45,"menu_order":0,"comment_status":"closed","ping_status":"closed","template":"","meta":{"jetpack_post_was_ever_published":false},"jetpack_shortlink":"https:\/\/wp.me\/P91mhl-32","_links":{"self":[{"href":"https:\/\/www.fcpe78.fr\/cl\/conflans\/wp-json\/wp\/v2\/pages\/188"}],"collection":[{"href":"https:\/\/www.fcpe78.fr\/cl\/conflans\/wp-json\/wp\/v2\/pages"}],"about":[{"href":"https:\/\/www.fcpe78.fr\/cl\/conflans\/wp-json\/wp\/v2\/types\/page"}],"author":[{"embeddable":true,"href":"https:\/\/www.fcpe78.fr\/cl\/conflans\/wp-json\/wp\/v2\/users\/34"}],"replies":[{"embeddable":true,"href":"https:\/\/www.fcpe78.fr\/cl\/conflans\/wp-json\/wp\/v2\/comments?post=188"}],"version-history":[{"count":4,"href":"https:\/\/www.fcpe78.fr\/cl\/conflans\/wp-json\/wp\/v2\/pages\/188\/revisions"}],"predecessor-version":[{"id":681,"href":"https:\/\/www.fcpe78.fr\/cl\/conflans\/wp-json\/wp\/v2\/pages\/188\/revisions\/681"}],"up":[{"embeddable":true,"href":"https:\/\/www.fcpe78.fr\/cl\/conflans\/wp-json\/wp\/v2\/pages\/45"}],"wp:attachment":[{"href":"https:\/\/www.fcpe78.fr\/cl\/conflans\/wp-json\/wp\/v2\/media?parent=188"}],"curies":[{"name":"wp","href":"https:\/\/api.w.org\/{rel}","templated":true}]}}