{"id":185,"date":"2016-10-15T23:04:34","date_gmt":"2016-10-15T21:04:34","guid":{"rendered":"http:\/\/localhost\/wordpress\/?page_id=185"},"modified":"2017-09-30T18:21:51","modified_gmt":"2017-09-30T16:21:51","slug":"cafe-des-parents","status":"publish","type":"page","link":"https:\/\/www.fcpe78.fr\/cl\/conflans\/nos-actions\/cafe-des-parents\/","title":{"rendered":"Le caf\u00e9 des parents"},"content":{"rendered":"<p><img decoding=\"async\" loading=\"lazy\" class=\"alignleft size-full wp-image-678\" src=\"https:\/\/www.fcpe78.fr\/cl\/conflans\/files\/2017\/09\/arton273.png\" alt=\"\" width=\"225\" height=\"225\" srcset=\"https:\/\/www.fcpe78.fr\/cl\/conflans\/files\/2017\/09\/arton273.png 225w, https:\/\/www.fcpe78.fr\/cl\/conflans\/files\/2017\/09\/arton273-150x150.png 150w, https:\/\/www.fcpe78.fr\/cl\/conflans\/files\/2017\/09\/arton273-120x120.png 120w\" sizes=\"(max-width: 225px) 100vw, 225px\" \/>La FCPE Conflans organise r\u00e9guli\u00e8rement dans l&#8217;ann\u00e9e des caf\u00e9s des parents.<\/p>\n<p>C&#8217;est un moment convivial o\u00f9 parents et enseignants discutent autour d\u2019un th\u00e8me pr\u00e9sent\u00e9 par un interlocuteur sp\u00e9cialis\u00e9 (kin\u00e9, psy, pharmacien, \u00e9ducateur\u2026).<\/p>\n<p>Diff\u00e9rents th\u00e8mes ont \u00e9t\u00e9 d\u00e9j\u00e0 abord\u00e9s: les rythmes scolaires, les jeux dangereux&#8230;<\/p>\n","protected":false},"excerpt":{"rendered":"<p>La FCPE Conflans organise r\u00e9guli\u00e8rement dans l&#8217;ann\u00e9e des caf\u00e9s des parents. C&#8217;est un moment convivial o\u00f9 parents et enseignants discutent autour d\u2019un th\u00e8me pr\u00e9sent\u00e9 par un interlocuteur sp\u00e9cialis\u00e9 (kin\u00e9, psy, pharmacien, \u00e9ducateur\u2026). Diff\u00e9rents th\u00e8mes ont \u00e9t\u00e9 d\u00e9j\u00e0 abord\u00e9s: les rythmes scolaires, les jeux dangereux&#8230;<\/p>\n","protected":false},"author":34,"featured_media":0,"parent":45,"menu_order":0,"comment_status":"closed","ping_status":"closed","template":"","meta":{"jetpack_post_was_ever_published":false},"jetpack_shortlink":"https:\/\/wp.me\/P91mhl-2Z","_links":{"self":[{"href":"https:\/\/www.fcpe78.fr\/cl\/conflans\/wp-json\/wp\/v2\/pages\/185"}],"collection":[{"href":"https:\/\/www.fcpe78.fr\/cl\/conflans\/wp-json\/wp\/v2\/pages"}],"about":[{"href":"https:\/\/www.fcpe78.fr\/cl\/conflans\/wp-json\/wp\/v2\/types\/page"}],"author":[{"embeddable":true,"href":"https:\/\/www.fcpe78.fr\/cl\/conflans\/wp-json\/wp\/v2\/users\/34"}],"replies":[{"embeddable":true,"href":"https:\/\/www.fcpe78.fr\/cl\/conflans\/wp-json\/wp\/v2\/comments?post=185"}],"version-history":[{"count":4,"href":"https:\/\/www.fcpe78.fr\/cl\/conflans\/wp-json\/wp\/v2\/pages\/185\/revisions"}],"predecessor-version":[{"id":682,"href":"https:\/\/www.fcpe78.fr\/cl\/conflans\/wp-json\/wp\/v2\/pages\/185\/revisions\/682"}],"up":[{"embeddable":true,"href":"https:\/\/www.fcpe78.fr\/cl\/conflans\/wp-json\/wp\/v2\/pages\/45"}],"wp:attachment":[{"href":"https:\/\/www.fcpe78.fr\/cl\/conflans\/wp-json\/wp\/v2\/media?parent=185"}],"curies":[{"name":"wp","href":"https:\/\/api.w.org\/{rel}","templated":true}]}}