{"id":179,"date":"2016-10-15T23:03:35","date_gmt":"2016-10-15T21:03:35","guid":{"rendered":"http:\/\/localhost\/wordpress\/?page_id=179"},"modified":"2017-09-30T18:22:51","modified_gmt":"2017-09-30T16:22:51","slug":"operation-fournitures-scolaires","status":"publish","type":"page","link":"https:\/\/www.fcpe78.fr\/cl\/conflans\/nos-actions\/operation-fournitures-scolaires\/","title":{"rendered":"Op\u00e9ration fournitures scolaires"},"content":{"rendered":"<p><strong><img decoding=\"async\" loading=\"lazy\" class=\"alignleft size-medium wp-image-634\" src=\"https:\/\/www.fcpe78.fr\/cl\/conflans\/files\/2016\/10\/IMG_0758-e1505331206253-225x300.jpg\" alt=\"\" width=\"225\" height=\"300\" srcset=\"https:\/\/www.fcpe78.fr\/cl\/conflans\/files\/2016\/10\/IMG_0758-e1505331206253-225x300.jpg 225w, https:\/\/www.fcpe78.fr\/cl\/conflans\/files\/2016\/10\/IMG_0758-e1505331206253-768x1024.jpg 768w, https:\/\/www.fcpe78.fr\/cl\/conflans\/files\/2016\/10\/IMG_0758-e1505331206253-700x933.jpg 700w, https:\/\/www.fcpe78.fr\/cl\/conflans\/files\/2016\/10\/IMG_0758-e1505331206253-332x443.jpg 332w\" sizes=\"(max-width: 225px) 100vw, 225px\" \/>Une op\u00e9ration \u00e0 la fois pratique et solidaire !<\/strong><\/p>\n<p>Chaque ann\u00e9e, la FCPE Conflans Ecoles demande aux enseignants les listes de fournitures scolaires pour l&#8217;ann\u00e9e suivante et propose aux parents <strong>un achat group\u00e9 \u00e0 prix attractif<\/strong>.<\/p>\n<p>En plus de l&#8217;aspect utile pour les familles :<\/p>\n<ul>\n<li><strong>pas de course de rentr\u00e9e,<\/strong><\/li>\n<li><strong>l&#8217;assurance d&#8217;avoir le bon mat\u00e9riel \u00e0 moindre co\u00fbt,<\/strong><\/li>\n<li><strong>et un gain de temps non n\u00e9gligeable,<\/strong><\/li>\n<\/ul>\n<p>l&#8217;op\u00e9ration permet, pour 20 commandes achet\u00e9es, \u00a0de b\u00e9n\u00e9ficier d&#8217;<strong>un kit de fournitures scolaires gratuit qui est remis \u00e0 un enfant qui en a besoin<\/strong>.<\/p>\n<p>Pour profiter de cet achat group\u00e9, surveillez bien le cahier de liaison de votre enfant en fin d&#8217;ann\u00e9e, car il vous sera remis un bon de commande des fournitures scolaires \u00e0 remplir et remettre \u00e0 la FCPE.<\/p>\n<p>Nous commandons et vous livrons vos fournitures scolaires au mois de juin \u00e0 l&#8217;\u00e9cole. En g\u00e9n\u00e9ral, la distribution des kits est organis\u00e9e un samedi matin. Et vous pouvez partir en vacances tranquille, sans penser aux courses de rentr\u00e9e !<\/p>\n<p>En 2017, 678 kits ont \u00e9t\u00e9 command\u00e9s, permettant \u00e0 32 enfants d&#8217;avoir des kits gratuits sur la ville.<\/p>\n<p>Un grand merci aux \u00e9coles et aux parents qui contribuent chaque ann\u00e9e \u00e0 la r\u00e9ussite de cette op\u00e9ration, et surtout aux familles qui participent en commandant leurs fournitures scolaires \u00e0 une action solidaire.<\/p>\n<p>&nbsp;<\/p>\n","protected":false},"excerpt":{"rendered":"<p>Une op\u00e9ration \u00e0 la fois pratique et solidaire ! Chaque ann\u00e9e, la FCPE Conflans Ecoles demande aux enseignants les listes de fournitures scolaires pour l&#8217;ann\u00e9e suivante et propose aux parents un achat group\u00e9 \u00e0 prix attractif. En plus de l&#8217;aspect utile pour les familles : pas de course de rentr\u00e9e, &#8230;<\/p>\n","protected":false},"author":34,"featured_media":0,"parent":45,"menu_order":0,"comment_status":"closed","ping_status":"closed","template":"","meta":{"jetpack_post_was_ever_published":false},"jetpack_shortlink":"https:\/\/wp.me\/P91mhl-2T","_links":{"self":[{"href":"https:\/\/www.fcpe78.fr\/cl\/conflans\/wp-json\/wp\/v2\/pages\/179"}],"collection":[{"href":"https:\/\/www.fcpe78.fr\/cl\/conflans\/wp-json\/wp\/v2\/pages"}],"about":[{"href":"https:\/\/www.fcpe78.fr\/cl\/conflans\/wp-json\/wp\/v2\/types\/page"}],"author":[{"embeddable":true,"href":"https:\/\/www.fcpe78.fr\/cl\/conflans\/wp-json\/wp\/v2\/users\/34"}],"replies":[{"embeddable":true,"href":"https:\/\/www.fcpe78.fr\/cl\/conflans\/wp-json\/wp\/v2\/comments?post=179"}],"version-history":[{"count":6,"href":"https:\/\/www.fcpe78.fr\/cl\/conflans\/wp-json\/wp\/v2\/pages\/179\/revisions"}],"predecessor-version":[{"id":705,"href":"https:\/\/www.fcpe78.fr\/cl\/conflans\/wp-json\/wp\/v2\/pages\/179\/revisions\/705"}],"up":[{"embeddable":true,"href":"https:\/\/www.fcpe78.fr\/cl\/conflans\/wp-json\/wp\/v2\/pages\/45"}],"wp:attachment":[{"href":"https:\/\/www.fcpe78.fr\/cl\/conflans\/wp-json\/wp\/v2\/media?parent=179"}],"curies":[{"name":"wp","href":"https:\/\/api.w.org\/{rel}","templated":true}]}}