{"id":1750,"date":"2020-05-08T15:48:40","date_gmt":"2020-05-08T13:48:40","guid":{"rendered":"https:\/\/www.fcpe78.fr\/cl\/conflans\/?page_id=1750"},"modified":"2022-10-09T22:32:19","modified_gmt":"2022-10-09T20:32:19","slug":"college-le-bois-daulne","status":"publish","type":"page","link":"https:\/\/www.fcpe78.fr\/cl\/conflans\/colleges\/college-le-bois-daulne\/","title":{"rendered":"Coll\u00e8ge Le Bois d&#8217;Aulne"},"content":{"rendered":"<div class=\"wp-block-image\">\n<figure class=\"alignleft size-medium\"><img decoding=\"async\" loading=\"lazy\" width=\"300\" height=\"225\" src=\"https:\/\/www.fcpe78.fr\/cl\/conflans\/files\/2020\/05\/IMG_20191202_121236-300x225.jpg\" alt=\"\" class=\"wp-image-1751\" srcset=\"https:\/\/www.fcpe78.fr\/cl\/conflans\/files\/2020\/05\/IMG_20191202_121236-300x225.jpg 300w, https:\/\/www.fcpe78.fr\/cl\/conflans\/files\/2020\/05\/IMG_20191202_121236-1024x768.jpg 1024w, https:\/\/www.fcpe78.fr\/cl\/conflans\/files\/2020\/05\/IMG_20191202_121236-768x576.jpg 768w, https:\/\/www.fcpe78.fr\/cl\/conflans\/files\/2020\/05\/IMG_20191202_121236-1536x1152.jpg 1536w, https:\/\/www.fcpe78.fr\/cl\/conflans\/files\/2020\/05\/IMG_20191202_121236-2048x1536.jpg 2048w, https:\/\/www.fcpe78.fr\/cl\/conflans\/files\/2020\/05\/IMG_20191202_121236-700x525.jpg 700w, https:\/\/www.fcpe78.fr\/cl\/conflans\/files\/2020\/05\/IMG_20191202_121236-332x249.jpg 332w\" sizes=\"(max-width: 300px) 100vw, 300px\" \/><\/figure><\/div>\n\n<div><strong>Place Ren\u00e9 Picard<\/strong><\/div>\n<div><strong>78700 Conflans-Ste-Honorine<\/strong><\/div>\n<div>\u00a0<\/div>\n<div><strong><strong>Tel : <\/strong><\/strong><strong>01 39 79 51 81<\/strong><\/div>\n<div>Fax : 01 39 19 16 77<\/div>\n<div><strong>Courriel :<\/strong> <a href=\"mailto:ce.0780050F@ac-versailles.fr\">ce.0780050F@ac-versailles.fr<\/a><\/div>\n<div>\u00a0<\/div>\n<div>\n<div dir=\"auto\">Principale : Mme Viel Marianne<\/div>\n<div dir=\"auto\">Principale adjointe : Mme Kerignard Delphine<\/div>\n<\/div>\n<div>\u00a0<\/div>\n<div><strong>site web de l&#8217;\u00e9tablissement : <\/strong><a href=\"http:\/\/www.clg-boisdaulne.ac-versailles.fr\" target=\"_blank\" rel=\"noopener noreferrer\">http:\/\/www.clg-boisdaulne.ac-versailles.fr<\/a><\/div>\n<div>\n<div>\u00a0<\/div>\n<div>\n<div class=\"gs\">\n<div class=\"\">\n<div id=\":28j\" class=\"ii gt\">\u00a0<\/div>\n<\/div>\n<\/div>\n<\/div>\n<\/div>\n<ul>\n<li><strong>Les parents d&#8217;\u00e9l\u00e8ves \u00e9lus FCPE<\/strong><\/li>\n<\/ul>\n<p><strong>Elsa PETIT &#8211; Caroline CHARRONDIERE<br \/>Pour nous joindre :<\/strong>\u00a0<a href=\"mailto:fcpe.boisdaulne@gmail.com\">fcpe.boisdaulne@gmail.com<\/a> &#8211;\u00a0<\/p>\n<p>2022-20233 : 3 si\u00e8ges FCPE, 3 si\u00e8ges PEEP, 1 si\u00e8ge ALPEC<\/p>\n\n\n<p><\/p>\n","protected":false},"excerpt":{"rendered":"<p>Place Ren\u00e9 Picard 78700 Conflans-Ste-Honorine \u00a0 Tel : 01 39 79 51 81 Fax : 01 39 19 16 77 Courriel : ce.0780050F@ac-versailles.fr \u00a0 Principale : Mme Viel Marianne Principale adjointe : Mme Kerignard Delphine \u00a0 site web de l&#8217;\u00e9tablissement : http:\/\/www.clg-boisdaulne.ac-versailles.fr \u00a0 \u00a0 Les parents d&#8217;\u00e9l\u00e8ves \u00e9lus FCPE Elsa &#8230;<\/p>\n","protected":false},"author":34,"featured_media":0,"parent":1510,"menu_order":0,"comment_status":"closed","ping_status":"closed","template":"","meta":{"jetpack_post_was_ever_published":false},"jetpack_shortlink":"https:\/\/wp.me\/P91mhl-se","_links":{"self":[{"href":"https:\/\/www.fcpe78.fr\/cl\/conflans\/wp-json\/wp\/v2\/pages\/1750"}],"collection":[{"href":"https:\/\/www.fcpe78.fr\/cl\/conflans\/wp-json\/wp\/v2\/pages"}],"about":[{"href":"https:\/\/www.fcpe78.fr\/cl\/conflans\/wp-json\/wp\/v2\/types\/page"}],"author":[{"embeddable":true,"href":"https:\/\/www.fcpe78.fr\/cl\/conflans\/wp-json\/wp\/v2\/users\/34"}],"replies":[{"embeddable":true,"href":"https:\/\/www.fcpe78.fr\/cl\/conflans\/wp-json\/wp\/v2\/comments?post=1750"}],"version-history":[{"count":13,"href":"https:\/\/www.fcpe78.fr\/cl\/conflans\/wp-json\/wp\/v2\/pages\/1750\/revisions"}],"predecessor-version":[{"id":2250,"href":"https:\/\/www.fcpe78.fr\/cl\/conflans\/wp-json\/wp\/v2\/pages\/1750\/revisions\/2250"}],"up":[{"embeddable":true,"href":"https:\/\/www.fcpe78.fr\/cl\/conflans\/wp-json\/wp\/v2\/pages\/1510"}],"wp:attachment":[{"href":"https:\/\/www.fcpe78.fr\/cl\/conflans\/wp-json\/wp\/v2\/media?parent=1750"}],"curies":[{"name":"wp","href":"https:\/\/api.w.org\/{rel}","templated":true}]}}