{"id":1690,"date":"2020-01-31T19:56:56","date_gmt":"2020-01-31T18:56:56","guid":{"rendered":"https:\/\/www.fcpe78.fr\/cl\/conflans\/?page_id=1690"},"modified":"2024-10-17T15:57:34","modified_gmt":"2024-10-17T13:57:34","slug":"lycee-jules-ferry","status":"publish","type":"page","link":"https:\/\/www.fcpe78.fr\/cl\/conflans\/lycee-jules-ferry\/","title":{"rendered":"Lyc\u00e9e Jules Ferry"},"content":{"rendered":"\n<div class=\"wp-block-media-text alignwide\"><figure class=\"wp-block-media-text__media\"><img decoding=\"async\" loading=\"lazy\" width=\"524\" height=\"431\" src=\"https:\/\/www.fcpe78.fr\/cl\/conflans\/files\/2020\/01\/ferry.jpg\" alt=\"\" class=\"wp-image-1691 size-full\" srcset=\"https:\/\/www.fcpe78.fr\/cl\/conflans\/files\/2020\/01\/ferry.jpg 524w, https:\/\/www.fcpe78.fr\/cl\/conflans\/files\/2020\/01\/ferry-300x247.jpg 300w, https:\/\/www.fcpe78.fr\/cl\/conflans\/files\/2020\/01\/ferry-332x273.jpg 332w\" sizes=\"(max-width: 524px) 100vw, 524px\" \/><\/figure><div class=\"wp-block-media-text__content\">\n<p class=\"has-small-font-size\"> <strong>7, rue Bouyssel<br>78700 Conflans-Sainte-Honorine<\/strong><\/p>\n\n\n\n<p class=\"has-small-font-size\"> <strong>T\u00e9l: 01 34 90 03 70<\/strong>  <\/p>\n\n\n\n<p class=\"has-small-font-size\"> <strong>Site: <\/strong><a href=\"http:\/\/www.lyc-ferry-conflans.ac-versailles.fr\/\">S<\/a><a rel=\"noreferrer noopener\" aria-label=\"ite internet  (opens in a new tab)\" href=\"http:\/\/www.lyc-ferry-conflans.ac-versailles.fr\/\" target=\"_blank\">ite internet <\/a><\/p>\n\n\n\n<p>Proviseure : Madame Jean-Michel<\/p>\n\n\n\n<p>mail : <a href=\"mailto:ce.0781845g@ac-versailles.fr\" target=\"_blank\" rel=\"noreferrer noopener\">ce.0781845g@ac-versailles.fr<\/a><\/p>\n\n\n\n<p><\/p>\n<\/div><\/div>\n\n\n\n<p> A la rentr\u00e9e 2024, le lyc\u00e9e compte 1 416 \u00e9l\u00e8ves pour 44 classes : 15 classes de seconde, 10 classes de premi\u00e8re g\u00e9n\u00e9rale et 4 classes de premi\u00e8re technologique STMG, 8 classes de terminale g\u00e9n\u00e9rale, 4 classes de terminale technologique et 2 classes de Bts.<\/p>\n\n\n\n<p>Communication parents-\u00e9l\u00e8ves \/ lyc\u00e9e : <a href=\"https:\/\/monlycee.net\/\">Monlyc\u00e9e.net <\/a> et <a href=\"https:\/\/e972000a.index-education.net\/pronote\/\" target=\"_blank\" rel=\"noreferrer noopener\">Pronote<\/a><\/p>\n\n\n\n<p>Contact FCPE du lyc\u00e9e pour 2024\/2025 : Caroline Charrondiere &#8211;&nbsp;<a rel=\"noreferrer noopener\" href=\"mailto:fcpe.lycee.ferry@gmail.com\" target=\"_blank\">fcpe.lycee.ferry@gmail.com<\/a>, <\/p>\n\n\n\n<p>Contact FCPE Conflans : <a rel=\"noreferrer noopener\" href=\"mailto:conflans-sainte-honorine@fcpe.78.fr\" target=\"_blank\">conflans-sainte-honorine@fcpe.78.fr<\/a><\/p>\n\n\n\n<p>R\u00e9union de rentr\u00e9e entre f\u00e9d\u00e9rations et principale du lyc\u00e9e le 16 septembre 2024 18h-19h au lyc\u00e9e, tous les parents sont invit\u00e9s \u00e0 y participer s&#8217;ils le souhaitent.<\/p>\n\n\n\n<p><br><\/p>\n","protected":false},"excerpt":{"rendered":"<p>7, rue Bouyssel78700 Conflans-Sainte-Honorine T\u00e9l: 01 34 90 03 70 Site: Site internet Proviseure : Madame Jean-Michel mail : ce.0781845g@ac-versailles.fr A la rentr\u00e9e 2024, le lyc\u00e9e compte 1 416 \u00e9l\u00e8ves pour 44 classes : 15 classes de seconde, 10 classes de premi\u00e8re g\u00e9n\u00e9rale et 4 classes de premi\u00e8re technologique STMG, &#8230;<\/p>\n","protected":false},"author":34,"featured_media":0,"parent":0,"menu_order":0,"comment_status":"closed","ping_status":"closed","template":"","meta":{"jetpack_post_was_ever_published":false},"jetpack_shortlink":"https:\/\/wp.me\/P91mhl-rg","_links":{"self":[{"href":"https:\/\/www.fcpe78.fr\/cl\/conflans\/wp-json\/wp\/v2\/pages\/1690"}],"collection":[{"href":"https:\/\/www.fcpe78.fr\/cl\/conflans\/wp-json\/wp\/v2\/pages"}],"about":[{"href":"https:\/\/www.fcpe78.fr\/cl\/conflans\/wp-json\/wp\/v2\/types\/page"}],"author":[{"embeddable":true,"href":"https:\/\/www.fcpe78.fr\/cl\/conflans\/wp-json\/wp\/v2\/users\/34"}],"replies":[{"embeddable":true,"href":"https:\/\/www.fcpe78.fr\/cl\/conflans\/wp-json\/wp\/v2\/comments?post=1690"}],"version-history":[{"count":17,"href":"https:\/\/www.fcpe78.fr\/cl\/conflans\/wp-json\/wp\/v2\/pages\/1690\/revisions"}],"predecessor-version":[{"id":2354,"href":"https:\/\/www.fcpe78.fr\/cl\/conflans\/wp-json\/wp\/v2\/pages\/1690\/revisions\/2354"}],"wp:attachment":[{"href":"https:\/\/www.fcpe78.fr\/cl\/conflans\/wp-json\/wp\/v2\/media?parent=1690"}],"curies":[{"name":"wp","href":"https:\/\/api.w.org\/{rel}","templated":true}]}}