{"id":1688,"date":"2020-01-31T19:48:53","date_gmt":"2020-01-31T18:48:53","guid":{"rendered":"https:\/\/www.fcpe78.fr\/cl\/conflans\/?page_id=1688"},"modified":"2022-10-09T13:31:58","modified_gmt":"2022-10-09T11:31:58","slug":"les-lycees","status":"publish","type":"page","link":"https:\/\/www.fcpe78.fr\/cl\/conflans\/les-lycees\/","title":{"rendered":"Les lyc\u00e9es"},"content":{"rendered":"\n<p>La ville de Conflans compte deux lyc\u00e9es :  le <a href=\"https:\/\/www.fcpe78.fr\/cl\/conflans\/lycee-jules-ferry\/\">lyc\u00e9e polyvalent Jules-Ferry<\/a> et le lyc\u00e9e professionnel Simone-Weil. <\/p>\n","protected":false},"excerpt":{"rendered":"<p>La ville de Conflans compte deux lyc\u00e9es : le lyc\u00e9e polyvalent Jules-Ferry et le lyc\u00e9e professionnel Simone-Weil.<\/p>\n","protected":false},"author":34,"featured_media":0,"parent":0,"menu_order":0,"comment_status":"closed","ping_status":"closed","template":"","meta":{"jetpack_post_was_ever_published":false},"jetpack_shortlink":"https:\/\/wp.me\/P91mhl-re","_links":{"self":[{"href":"https:\/\/www.fcpe78.fr\/cl\/conflans\/wp-json\/wp\/v2\/pages\/1688"}],"collection":[{"href":"https:\/\/www.fcpe78.fr\/cl\/conflans\/wp-json\/wp\/v2\/pages"}],"about":[{"href":"https:\/\/www.fcpe78.fr\/cl\/conflans\/wp-json\/wp\/v2\/types\/page"}],"author":[{"embeddable":true,"href":"https:\/\/www.fcpe78.fr\/cl\/conflans\/wp-json\/wp\/v2\/users\/34"}],"replies":[{"embeddable":true,"href":"https:\/\/www.fcpe78.fr\/cl\/conflans\/wp-json\/wp\/v2\/comments?post=1688"}],"version-history":[{"count":2,"href":"https:\/\/www.fcpe78.fr\/cl\/conflans\/wp-json\/wp\/v2\/pages\/1688\/revisions"}],"predecessor-version":[{"id":2188,"href":"https:\/\/www.fcpe78.fr\/cl\/conflans\/wp-json\/wp\/v2\/pages\/1688\/revisions\/2188"}],"wp:attachment":[{"href":"https:\/\/www.fcpe78.fr\/cl\/conflans\/wp-json\/wp\/v2\/media?parent=1688"}],"curies":[{"name":"wp","href":"https:\/\/api.w.org\/{rel}","templated":true}]}}