{"id":1512,"date":"2019-10-19T18:53:57","date_gmt":"2019-10-19T16:53:57","guid":{"rendered":"https:\/\/www.fcpe78.fr\/cl\/conflans\/?page_id=1512"},"modified":"2022-10-10T21:32:44","modified_gmt":"2022-10-10T19:32:44","slug":"college-montaigne","status":"publish","type":"page","link":"https:\/\/www.fcpe78.fr\/cl\/conflans\/colleges\/college-montaigne\/","title":{"rendered":"Coll\u00e8ge Montaigne"},"content":{"rendered":"<ul class=\"wp-block-latest-posts__list wp-block-latest-posts\"><li><a class=\"wp-block-latest-posts__post-title\" href=\"https:\/\/www.fcpe78.fr\/cl\/conflans\/2024\/10\/lettre-ouverte-a\/\">Lettre ouverte \u00e0&#8230;<\/a><\/li>\n<li><a class=\"wp-block-latest-posts__post-title\" href=\"https:\/\/www.fcpe78.fr\/cl\/conflans\/2024\/10\/resultats-des-elections-du-11-octobre-2024\/\">R\u00e9sultats des \u00e9lections du 11 octobre 2024<\/a><\/li>\n<li><a class=\"wp-block-latest-posts__post-title\" href=\"https:\/\/www.fcpe78.fr\/cl\/conflans\/2022\/10\/resultats-des-elections-2022-2023\/\">R\u00e9sultats des \u00e9lections\u00a02022-2023<\/a><\/li>\n<li><a class=\"wp-block-latest-posts__post-title\" href=\"https:\/\/www.fcpe78.fr\/cl\/conflans\/2022\/10\/merci\/\">Merci<\/a><\/li>\n<li><a class=\"wp-block-latest-posts__post-title\" href=\"https:\/\/www.fcpe78.fr\/cl\/conflans\/2022\/09\/bonne-rentree-a-tous\/\">Bonne rentr\u00e9e \u00e0 tous !<\/a><\/li>\n<\/ul>\n\n<div><strong><img decoding=\"async\" loading=\"lazy\" class=\"alignleft wp-image-1514 size-medium\" src=\"https:\/\/www.fcpe78.fr\/cl\/conflans\/files\/2019\/10\/montaigne-300x200.jpg\" alt=\"\" width=\"300\" height=\"200\" srcset=\"https:\/\/www.fcpe78.fr\/cl\/conflans\/files\/2019\/10\/montaigne-300x200.jpg 300w, https:\/\/www.fcpe78.fr\/cl\/conflans\/files\/2019\/10\/montaigne-768x512.jpg 768w, https:\/\/www.fcpe78.fr\/cl\/conflans\/files\/2019\/10\/montaigne.jpg 1024w, https:\/\/www.fcpe78.fr\/cl\/conflans\/files\/2019\/10\/montaigne-700x467.jpg 700w, https:\/\/www.fcpe78.fr\/cl\/conflans\/files\/2019\/10\/montaigne-332x221.jpg 332w\" sizes=\"(max-width: 300px) 100vw, 300px\" \/>77 rue de Pierrefitte<\/strong><\/div>\n<div><strong>78700 Conflans-Ste-Honorine<\/strong><\/div>\n<div>\u00a0<\/div>\n<div><strong>Tel : <\/strong>01 39 19 70 68<\/div>\n<div>\u00a0<\/div>\n<div><strong>mail coll\u00e8ge<\/strong> : <a href=\"mailto:e780183a@ac-versailles.fr\">e780183a@ac-versailles.fr<\/a><\/div>\n<div>\u00a0<\/div>\n<div><strong>site web de l&#8217;\u00e9tablissement :<\/strong> <a href=\"http:\/\/www.clg-montaigne-conflans.ac-versailles.fr\/\" target=\"_blank\" rel=\"noopener noreferrer\">http:\/\/www.clg-montaigne-conflans.ac-versailles.fr<\/a><\/div>\n<div>\u00a0<\/div>\n<div><strong>Principale<\/strong> : Madame Levayer<\/div>\n<div>\u00a0<\/div>\n<div>A la rentr\u00e9e 2022, le coll\u00e8ge compte 845 \u00e9l\u00e8ves r\u00e9partis en 32 classes dont 4 SEGPA.<\/div>\n<ul>\n<li><strong>Les parents d&#8217;\u00e9l\u00e8ves \u00e9lus FCPE<\/strong><\/li>\n<\/ul>\n<p>Titulaires : St\u00e9phanie Masselin, St\u00e9phanie Turpin, Fran\u00e7ois Desbos, Virginie Jactel<\/p>\n<p>Suppl\u00e9ants : St\u00e9phanie Bignon, Emilie Soulier, Jessica Lafitte, S\u00e9verine Chalaux<\/p>\n<p>Contact :\u00a0<a href=\"mailto:montaigne.fcpe.78700@gmail.com\" target=\"_blank\" rel=\"noopener noreferrer\">montaigne.fcpe.78700@<span class=\"il\">gmail.com<\/span><\/a><\/p>\n<p><b>\u00a0<\/b><\/p>","protected":false},"excerpt":{"rendered":"<p>77 rue de Pierrefitte 78700 Conflans-Ste-Honorine \u00a0 Tel : 01 39 19 70 68 \u00a0 mail coll\u00e8ge : e780183a@ac-versailles.fr \u00a0 site web de l&#8217;\u00e9tablissement : http:\/\/www.clg-montaigne-conflans.ac-versailles.fr \u00a0 Principale : Madame Levayer \u00a0 A la rentr\u00e9e 2022, le coll\u00e8ge compte 845 \u00e9l\u00e8ves r\u00e9partis en 32 classes dont 4 SEGPA. Les parents &#8230;<\/p>\n","protected":false},"author":34,"featured_media":0,"parent":1510,"menu_order":0,"comment_status":"closed","ping_status":"closed","template":"","meta":{"jetpack_post_was_ever_published":false},"jetpack_shortlink":"https:\/\/wp.me\/P91mhl-oo","_links":{"self":[{"href":"https:\/\/www.fcpe78.fr\/cl\/conflans\/wp-json\/wp\/v2\/pages\/1512"}],"collection":[{"href":"https:\/\/www.fcpe78.fr\/cl\/conflans\/wp-json\/wp\/v2\/pages"}],"about":[{"href":"https:\/\/www.fcpe78.fr\/cl\/conflans\/wp-json\/wp\/v2\/types\/page"}],"author":[{"embeddable":true,"href":"https:\/\/www.fcpe78.fr\/cl\/conflans\/wp-json\/wp\/v2\/users\/34"}],"replies":[{"embeddable":true,"href":"https:\/\/www.fcpe78.fr\/cl\/conflans\/wp-json\/wp\/v2\/comments?post=1512"}],"version-history":[{"count":6,"href":"https:\/\/www.fcpe78.fr\/cl\/conflans\/wp-json\/wp\/v2\/pages\/1512\/revisions"}],"predecessor-version":[{"id":2253,"href":"https:\/\/www.fcpe78.fr\/cl\/conflans\/wp-json\/wp\/v2\/pages\/1512\/revisions\/2253"}],"up":[{"embeddable":true,"href":"https:\/\/www.fcpe78.fr\/cl\/conflans\/wp-json\/wp\/v2\/pages\/1510"}],"wp:attachment":[{"href":"https:\/\/www.fcpe78.fr\/cl\/conflans\/wp-json\/wp\/v2\/media?parent=1512"}],"curies":[{"name":"wp","href":"https:\/\/api.w.org\/{rel}","templated":true}]}}