{"id":1510,"date":"2019-10-19T18:43:45","date_gmt":"2019-10-19T16:43:45","guid":{"rendered":"https:\/\/www.fcpe78.fr\/cl\/conflans\/?page_id=1510"},"modified":"2022-10-09T13:30:43","modified_gmt":"2022-10-09T11:30:43","slug":"colleges","status":"publish","type":"page","link":"https:\/\/www.fcpe78.fr\/cl\/conflans\/colleges\/","title":{"rendered":"Les coll\u00e8ges"},"content":{"rendered":"<p>La ville de Conflans compte 3 coll\u00e8ges :<\/p>\n<ul>\n<li><a href=\"https:\/\/www.fcpe78.fr\/cl\/conflans\/college-montaigne\/\">Coll\u00e8ge Montaigne<\/a><\/li>\n<li><a href=\"https:\/\/www.fcpe78.fr\/cl\/conflans\/colleges\/college-le-bois-daulne\/\">Coll\u00e8ge du Bois d&#8217;Aulne<\/a><\/li>\n<li><a href=\"https:\/\/www.fcpe78.fr\/cl\/conflans\/colleges\/college-les-hautes-rayes\/\">Coll\u00e8ge des Hautes Rayes<\/a><\/li>\n<\/ul>\n","protected":false},"excerpt":{"rendered":"<p>La ville de Conflans compte 3 coll\u00e8ges : Coll\u00e8ge Montaigne Coll\u00e8ge du Bois d&#8217;Aulne Coll\u00e8ge des Hautes Rayes<\/p>\n","protected":false},"author":34,"featured_media":0,"parent":0,"menu_order":0,"comment_status":"closed","ping_status":"closed","template":"","meta":{"jetpack_post_was_ever_published":false},"jetpack_shortlink":"https:\/\/wp.me\/P91mhl-om","_links":{"self":[{"href":"https:\/\/www.fcpe78.fr\/cl\/conflans\/wp-json\/wp\/v2\/pages\/1510"}],"collection":[{"href":"https:\/\/www.fcpe78.fr\/cl\/conflans\/wp-json\/wp\/v2\/pages"}],"about":[{"href":"https:\/\/www.fcpe78.fr\/cl\/conflans\/wp-json\/wp\/v2\/types\/page"}],"author":[{"embeddable":true,"href":"https:\/\/www.fcpe78.fr\/cl\/conflans\/wp-json\/wp\/v2\/users\/34"}],"replies":[{"embeddable":true,"href":"https:\/\/www.fcpe78.fr\/cl\/conflans\/wp-json\/wp\/v2\/comments?post=1510"}],"version-history":[{"count":3,"href":"https:\/\/www.fcpe78.fr\/cl\/conflans\/wp-json\/wp\/v2\/pages\/1510\/revisions"}],"predecessor-version":[{"id":2187,"href":"https:\/\/www.fcpe78.fr\/cl\/conflans\/wp-json\/wp\/v2\/pages\/1510\/revisions\/2187"}],"wp:attachment":[{"href":"https:\/\/www.fcpe78.fr\/cl\/conflans\/wp-json\/wp\/v2\/media?parent=1510"}],"curies":[{"name":"wp","href":"https:\/\/api.w.org\/{rel}","templated":true}]}}