{"id":130,"date":"2016-10-15T17:34:53","date_gmt":"2016-10-15T15:34:53","guid":{"rendered":"http:\/\/localhost\/wordpress\/?page_id=130"},"modified":"2022-10-10T22:25:31","modified_gmt":"2022-10-10T20:25:31","slug":"ecole-elementaire-paul-bert","status":"publish","type":"page","link":"https:\/\/www.fcpe78.fr\/cl\/conflans\/les-ecoles-primaires\/ecole-elementaire-paul-bert\/","title":{"rendered":"Ecole \u00e9l\u00e9mentaire Paul Bert"},"content":{"rendered":"<ul class=\"wp-block-latest-posts__list wp-block-latest-posts\"><li><a class=\"wp-block-latest-posts__post-title\" href=\"https:\/\/www.fcpe78.fr\/cl\/conflans\/2024\/10\/resultats-des-elections-du-11-octobre-2024\/\">R\u00e9sultats des \u00e9lections du 11 octobre 2024<\/a><\/li>\n<li><a class=\"wp-block-latest-posts__post-title\" href=\"https:\/\/www.fcpe78.fr\/cl\/conflans\/2022\/10\/resultats-des-elections-2022-2023\/\">R\u00e9sultats des \u00e9lections\u00a02022-2023<\/a><\/li>\n<li><a class=\"wp-block-latest-posts__post-title\" href=\"https:\/\/www.fcpe78.fr\/cl\/conflans\/2022\/10\/merci\/\">Merci<\/a><\/li>\n<li><a class=\"wp-block-latest-posts__post-title\" href=\"https:\/\/www.fcpe78.fr\/cl\/conflans\/2022\/09\/bonne-rentree-a-tous\/\">Bonne rentr\u00e9e \u00e0 tous !<\/a><\/li>\n<li><a class=\"wp-block-latest-posts__post-title\" href=\"https:\/\/www.fcpe78.fr\/cl\/conflans\/2022\/09\/reunion-de-rentree-du-groupe-scolaire-confluent-gaston-rousset-paul-bert\/\">R\u00e9union de rentr\u00e9e du groupe scolaire Confluent \/ Gaston Rousset \/ Paul Bert<\/a><\/li>\n<\/ul>\n\n<div class=\"block-directory-global-address\">\n<div class=\"block-directory-global-address\"><strong><img decoding=\"async\" loading=\"lazy\" class=\"alignleft size-medium wp-image-581\" src=\"https:\/\/www.fcpe78.fr\/cl\/conflans\/files\/2016\/10\/paul-bert-300x192.jpg\" alt=\"\" width=\"300\" height=\"192\" srcset=\"https:\/\/www.fcpe78.fr\/cl\/conflans\/files\/2016\/10\/paul-bert-300x192.jpg 300w, https:\/\/www.fcpe78.fr\/cl\/conflans\/files\/2016\/10\/paul-bert-768x491.jpg 768w, https:\/\/www.fcpe78.fr\/cl\/conflans\/files\/2016\/10\/paul-bert-700x448.jpg 700w, https:\/\/www.fcpe78.fr\/cl\/conflans\/files\/2016\/10\/paul-bert-332x212.jpg 332w, https:\/\/www.fcpe78.fr\/cl\/conflans\/files\/2016\/10\/paul-bert.jpg 780w\" sizes=\"(max-width: 300px) 100vw, 300px\" \/>27, rue Paul-Bert<\/strong><br><strong> 78700 Conflans-Sainte-Honorine<\/strong><\/div>\n<p class=\"block-directory-global-phone\"><strong><label>T\u00e9l:&nbsp;<\/label>01 34 90 83 50<\/strong><\/p>\n<p><strong>Directeur :<\/strong> Mme Fons<\/p>\n<\/div>\n<p class=\"block-directory-global-address\"><strong>Site de l&#8217;\u00e9cole : <\/strong>L&#8217;\u00e9cole met \u00e0 jour r\u00e9guli\u00e8rement les informations et CR des conseils d&#8217;\u00e9cole sur son site<\/p>\n\n\n<\/p>\n<p><strong>Horaires d\u2019entr\u00e9e \u00e0 8h20 pour le groupe scolaire Paul Bert, 27 rue Paul Bert<\/strong><\/p>\n<p>\n\n\n\n<\/p>\n<p><strong>Vous pouvez contacter la Directrice les jeudi\/vendredi <\/strong>par t\u00e9l\u00e9phone<strong>.<\/strong><\/p>\n<p>\n\n\n\n<\/p>\n<p>Ci dessous le lien du site de l&#8217;\u00e9cole Paul Bert pour plus de d\u00e9tails.\u00a0<br \/><a href=\"https:\/\/ecolepaulbert78700.toutemonecole.fr\/\" target=\"_blank\" rel=\"noreferrer noopener\">https:\/\/ecolepaulbert78700.toutemonecole.fr\/<\/a><b><\/b><\/p>\n<p>\n\n\n<p><strong>Centre de loisirs :<\/strong>\u00a001 34 90 83 55<\/p>\n<p>L\u2019\u00e9cole Paul Bert compte 9 classes pour l\u2019ann\u00e9e scolaire 2022\/2023 :<\/p>\n<p>2 CP, 2 CE1, 2 CE2, 1 CM1, 1 CM1\/CM2 et 1 CM2 ainsi qu\u2019une classe UPE2A (Allophone)<\/p>\n<p><strong>Les parents d&#8217;\u00e9l\u00e8ves \u00e9lus FCPE :\u00a0<\/strong>Annabelle Vimont\u00a0<\/p>\n<p><img decoding=\"async\" loading=\"lazy\" class=\"alignnone  wp-image-2150\" src=\"https:\/\/www.fcpe78.fr\/cl\/conflans\/files\/2022\/09\/Trombinoscope-Paul-Bert-2022-2023-300x169.jpg\" alt=\"\" width=\"737\" height=\"415\" \/><\/p>\n<p>3 si\u00e8ges pour la FCPE, 5 si\u00e8ges pour l&#8217;ALPEC et 1 si\u00e8ge pour la PEEP<\/p>\n<p dir=\"ltr\"><strong>Contact<\/strong> : <strong><a href=\"mailto:Fcpe.pb78@gmail.com\" target=\"_blank\" rel=\"noreferrer noopener\">Fcpe.pb78@gmail.com<\/a>\u00a0 ou <\/strong><a href=\"mailto:conflans-sainte-honorine@fcpe78.fr\">conflans-sainte-honorine@fcpe78.fr<\/a><\/p>\n\n\n<p><strong>Les prochains conseils d&#8217;\u00e9cole<\/strong><\/p>\n\n\n\n<ul><li>19 octobre 2022 18h30<\/li><\/ul>\n\n\n\n<p>N&#8217;h\u00e9sitez pas \u00e0 nous envoyer vos questions \u00e0<strong> &nbsp;<a rel=\"noreferrer noopener\" href=\"mailto:Fcpe.pb78@gmail.com\" target=\"_blank\">Fcpe.pb78@gmail.com<\/a>&nbsp;<\/strong><\/p>\n\n\n\n<p><strong>Comptes-rendus des conseils d&#8217;\u00e9cole<\/strong><\/p>\n\n\n\n<div class=\"wp-block-file\"><a href=\"https:\/\/www.fcpe78.fr\/cl\/conflans\/files\/2022\/06\/CE-n\u00b03-2021-2022.pdf\">CE-n\u00b03-2021-2022<\/a><a href=\"https:\/\/www.fcpe78.fr\/cl\/conflans\/files\/2022\/06\/CE-n\u00b03-2021-2022.pdf\" class=\"wp-block-file__button\" download>T\u00e9l\u00e9charger<\/a><\/div>\n\n\n\n<div class=\"wp-block-file\"><a href=\"https:\/\/www.fcpe78.fr\/cl\/conflans\/files\/2022\/03\/CR_CE_no2_2021-2022.pdf\">CR_CE_no2_2021-2022<\/a><a href=\"https:\/\/www.fcpe78.fr\/cl\/conflans\/files\/2022\/03\/CR_CE_no2_2021-2022.pdf\" class=\"wp-block-file__button\" download>T\u00e9l\u00e9charger<\/a><\/div>\n\n\n\n<div class=\"wp-block-file\"><a href=\"https:\/\/www.fcpe78.fr\/cl\/conflans\/files\/2021\/11\/CR-CE-n\u00b01-2021-2022-paul-bert.pdf\">CR CE n\u00b01 2021-2022-paul-bert<\/a><a href=\"https:\/\/www.fcpe78.fr\/cl\/conflans\/files\/2021\/11\/CR-CE-n\u00b01-2021-2022-paul-bert.pdf\" class=\"wp-block-file__button\" download>T\u00e9l\u00e9charger<\/a><\/div>\n\n\n\n<p><strong>Contactez-nous :<\/strong> <div class=\"frm_forms  with_frm_style frm_style_style-formidable\" id=\"frm_form_3_container\" >\n<form enctype=\"multipart\/form-data\" method=\"post\" class=\"frm-show-form \" id=\"form_contact2\"  >\n<div class=\"frm_form_fields \">\n<fieldset>\n<legend class=\"frm_hidden\">Contactez-nous !<\/legend>\r\n\r\n<div class=\"frm_fields_container\">\n<input type=\"hidden\" name=\"frm_action\" value=\"create\" \/>\n<input type=\"hidden\" name=\"form_id\" value=\"3\" \/>\n<input type=\"hidden\" name=\"frm_hide_fields_3\" id=\"frm_hide_fields_3\" value=\"\" \/>\n<input type=\"hidden\" name=\"form_key\" value=\"contact2\" \/>\n<input type=\"hidden\" name=\"item_meta[0]\" value=\"\" \/>\n<input type=\"hidden\" id=\"frm_submit_entry_3\" name=\"frm_submit_entry_3\" value=\"5597814e30\" \/><input type=\"hidden\" name=\"_wp_http_referer\" value=\"\/cl\/conflans\/wp-json\/wp\/v2\/pages\/130\" \/><div id=\"frm_field_8_container\" class=\"frm_form_field form-field  frm_required_field frm_top_container frm_first frm_half\">\r\n    <label for=\"field_qh4icy2\" class=\"frm_primary_label\">Nom\r\n        <span class=\"frm_required\">*<\/span>\r\n    <\/label>\r\n    <input type=\"text\" id=\"field_qh4icy2\" name=\"item_meta[8]\" value=\"\"  data-reqmsg=\"Ce champ ne peut pas \u00eatre vide\" aria-required=\"true\" data-invmsg=\"Nom est non valide\" aria-invalid=\"false\"  \/>\r\n    \r\n    \r\n<\/div>\n<div id=\"frm_field_9_container\" class=\"frm_form_field form-field  frm_required_field frm_hidden_container frm_half\">\r\n    <label for=\"field_ocfup12\" class=\"frm_primary_label\">Pr\u00e9nom\r\n        <span class=\"frm_required\">*<\/span>\r\n    <\/label>\r\n    <input type=\"text\" id=\"field_ocfup12\" name=\"item_meta[9]\" value=\"\"  data-reqmsg=\"Ce champ ne peut pas \u00eatre vide\" aria-required=\"true\" data-invmsg=\"Pr\u00e9nom est non valide\" aria-invalid=\"false\"  \/>\r\n    \r\n    \r\n<\/div>\n<div id=\"frm_field_10_container\" class=\"frm_form_field form-field  frm_required_field frm_top_container frm_full\">\r\n    <label for=\"field_29yf4d2\" class=\"frm_primary_label\">Email\r\n        <span class=\"frm_required\">*<\/span>\r\n    <\/label>\r\n    <input type=\"email\" id=\"field_29yf4d2\" name=\"item_meta[10]\" value=\"\"  data-reqmsg=\"Ce champ ne peut pas \u00eatre vide\" aria-required=\"true\" data-invmsg=\"Please enter a valid email address\" aria-invalid=\"false\"  \/>\r\n    \r\n    \r\n<\/div>\n<div id=\"frm_field_12_container\" class=\"frm_form_field form-field  frm_required_field frm_top_container frm_full\">\r\n    <label for=\"field_e6lis62\" class=\"frm_primary_label\">Objet\r\n        <span class=\"frm_required\">*<\/span>\r\n    <\/label>\r\n    <input type=\"text\" id=\"field_e6lis62\" name=\"item_meta[12]\" value=\"\"  data-reqmsg=\"Ce champ ne peut pas \u00eatre vide\" aria-required=\"true\" data-invmsg=\"Objet est non valide\" aria-invalid=\"false\"  \/>\r\n    \r\n    \r\n<\/div>\n<div id=\"frm_field_25_container\" class=\"frm_form_field form-field  frm_top_container\">\r\n    <label for=\"field_epquw\" id=\"field_epquw_label\" class=\"frm_primary_label\">Ecole, coll\u00e8ge ou lyc\u00e9e concern\u00e9\r\n        <span class=\"frm_required\"><\/span>\r\n    <\/label>\r\n    <input type=\"text\" id=\"field_epquw\" name=\"item_meta[25]\" value=\"\"  data-invmsg=\"texte est non valide\" aria-invalid=\"false\"  \/>\r\n    \r\n    \r\n<\/div>\n<div id=\"frm_field_13_container\" class=\"frm_form_field form-field  frm_required_field frm_top_container frm_full\">\r\n    <label for=\"field_9jv0r12\" class=\"frm_primary_label\">Message\r\n        <span class=\"frm_required\">*<\/span>\r\n    <\/label>\r\n    <textarea name=\"item_meta[13]\" id=\"field_9jv0r12\" rows=\"5\"  data-reqmsg=\"Ce champ ne peut pas \u00eatre vide\" aria-required=\"true\" data-invmsg=\"Message est non valide\" aria-invalid=\"false\"  ><\/textarea>\r\n    \r\n    \r\n<\/div>\n<div id=\"frm_field_14_container\" class=\"frm_form_field form-field  frm_none_container\">\r\n    <label for=\"g-recaptcha-response\" class=\"frm_primary_label\">Captcha\r\n        <span class=\"frm_required\"><\/span>\r\n    <\/label>\r\n    \r\n    \r\n    \r\n<\/div>\n\t<input type=\"hidden\" name=\"item_key\" value=\"\" \/>\n\t<div class=\"frm_submit\">\r\n\r\n<button class=\"frm_button_submit\" type=\"submit\"  >Envoyer<\/button>\r\n\r\n<\/div><\/div>\n<\/fieldset>\n<\/div>\n<p style=\"display: none !important;\"><label>&#916;<textarea name=\"ak_hp_textarea\" cols=\"45\" rows=\"8\" maxlength=\"100\"><\/textarea><\/label><input type=\"hidden\" id=\"ak_js_1\" name=\"ak_js\" value=\"250\"\/><script>document.getElementById( \"ak_js_1\" ).setAttribute( \"value\", ( new Date() ).getTime() );<\/script><\/p><\/form>\n<\/div>\n<\/p>\n","protected":false},"excerpt":{"rendered":"<p>27, rue Paul-Bert 78700 Conflans-Sainte-Honorine T\u00e9l:&nbsp;01 34 90 83 50 Directeur : Mme Fons Site de l&#8217;\u00e9cole : L&#8217;\u00e9cole met \u00e0 jour r\u00e9guli\u00e8rement les informations et CR des conseils d&#8217;\u00e9cole sur son site Horaires d\u2019entr\u00e9e \u00e0 8h20 pour le groupe scolaire Paul Bert, 27 rue Paul Bert Vous pouvez contacter &#8230;<\/p>\n","protected":false},"author":34,"featured_media":0,"parent":35,"menu_order":0,"comment_status":"closed","ping_status":"closed","template":"","meta":{"jetpack_post_was_ever_published":false},"jetpack_shortlink":"https:\/\/wp.me\/P91mhl-26","_links":{"self":[{"href":"https:\/\/www.fcpe78.fr\/cl\/conflans\/wp-json\/wp\/v2\/pages\/130"}],"collection":[{"href":"https:\/\/www.fcpe78.fr\/cl\/conflans\/wp-json\/wp\/v2\/pages"}],"about":[{"href":"https:\/\/www.fcpe78.fr\/cl\/conflans\/wp-json\/wp\/v2\/types\/page"}],"author":[{"embeddable":true,"href":"https:\/\/www.fcpe78.fr\/cl\/conflans\/wp-json\/wp\/v2\/users\/34"}],"replies":[{"embeddable":true,"href":"https:\/\/www.fcpe78.fr\/cl\/conflans\/wp-json\/wp\/v2\/comments?post=130"}],"version-history":[{"count":41,"href":"https:\/\/www.fcpe78.fr\/cl\/conflans\/wp-json\/wp\/v2\/pages\/130\/revisions"}],"predecessor-version":[{"id":2272,"href":"https:\/\/www.fcpe78.fr\/cl\/conflans\/wp-json\/wp\/v2\/pages\/130\/revisions\/2272"}],"up":[{"embeddable":true,"href":"https:\/\/www.fcpe78.fr\/cl\/conflans\/wp-json\/wp\/v2\/pages\/35"}],"wp:attachment":[{"href":"https:\/\/www.fcpe78.fr\/cl\/conflans\/wp-json\/wp\/v2\/media?parent=130"}],"curies":[{"name":"wp","href":"https:\/\/api.w.org\/{rel}","templated":true}]}}