{"id":127,"date":"2016-10-15T17:34:31","date_gmt":"2016-10-15T15:34:31","guid":{"rendered":"http:\/\/localhost\/wordpress\/?page_id=127"},"modified":"2022-10-10T21:46:05","modified_gmt":"2022-10-10T19:46:05","slug":"ecole-elementaire-henri-dunant","status":"publish","type":"page","link":"https:\/\/www.fcpe78.fr\/cl\/conflans\/les-ecoles-primaires\/ecole-elementaire-henri-dunant\/","title":{"rendered":"Ecole \u00e9l\u00e9mentaire Henri Dunant"},"content":{"rendered":"<ul class=\"wp-block-latest-posts__list wp-block-latest-posts\"><li><a class=\"wp-block-latest-posts__post-title\" href=\"https:\/\/www.fcpe78.fr\/cl\/conflans\/2024\/10\/resultats-des-elections-du-11-octobre-2024\/\">R\u00e9sultats des \u00e9lections du 11 octobre 2024<\/a><\/li>\n<li><a class=\"wp-block-latest-posts__post-title\" href=\"https:\/\/www.fcpe78.fr\/cl\/conflans\/2022\/10\/resultats-des-elections-2022-2023\/\">R\u00e9sultats des \u00e9lections\u00a02022-2023<\/a><\/li>\n<li><a class=\"wp-block-latest-posts__post-title\" href=\"https:\/\/www.fcpe78.fr\/cl\/conflans\/2022\/10\/merci\/\">Merci<\/a><\/li>\n<li><a class=\"wp-block-latest-posts__post-title\" href=\"https:\/\/www.fcpe78.fr\/cl\/conflans\/2022\/09\/bonne-rentree-a-tous\/\">Bonne rentr\u00e9e \u00e0 tous !<\/a><\/li>\n<li><a class=\"wp-block-latest-posts__post-title\" href=\"https:\/\/www.fcpe78.fr\/cl\/conflans\/2022\/03\/cafe-des-parents-le-6-avril-2022\/\">Caf\u00e9 des parents le 6 avril 2022<\/a><\/li>\n<\/ul>\n\n<p><strong><img decoding=\"async\" loading=\"lazy\" class=\"alignleft size-medium wp-image-550\" src=\"https:\/\/www.fcpe78.fr\/cl\/conflans\/files\/2016\/10\/ecoledunant-300x202.jpg\" alt=\"\" width=\"300\" height=\"202\" srcset=\"https:\/\/www.fcpe78.fr\/cl\/conflans\/files\/2016\/10\/ecoledunant-300x202.jpg 300w, https:\/\/www.fcpe78.fr\/cl\/conflans\/files\/2016\/10\/ecoledunant-332x223.jpg 332w, https:\/\/www.fcpe78.fr\/cl\/conflans\/files\/2016\/10\/ecoledunant.jpg 400w\" sizes=\"(max-width: 300px) 100vw, 300px\" \/>5 rue Henri Dunant<\/strong><\/p>\n<div class=\"block-directory-global-address\">\n<p><strong>78700 Conflans-Sainte-Honorine<\/strong><\/p>\n<p><strong><label>T\u00e9l: 01 34 90 83 90\u00a0<\/label><\/strong><\/p>\n<p><strong><label>mail :\u00a0<a href=\"mailto:0783468w@ac-versailles.fr\" target=\"_blank\" rel=\"noopener noreferrer\">0783468w@ac-versailles.fr<\/a><\/label><\/strong><\/p>\n<p>pas de site Internet<\/p>\n<\/div>\n<p><strong>Directeur :<\/strong> M. Farineau<\/p>\n<p class=\"block-directory-global-phone\"><strong>Centre de loisirs :\u00a0<\/strong>01 34 90 83 95<\/p>\n<p>\u00a0A la rentr\u00e9e 2022, l&#8217;\u00e9cole Henri Dunant compte 343 \u00e9l\u00e8ves r\u00e9partis en 16 classes (3 par niveaux + 2 ULIS)<\/p>\n<ul>\n<li class=\"block-directory-global-phone\"><strong>Les parents d&#8217;\u00e9l\u00e8ves \u00e9lus FCPE<\/strong><\/li>\n<\/ul>\n<p><span id=\"m_-2741963317102380253yui_3_16_0_ym19_1_1505108399571_36226\">Titulaires : Maud Mahieux, Jean-Fran\u00e7ois Robin, Dens Paschetto, Virginie Duchesne, Val\u00e9rie Robin, Sabrina Hamdoune, Julien Bregeon, Davie Puerto, Christelle Essomba, Caroline Remacle<\/span><\/p>\n<p>Suppl\u00e9ants : Claire Sanchez, Alexandra Antunniano, Virginie Leroux<\/p>\n<p>10 si\u00e8ges FCPE et 6 si\u00e8ges PEEP au conseil d&#8217;\u00e9cole<\/p>\n<ul>\n<li><strong>Contactez-nous :<\/strong>\u00a0<\/li>\n<\/ul>\n<p><a href=\"mailto:conflans-sainte-honorine@fcpe78.fr\">conflans-sainte-honorine@fcpe78.fr<span style=\"font-size: inherit\">\u00a0<\/span><\/a><\/p>\n<ul>\n<li><strong>Voir les comptes-rendus des conseils d&#8217;\u00e9cole<\/strong><\/li>\n<\/ul>\n<p>N&#8217;h\u00e9sitez pas \u00e0 nous faire part de vos questions avant le conseil d&#8217;\u00e9cole.<\/p>","protected":false},"excerpt":{"rendered":"<p>5 rue Henri Dunant 78700 Conflans-Sainte-Honorine T\u00e9l: 01 34 90 83 90\u00a0 mail :\u00a00783468w@ac-versailles.fr pas de site Internet Directeur : M. Farineau Centre de loisirs :\u00a001 34 90 83 95 \u00a0A la rentr\u00e9e 2022, l&#8217;\u00e9cole Henri Dunant compte 343 \u00e9l\u00e8ves r\u00e9partis en 16 classes (3 par niveaux + 2 ULIS) &#8230;<\/p>\n","protected":false},"author":34,"featured_media":0,"parent":35,"menu_order":0,"comment_status":"closed","ping_status":"closed","template":"","meta":{"jetpack_post_was_ever_published":false},"jetpack_shortlink":"https:\/\/wp.me\/P91mhl-23","_links":{"self":[{"href":"https:\/\/www.fcpe78.fr\/cl\/conflans\/wp-json\/wp\/v2\/pages\/127"}],"collection":[{"href":"https:\/\/www.fcpe78.fr\/cl\/conflans\/wp-json\/wp\/v2\/pages"}],"about":[{"href":"https:\/\/www.fcpe78.fr\/cl\/conflans\/wp-json\/wp\/v2\/types\/page"}],"author":[{"embeddable":true,"href":"https:\/\/www.fcpe78.fr\/cl\/conflans\/wp-json\/wp\/v2\/users\/34"}],"replies":[{"embeddable":true,"href":"https:\/\/www.fcpe78.fr\/cl\/conflans\/wp-json\/wp\/v2\/comments?post=127"}],"version-history":[{"count":29,"href":"https:\/\/www.fcpe78.fr\/cl\/conflans\/wp-json\/wp\/v2\/pages\/127\/revisions"}],"predecessor-version":[{"id":2259,"href":"https:\/\/www.fcpe78.fr\/cl\/conflans\/wp-json\/wp\/v2\/pages\/127\/revisions\/2259"}],"up":[{"embeddable":true,"href":"https:\/\/www.fcpe78.fr\/cl\/conflans\/wp-json\/wp\/v2\/pages\/35"}],"wp:attachment":[{"href":"https:\/\/www.fcpe78.fr\/cl\/conflans\/wp-json\/wp\/v2\/media?parent=127"}],"curies":[{"name":"wp","href":"https:\/\/api.w.org\/{rel}","templated":true}]}}