{"id":120,"date":"2016-10-15T17:33:43","date_gmt":"2016-10-15T15:33:43","guid":{"rendered":"http:\/\/localhost\/wordpress\/?page_id=120"},"modified":"2022-10-09T21:46:41","modified_gmt":"2022-10-09T19:46:41","slug":"ecole-elementaire-cotes-reverses","status":"publish","type":"page","link":"https:\/\/www.fcpe78.fr\/cl\/conflans\/les-ecoles-primaires\/ecole-elementaire-cotes-reverses\/","title":{"rendered":"Ecole \u00e9l\u00e9mentaire C\u00f4tes-Reverses"},"content":{"rendered":"<div class=\"block-directory-global-address\">\n<p><strong><img decoding=\"async\" loading=\"lazy\" class=\"alignleft size-full wp-image-564\" src=\"https:\/\/www.fcpe78.fr\/cl\/conflans\/files\/2016\/10\/cbk-1.jpg\" alt=\"\" width=\"227\" height=\"160\" \/>39, rue Plateau-du-Moulin<\/strong><br \/><strong> 78700 Conflans-Sainte-Honorine<\/strong><\/p>\n<\/div>\n<p class=\"block-directory-global-phone\"><strong><label>T\u00e9l:\u00a0<\/label>01 34 90 84 10<\/strong><\/p>\n<p><a href=\"mailto:0780479x@ac-versailles.fr\" target=\"_blank\" rel=\"noopener noreferrer\">0780479x@ac-versailles.fr<\/a><\/p>\n<p><strong>Directeur :<\/strong> Madame LEGENDRE<\/p>\n<p><strong>Site de l&#8217;\u00e9cole :<\/strong> <a href=\"https:\/\/cotesreverses.ac-versailles.toutemonecole.fr\/\" target=\"_blank\" rel=\"noopener noreferrer\">https:\/\/cotesreverses.ac-versailles.toutemonecole.fr\/<\/a><\/p>\n<p>L&#8217;\u00e9cole des C\u00f4tes Reverses compte 18 classes &#8211; 430 \u00e9l\u00e8ves\u00a0<\/p>\n<p><strong>Centre de loisirs :<\/strong>\u00a001 34 90 84 15<\/p>\n<h2><em><strong>Les parents d&#8217;\u00e9l\u00e8ves \u00e9lus FCPE en 2022-2023 : <\/strong><\/em><\/h2>\n<p><strong>Violeta PAGE-SULA, Val\u00e9rie CODOGNO, Ga\u00eblle REMOND, Aur\u00e9lie LALLIER, Mathias BAUGHAN<\/strong><\/p>\n<p><a href=\"conflans-sainte-honorine@fcpe78.fr\">conflans-sainte-honorine@fcpe78.fr<\/a><\/p>\n<p>En 2022\/2023 : 5 si\u00e8ges pour la FCPE, 7 pour les IND\u00c9PENDANTS, et 5 pour la PEEP<\/p>\n<ul>\n<li><strong>Voir les comptes-rendus des conseils d&#8217;\u00e9cole<\/strong><\/li>\n<\/ul>\n\n\n<div class=\"wp-block-file\"><a href=\"https:\/\/www.fcpe78.fr\/cl\/conflans\/files\/2022\/03\/Compte-rendu_conseil-ecole2-_11.02.2022.pdf\">Compte-rendu_conseil-ecole2-_11.02.2022<\/a><a href=\"https:\/\/www.fcpe78.fr\/cl\/conflans\/files\/2022\/03\/Compte-rendu_conseil-ecole2-_11.02.2022.pdf\" class=\"wp-block-file__button\" download>T\u00e9l\u00e9charger<\/a><\/div>\n\n\n\n<p><\/p>\n","protected":false},"excerpt":{"rendered":"<p>39, rue Plateau-du-Moulin 78700 Conflans-Sainte-Honorine T\u00e9l:\u00a001 34 90 84 10 0780479x@ac-versailles.fr Directeur : Madame LEGENDRE Site de l&#8217;\u00e9cole : https:\/\/cotesreverses.ac-versailles.toutemonecole.fr\/ L&#8217;\u00e9cole des C\u00f4tes Reverses compte 18 classes &#8211; 430 \u00e9l\u00e8ves\u00a0 Centre de loisirs :\u00a001 34 90 84 15 Les parents d&#8217;\u00e9l\u00e8ves \u00e9lus FCPE en 2022-2023 : Violeta PAGE-SULA, Val\u00e9rie CODOGNO, &#8230;<\/p>\n","protected":false},"author":34,"featured_media":0,"parent":35,"menu_order":0,"comment_status":"closed","ping_status":"closed","template":"template-content-sidebar.php","meta":{"jetpack_post_was_ever_published":false},"jetpack_shortlink":"https:\/\/wp.me\/P91mhl-1W","_links":{"self":[{"href":"https:\/\/www.fcpe78.fr\/cl\/conflans\/wp-json\/wp\/v2\/pages\/120"}],"collection":[{"href":"https:\/\/www.fcpe78.fr\/cl\/conflans\/wp-json\/wp\/v2\/pages"}],"about":[{"href":"https:\/\/www.fcpe78.fr\/cl\/conflans\/wp-json\/wp\/v2\/types\/page"}],"author":[{"embeddable":true,"href":"https:\/\/www.fcpe78.fr\/cl\/conflans\/wp-json\/wp\/v2\/users\/34"}],"replies":[{"embeddable":true,"href":"https:\/\/www.fcpe78.fr\/cl\/conflans\/wp-json\/wp\/v2\/comments?post=120"}],"version-history":[{"count":30,"href":"https:\/\/www.fcpe78.fr\/cl\/conflans\/wp-json\/wp\/v2\/pages\/120\/revisions"}],"predecessor-version":[{"id":2230,"href":"https:\/\/www.fcpe78.fr\/cl\/conflans\/wp-json\/wp\/v2\/pages\/120\/revisions\/2230"}],"up":[{"embeddable":true,"href":"https:\/\/www.fcpe78.fr\/cl\/conflans\/wp-json\/wp\/v2\/pages\/35"}],"wp:attachment":[{"href":"https:\/\/www.fcpe78.fr\/cl\/conflans\/wp-json\/wp\/v2\/media?parent=120"}],"curies":[{"name":"wp","href":"https:\/\/api.w.org\/{rel}","templated":true}]}}