{"id":117,"date":"2016-10-15T17:33:03","date_gmt":"2016-10-15T15:33:03","guid":{"rendered":"http:\/\/localhost\/wordpress\/?page_id=117"},"modified":"2023-01-16T10:33:53","modified_gmt":"2023-01-16T09:33:53","slug":"ecole-elementaire-gaston-rousset","status":"publish","type":"page","link":"https:\/\/www.fcpe78.fr\/cl\/conflans\/les-ecoles-primaires\/ecole-elementaire-gaston-rousset\/","title":{"rendered":"Ecole \u00e9l\u00e9mentaire Gaston Rousset"},"content":{"rendered":"<ul class=\"wp-block-latest-posts__list has-dates wp-block-latest-posts\"><li><a class=\"wp-block-latest-posts__post-title\" href=\"https:\/\/www.fcpe78.fr\/cl\/conflans\/2024\/10\/resultats-des-elections-du-11-octobre-2024\/\">R\u00e9sultats des \u00e9lections du 11 octobre 2024<\/a><time datetime=\"2024-10-15T22:27:12+02:00\" class=\"wp-block-latest-posts__post-date\">15 octobre 2024<\/time><\/li>\n<li><a class=\"wp-block-latest-posts__post-title\" href=\"https:\/\/www.fcpe78.fr\/cl\/conflans\/2022\/10\/resultats-des-elections-2022-2023\/\">R\u00e9sultats des \u00e9lections\u00a02022-2023<\/a><time datetime=\"2022-10-22T14:56:30+02:00\" class=\"wp-block-latest-posts__post-date\">22 octobre 2022<\/time><\/li>\n<li><a class=\"wp-block-latest-posts__post-title\" href=\"https:\/\/www.fcpe78.fr\/cl\/conflans\/2022\/10\/merci\/\">Merci<\/a><time datetime=\"2022-10-09T12:12:15+02:00\" class=\"wp-block-latest-posts__post-date\">9 octobre 2022<\/time><\/li>\n<li><a class=\"wp-block-latest-posts__post-title\" href=\"https:\/\/www.fcpe78.fr\/cl\/conflans\/2022\/09\/bonne-rentree-a-tous\/\">Bonne rentr\u00e9e \u00e0 tous !<\/a><time datetime=\"2022-09-24T16:41:49+02:00\" class=\"wp-block-latest-posts__post-date\">24 septembre 2022<\/time><\/li>\n<li><a class=\"wp-block-latest-posts__post-title\" href=\"https:\/\/www.fcpe78.fr\/cl\/conflans\/2022\/09\/reunion-de-rentree-du-groupe-scolaire-confluent-gaston-rousset-paul-bert\/\">R\u00e9union de rentr\u00e9e du groupe scolaire Confluent \/ Gaston Rousset \/ Paul Bert<\/a><time datetime=\"2022-09-24T16:38:17+02:00\" class=\"wp-block-latest-posts__post-date\">24 septembre 2022<\/time><\/li>\n<\/ul>\n\n<p><strong><img decoding=\"async\" loading=\"lazy\" class=\"alignleft size-medium wp-image-573\" src=\"https:\/\/www.fcpe78.fr\/cl\/conflans\/files\/2016\/10\/gaston-rousset3-300x200.jpg\" alt=\"\" width=\"300\" height=\"200\" srcset=\"https:\/\/www.fcpe78.fr\/cl\/conflans\/files\/2016\/10\/gaston-rousset3-300x200.jpg 300w, https:\/\/www.fcpe78.fr\/cl\/conflans\/files\/2016\/10\/gaston-rousset3-332x221.jpg 332w, https:\/\/www.fcpe78.fr\/cl\/conflans\/files\/2016\/10\/gaston-rousset3.jpg 640w\" sizes=\"(max-width: 300px) 100vw, 300px\" \/>27, rue Paul-Bert<\/strong><\/p>\n<p><strong>78700 Conflans-Sainte-Honorine<\/strong><\/p>\n<p class=\"block-directory-global-phone\"><strong><label>T\u00e9l:&nbsp;<\/label>01 34 90 83 51&nbsp;<\/strong><\/p>\n<p class=\"block-directory-global-phone\"><a href=\"mailto:0780477v@ac-versaille.fr\" target=\"_blank\" rel=\"noopener noreferrer\">0780477v@ac-versaille.fr<\/a><\/p>\n<p><strong>Directeur :<\/strong> Monsieur Olivier Dolain (d\u00e9charg\u00e9 \u00e0 100%)<\/p>\n<p><strong>Site de l&#8217;\u00e9cole<\/strong> :&nbsp;<a href=\"https:\/\/www.ec-rousset-conflans.ac-versailles.fr\/\">https:\/\/www.ec-rousset-conflans.ac-versailles.fr\/ <\/a>(site non \u00e0 jour)<\/p>\n<p><strong>Centre de loisirs :<\/strong> 01 34 90 83 55&nbsp;&nbsp;<a href=\"mailto:CLPaulBert@mairie-conflans.fr\" target=\"_blank\" rel=\"noopener noreferrer\">CLPaulBert@mairie-conflans.fr<\/a>&nbsp;<\/p>\n<p>A la rentr\u00e9e 2022, l\u2019\u00e9cole Gaston Rousset compte 13 classes &#8211; 312 \u00e9l\u00e8ves :<br>2 CP, 1 CP\/CE1, 2 CE1, 2 CE2, 1CE2\/CM1, 1 CM1, 3 CM2 et 1 section ULIS.<\/p>\n<ul>\n<li class=\"block-directory-global-phone\"><strong>Les parents d&#8217;\u00e9l\u00e8ves \u00e9lus FCPE 2022-2023 : <\/strong><\/li>\n<\/ul>\n<p><strong>Ad\u00e8le BARRET, H\u00e9l\u00e8ne ADAM, Emilie THIERRY, Axelle LIENARD, Khalid EL AFGHANI, Seyhan YURT CELIK, Blandine ROUX, Jeanne FOURNIER, St\u00e9phanie BIGNON, Marion RENOULT, Ang\u00e9lique DELHOUM, Aur\u00e9lie LE GOHEBEL, Virginie LAGNIER L&#8217;HERMINIER, Chlo\u00e9 MANEN, D\u00e9borah DEZE, M\u00e9lody PARRON<\/strong><\/p>\n<p>9 si\u00e8ges titulaires sur 13 si\u00e8ges \u00e0 l&#8217;\u00e9cole<\/p>\n\n\n<ul>\n<li><strong>Contactez-nous :<\/strong> <a href=\"conflans-sainte-honorine@fcpe78.fr\">conflans-sainte-honorine@fcpe78.fr&nbsp;<\/a><\/li>\n<\/ul>\n\n\n\n<p><strong>Les dates des conseils d&#8217;\u00e9cole<\/strong> : 18 octobre 18h, 10 f\u00e9vrier 18h, 3 juillet 18h<\/p>\n\n\n\n<p>Merci de nous adresser par mail vos questions au plus tard 15 jours avant chaque conseil afin qu&#8217;elles soient int\u00e9gr\u00e9es \u00e0 l&#8217;ordre du jour. &nbsp;<\/p>\n\n\n\n<h2 class=\"wp-block-heading\">Les comptes-rendus des conseils d&#8217;\u00e9cole<\/h2>\n\n\n\n<div class=\"wp-block-file\"><object class=\"wp-block-file__embed\" data=\"https:\/\/www.fcpe78.fr\/cl\/conflans\/files\/2023\/01\/Compte-rendu-Conseil-decole-semestre-1-2022-2023-gaston-rousset.pdf\" type=\"application\/pdf\" style=\"width:100%;height:600px\" aria-label=\"Contenu embarqu\u00e9 Compte-rendu-Conseil-decole-semestre-1-2022-2023-gaston-rousset.\"><\/object><a id=\"wp-block-file--media-02d995fb-f69e-4ad1-940f-69393c332843\" href=\"https:\/\/www.fcpe78.fr\/cl\/conflans\/files\/2023\/01\/Compte-rendu-Conseil-decole-semestre-1-2022-2023-gaston-rousset.pdf\">Compte-rendu-Conseil-decole-semestre-1-2022-2023-gaston-rousset<\/a><a href=\"https:\/\/www.fcpe78.fr\/cl\/conflans\/files\/2023\/01\/Compte-rendu-Conseil-decole-semestre-1-2022-2023-gaston-rousset.pdf\" class=\"wp-block-file__button wp-element-button\" download aria-describedby=\"wp-block-file--media-02d995fb-f69e-4ad1-940f-69393c332843\">T\u00e9l\u00e9charger<\/a><\/div>\n\n\n<div class=\"wp-block-file\"><a href=\"https:\/\/www.fcpe78.fr\/cl\/conflans\/files\/2022\/08\/Compte-rendu-Conseil-de\u0301cole-16.06.22-gr.pdf\">Compte-rendu Conseil d&#8217;e\u0301cole 16.06.22-gr<\/a><a class=\"wp-block-file__button\" href=\"https:\/\/www.fcpe78.fr\/cl\/conflans\/files\/2022\/08\/Compte-rendu-Conseil-de\u0301cole-16.06.22-gr.pdf\">T\u00e9l\u00e9charger<\/a><\/div>\n\n<div class=\"wp-block-file\"><a href=\"https:\/\/www.fcpe78.fr\/cl\/conflans\/files\/2022\/03\/Compte-rendu-Conseil-de\u0301cole-15.02.22.pdf\">Compte-rendu Conseil d&#8217;e\u0301cole 15.02.22<\/a><a class=\"wp-block-file__button\" href=\"https:\/\/www.fcpe78.fr\/cl\/conflans\/files\/2022\/03\/Compte-rendu-Conseil-de\u0301cole-15.02.22.pdf\">T\u00e9l\u00e9charger<\/a><\/div>\n\n\n<div class=\"wp-block-file\"><a href=\"https:\/\/www.fcpe78.fr\/cl\/conflans\/files\/2022\/01\/CR-Conseil-decole-Gaston-Rousset-22-10-21.pdf\">CR Conseil d&#8217;\u00e9cole Gaston Rousset 22-10-21<\/a><a href=\"https:\/\/www.fcpe78.fr\/cl\/conflans\/files\/2022\/01\/CR-Conseil-decole-Gaston-Rousset-22-10-21.pdf\" class=\"wp-block-file__button\" download>T\u00e9l\u00e9charger<\/a><\/div>\n\n\n\n<div class=\"wp-block-file\"><a href=\"https:\/\/www.fcpe78.fr\/cl\/conflans\/files\/2021\/10\/Compte-rendu-Conseil-decole-15.06.21.pdf\" target=\"_blank\" rel=\"noreferrer noopener\">Compte-rendu-Conseil-decole-15.06.21<\/a><a href=\"https:\/\/www.fcpe78.fr\/cl\/conflans\/files\/2021\/10\/Compte-rendu-Conseil-decole-15.06.21.pdf\" class=\"wp-block-file__button\" download>T\u00e9l\u00e9charger<\/a><\/div>\n\n\n\n<div class=\"wp-block-file\"><a href=\"https:\/\/www.fcpe78.fr\/cl\/conflans\/files\/2021\/10\/CR-Conseil-decole-du-21.02.2021.pdf\" target=\"_blank\" rel=\"noreferrer noopener\">CR-Conseil-decole-du-21.02.2021<\/a><a href=\"https:\/\/www.fcpe78.fr\/cl\/conflans\/files\/2021\/10\/CR-Conseil-decole-du-21.02.2021.pdf\" class=\"wp-block-file__button\" download>T\u00e9l\u00e9charger<\/a><\/div>\n\n\n\n<div class=\"wp-block-group is-layout-flow\"><div class=\"wp-block-group__inner-container\">\n<div class=\"wp-block-file\"><a id=\"wp-block-file--media-3efe8652-0e38-47cf-b07a-a67162bc3f61\" href=\"https:\/\/www.fcpe78.fr\/cl\/conflans\/files\/2020\/06\/Annexe-CR-Conseil-Structure-p\u00e9dgogique-pr\u00e9visionnelle-2020-2021.pdf\" target=\"_blank\" rel=\"noreferrer noopener\">Annexe CR Conseil &#8211; Structure p\u00e9dgogique pr\u00e9visionnelle 2020 2021<\/a><a href=\"https:\/\/www.fcpe78.fr\/cl\/conflans\/files\/2020\/06\/Annexe-CR-Conseil-Structure-p\u00e9dgogique-pr\u00e9visionnelle-2020-2021.pdf\" class=\"wp-block-file__button wp-element-button\" download aria-describedby=\"wp-block-file--media-3efe8652-0e38-47cf-b07a-a67162bc3f61\">T\u00e9l\u00e9charger<\/a><\/div>\n<\/div><\/div>\n\n\n\n<p><\/p>\n","protected":false},"excerpt":{"rendered":"<p>27, rue Paul-Bert 78700 Conflans-Sainte-Honorine T\u00e9l:&nbsp;01 34 90 83 51&nbsp; 0780477v@ac-versaille.fr Directeur : Monsieur Olivier Dolain (d\u00e9charg\u00e9 \u00e0 100%) Site de l&#8217;\u00e9cole :&nbsp;https:\/\/www.ec-rousset-conflans.ac-versailles.fr\/ (site non \u00e0 jour) Centre de loisirs : 01 34 90 83 55&nbsp;&nbsp;CLPaulBert@mairie-conflans.fr&nbsp; A la rentr\u00e9e 2022, l\u2019\u00e9cole Gaston Rousset compte 13 classes &#8211; 312 \u00e9l\u00e8ves :2 &#8230;<\/p>\n","protected":false},"author":34,"featured_media":0,"parent":35,"menu_order":0,"comment_status":"closed","ping_status":"closed","template":"","meta":{"jetpack_post_was_ever_published":false},"jetpack_shortlink":"https:\/\/wp.me\/P91mhl-1T","_links":{"self":[{"href":"https:\/\/www.fcpe78.fr\/cl\/conflans\/wp-json\/wp\/v2\/pages\/117"}],"collection":[{"href":"https:\/\/www.fcpe78.fr\/cl\/conflans\/wp-json\/wp\/v2\/pages"}],"about":[{"href":"https:\/\/www.fcpe78.fr\/cl\/conflans\/wp-json\/wp\/v2\/types\/page"}],"author":[{"embeddable":true,"href":"https:\/\/www.fcpe78.fr\/cl\/conflans\/wp-json\/wp\/v2\/users\/34"}],"replies":[{"embeddable":true,"href":"https:\/\/www.fcpe78.fr\/cl\/conflans\/wp-json\/wp\/v2\/comments?post=117"}],"version-history":[{"count":70,"href":"https:\/\/www.fcpe78.fr\/cl\/conflans\/wp-json\/wp\/v2\/pages\/117\/revisions"}],"predecessor-version":[{"id":2286,"href":"https:\/\/www.fcpe78.fr\/cl\/conflans\/wp-json\/wp\/v2\/pages\/117\/revisions\/2286"}],"up":[{"embeddable":true,"href":"https:\/\/www.fcpe78.fr\/cl\/conflans\/wp-json\/wp\/v2\/pages\/35"}],"wp:attachment":[{"href":"https:\/\/www.fcpe78.fr\/cl\/conflans\/wp-json\/wp\/v2\/media?parent=117"}],"curies":[{"name":"wp","href":"https:\/\/api.w.org\/{rel}","templated":true}]}}