{"id":114,"date":"2016-10-15T17:32:37","date_gmt":"2016-10-15T15:32:37","guid":{"rendered":"http:\/\/localhost\/wordpress\/?page_id=114"},"modified":"2024-10-17T07:46:06","modified_gmt":"2024-10-17T05:46:06","slug":"ecole-elementaire-clos-den-haut","status":"publish","type":"page","link":"https:\/\/www.fcpe78.fr\/cl\/conflans\/les-ecoles-primaires\/ecole-elementaire-clos-den-haut\/","title":{"rendered":"Ecole \u00e9l\u00e9mentaire Clos d&#8217;en Haut"},"content":{"rendered":"<ul class=\"wp-block-latest-posts__list wp-block-latest-posts\"><li><a class=\"wp-block-latest-posts__post-title\" href=\"https:\/\/www.fcpe78.fr\/cl\/conflans\/2024\/10\/resultats-des-elections-du-11-octobre-2024\/\">R\u00e9sultats des \u00e9lections du 11 octobre 2024<\/a><\/li>\n<li><a class=\"wp-block-latest-posts__post-title\" href=\"https:\/\/www.fcpe78.fr\/cl\/conflans\/2022\/10\/resultats-des-elections-2022-2023\/\">R\u00e9sultats des \u00e9lections\u00a02022-2023<\/a><\/li>\n<li><a class=\"wp-block-latest-posts__post-title\" href=\"https:\/\/www.fcpe78.fr\/cl\/conflans\/2022\/10\/merci\/\">Merci<\/a><\/li>\n<li><a class=\"wp-block-latest-posts__post-title\" href=\"https:\/\/www.fcpe78.fr\/cl\/conflans\/2022\/09\/bonne-rentree-a-tous\/\">Bonne rentr\u00e9e \u00e0 tous !<\/a><\/li>\n<li><a class=\"wp-block-latest-posts__post-title\" href=\"https:\/\/www.fcpe78.fr\/cl\/conflans\/2022\/03\/cafe-des-parents-le-6-avril-2022\/\">Caf\u00e9 des parents le 6 avril 2022<\/a><\/li>\n<\/ul>\n\n<p style=\"text-align: left\"><strong><img decoding=\"async\" loading=\"lazy\" class=\"alignleft size-medium wp-image-539\" src=\"https:\/\/www.fcpe78.fr\/cl\/conflans\/files\/2016\/10\/21366595_1701294609909989_5620220265550197695_o-300x200.jpg\" alt=\"\" width=\"300\" height=\"200\" srcset=\"https:\/\/www.fcpe78.fr\/cl\/conflans\/files\/2016\/10\/21366595_1701294609909989_5620220265550197695_o-300x200.jpg 300w, https:\/\/www.fcpe78.fr\/cl\/conflans\/files\/2016\/10\/21366595_1701294609909989_5620220265550197695_o-768x512.jpg 768w, https:\/\/www.fcpe78.fr\/cl\/conflans\/files\/2016\/10\/21366595_1701294609909989_5620220265550197695_o-1024x682.jpg 1024w, https:\/\/www.fcpe78.fr\/cl\/conflans\/files\/2016\/10\/21366595_1701294609909989_5620220265550197695_o-700x467.jpg 700w, https:\/\/www.fcpe78.fr\/cl\/conflans\/files\/2016\/10\/21366595_1701294609909989_5620220265550197695_o-332x221.jpg 332w, https:\/\/www.fcpe78.fr\/cl\/conflans\/files\/2016\/10\/21366595_1701294609909989_5620220265550197695_o.jpg 1772w\" sizes=\"(max-width: 300px) 100vw, 300px\" \/>8 rue des Basses Roches<\/strong><\/p>\n<div class=\"block-directory-global-address\">\n<p><strong>78700 Conflans-Sainte-Honorine<\/strong><\/p>\n<p><strong><label>T\u00e9l:\u00a0<\/label>01 34 90 83 71 \/ <a href=\"mailto:0783535u@ac-versailles.fr\">0783535u@ac-versailles.fr\u00a0<\/a><\/strong><\/p>\n<p>L&#8217;\u00e9cole du Clos d&#8217;en Haut compte 19 classes du CP au CM2<\/p>\n<\/div>\n<p><strong>Directeur :<\/strong> Madame Carole Paris<\/p>\n<ul>\n<li class=\"block-directory-global-phone\"><strong>Site de l&#8217;\u00e9cole :<\/strong> <a href=\"https:\/\/fr.padlet.com\/Carole_Paris\/f061ujj9w3btg74z\" target=\"_blank\" rel=\"noopener\">https:\/\/fr.padlet.com\/Carole_Paris\/f061ujj9w3btg74z<\/a><\/li>\n<li><strong>Centre de loisirs :<\/strong>\u00a001 34 90 83 75<\/li>\n<li><strong>Parents \u00e9lus FCPE<\/strong> : Diane DUSSUD &#8211; 10 si\u00e8ges FCPE, 9 si\u00e8ges PEEP\u00a0 <strong style=\"font-size: revert;color: initial\">Contact :\u00a0<\/strong><a style=\"font-size: revert\" href=\"conflans-sainte-honorine@fcpe78.fr\">conflans-sainte-honorine@fcpe78.fr<span style=\"font-size: inherit\">\u00a0<\/span><\/a><\/li>\n<li><strong>carte scolaire 2024<\/strong>\u00a0 : <a href=\"https:\/\/www.conflans-sainte-honorine.fr\/wp-content\/uploads\/2024\/05\/Carte-scolaire-2024.pdf\">CARTE SCOLAIRE (conflans-sainte-honorine.fr)<\/a><\/li>\n<\/ul>\n\n\n<p><\/p>\n\n\n\n<p><strong>Voir les comptes-rendus des conseils d&#8217;\u00e9cole<\/strong><\/p>\n\n\n\n<div class=\"wp-block-file\"><a href=\"https:\/\/www.fcpe78.fr\/cl\/conflans\/files\/2022\/08\/CR-conseil-decole-2021.2022-n\u00b03-1-clos.pdf\">CR conseil d&#8217;\u00e9cole 2021.2022 n\u00b03-1-clos<\/a><a href=\"https:\/\/www.fcpe78.fr\/cl\/conflans\/files\/2022\/08\/CR-conseil-decole-2021.2022-n\u00b03-1-clos.pdf\" class=\"wp-block-file__button\" download>T\u00e9l\u00e9charger<\/a><\/div>\n\n\n\n<div class=\"wp-block-file\"><a href=\"https:\/\/www.fcpe78.fr\/cl\/conflans\/files\/2022\/03\/PV-conseil-decole-du-8-mars-2022.pdf\">PV conseil d&#8217;\u00e9cole du 8 mars 2022<\/a><a href=\"https:\/\/www.fcpe78.fr\/cl\/conflans\/files\/2022\/03\/PV-conseil-decole-du-8-mars-2022.pdf\" class=\"wp-block-file__button\" download>T\u00e9l\u00e9charger<\/a><\/div>\n\n\n\n<div class=\"wp-block-file\"><a href=\"https:\/\/www.fcpe78.fr\/cl\/conflans\/files\/2022\/03\/CR-conseil-de\u0301cole-2021.2022-n\u00b01-converti-1.pdf\">CR-conseil-de\u0301cole-2021.2022-n\u00b01-converti-1<\/a><a href=\"https:\/\/www.fcpe78.fr\/cl\/conflans\/files\/2022\/03\/CR-conseil-de\u0301cole-2021.2022-n\u00b01-converti-1.pdf\" class=\"wp-block-file__button\" download>T\u00e9l\u00e9charger<\/a><\/div>\n\n\n\n<div class=\"wp-block-file\"><a id=\"wp-block-file--media-a0c5aa20-d04a-4c14-a85e-ed2c225b5fc1\" href=\"https:\/\/www.fcpe78.fr\/cl\/conflans\/files\/2021\/07\/CR-conseil-decole-n\u00b03.pdf\">Compte-rendu Conseil d&#8217;\u00e9cole n\u00b03<\/a><a href=\"https:\/\/www.fcpe78.fr\/cl\/conflans\/files\/2021\/07\/CR-conseil-decole-n\u00b03.pdf\" class=\"wp-block-file__button wp-element-button\" download aria-describedby=\"wp-block-file--media-a0c5aa20-d04a-4c14-a85e-ed2c225b5fc1\">T\u00e9l\u00e9charger<\/a><\/div>\n\n\n\n<div class=\"wp-block-file\"><a id=\"wp-block-file--media-e1ac717a-47a7-405a-8d8b-59441226a815\" href=\"https:\/\/www.fcpe78.fr\/cl\/conflans\/files\/2021\/04\/CR-Conseil-decole-n\u00b02.pdf\">Compte-rendu Conseil d&#8217;\u00e9cole n\u00b02<\/a><a href=\"https:\/\/www.fcpe78.fr\/cl\/conflans\/files\/2021\/04\/CR-Conseil-decole-n\u00b02.pdf\" class=\"wp-block-file__button wp-element-button\" download aria-describedby=\"wp-block-file--media-e1ac717a-47a7-405a-8d8b-59441226a815\">T\u00e9l\u00e9charger<\/a><\/div>\n\n\n\n<div class=\"wp-block-file\"><a id=\"wp-block-file--media-6f2de618-9ea6-4e1f-a61b-6c44a9877ff2\" href=\"https:\/\/www.fcpe78.fr\/cl\/conflans\/files\/2021\/03\/CR-conseil-decole-n\u00b01-pdf-1.pdf\">Compte-rendu du conseil d&#8217;\u00e9cole du 13 novembre 2020<\/a><a href=\"https:\/\/www.fcpe78.fr\/cl\/conflans\/files\/2021\/03\/CR-conseil-decole-n\u00b01-pdf-1.pdf\" class=\"wp-block-file__button wp-element-button\" download aria-describedby=\"wp-block-file--media-6f2de618-9ea6-4e1f-a61b-6c44a9877ff2\">T\u00e9l\u00e9charger<\/a><\/div>\n\n\n\n<div class=\"wp-block-file\"><a id=\"wp-block-file--media-80026c32-91fc-4c77-9e51-0729a4c425d4\" href=\"https:\/\/www.fcpe78.fr\/cl\/conflans\/files\/2020\/07\/CE-n\u00b03-clos-19-juin.pdf\">Compte-rendu du conseil d&#8217;\u00e9cole du 19 juin 2020<\/a><a href=\"https:\/\/www.fcpe78.fr\/cl\/conflans\/files\/2020\/07\/CE-n\u00b03-clos-19-juin.pdf\" class=\"wp-block-file__button wp-element-button\" download aria-describedby=\"wp-block-file--media-80026c32-91fc-4c77-9e51-0729a4c425d4\">T\u00e9l\u00e9charger<\/a><\/div>\n\n\n\n<div class=\"wp-block-file\"><a id=\"wp-block-file--media-6a93e1fb-e1eb-473c-9722-72114787eee6\" href=\"https:\/\/www.fcpe78.fr\/cl\/conflans\/files\/2020\/07\/Tab3ConseilClosDenHaut-n\u00b03.pdf\">Annexe travaux mairie du 19 juin 2020<\/a><a href=\"https:\/\/www.fcpe78.fr\/cl\/conflans\/files\/2020\/07\/Tab3ConseilClosDenHaut-n\u00b03.pdf\" class=\"wp-block-file__button wp-element-button\" download aria-describedby=\"wp-block-file--media-6a93e1fb-e1eb-473c-9722-72114787eee6\">T\u00e9l\u00e9charger<\/a><\/div>\n\n\n\n<p>Pour toute question, n&#8217;h\u00e9sitez pas \u00e0 nous joindre via ce formulaire :<\/p>\n\n\n<div class=\"frm_forms  with_frm_style frm_style_style-formidable\" id=\"frm_form_3_container\" >\n<form enctype=\"multipart\/form-data\" method=\"post\" class=\"frm-show-form \" id=\"form_contact2\"  >\n<div class=\"frm_form_fields \">\n<fieldset>\n<legend class=\"frm_hidden\">Contactez-nous !<\/legend>\r\n\r\n<div class=\"frm_fields_container\">\n<input type=\"hidden\" name=\"frm_action\" value=\"create\" \/>\n<input type=\"hidden\" name=\"form_id\" value=\"3\" \/>\n<input type=\"hidden\" name=\"frm_hide_fields_3\" id=\"frm_hide_fields_3\" value=\"\" \/>\n<input type=\"hidden\" name=\"form_key\" value=\"contact2\" \/>\n<input type=\"hidden\" name=\"item_meta[0]\" value=\"\" \/>\n<input type=\"hidden\" id=\"frm_submit_entry_3\" name=\"frm_submit_entry_3\" value=\"59dc1ad723\" \/><input type=\"hidden\" name=\"_wp_http_referer\" value=\"\/cl\/conflans\/wp-json\/wp\/v2\/pages\/114\" \/><div id=\"frm_field_8_container\" class=\"frm_form_field form-field  frm_required_field frm_top_container frm_first frm_half\">\r\n    <label for=\"field_qh4icy2\" class=\"frm_primary_label\">Nom\r\n        <span class=\"frm_required\">*<\/span>\r\n    <\/label>\r\n    <input type=\"text\" id=\"field_qh4icy2\" name=\"item_meta[8]\" value=\"\"  data-reqmsg=\"Ce champ ne peut pas \u00eatre vide\" aria-required=\"true\" data-invmsg=\"Nom est non valide\" aria-invalid=\"false\"  \/>\r\n    \r\n    \r\n<\/div>\n<div id=\"frm_field_9_container\" class=\"frm_form_field form-field  frm_required_field frm_hidden_container frm_half\">\r\n    <label for=\"field_ocfup12\" class=\"frm_primary_label\">Pr\u00e9nom\r\n        <span class=\"frm_required\">*<\/span>\r\n    <\/label>\r\n    <input type=\"text\" id=\"field_ocfup12\" name=\"item_meta[9]\" value=\"\"  data-reqmsg=\"Ce champ ne peut pas \u00eatre vide\" aria-required=\"true\" data-invmsg=\"Pr\u00e9nom est non valide\" aria-invalid=\"false\"  \/>\r\n    \r\n    \r\n<\/div>\n<div id=\"frm_field_10_container\" class=\"frm_form_field form-field  frm_required_field frm_top_container frm_full\">\r\n    <label for=\"field_29yf4d2\" class=\"frm_primary_label\">Email\r\n        <span class=\"frm_required\">*<\/span>\r\n    <\/label>\r\n    <input type=\"email\" id=\"field_29yf4d2\" name=\"item_meta[10]\" value=\"\"  data-reqmsg=\"Ce champ ne peut pas \u00eatre vide\" aria-required=\"true\" data-invmsg=\"Please enter a valid email address\" aria-invalid=\"false\"  \/>\r\n    \r\n    \r\n<\/div>\n<div id=\"frm_field_12_container\" class=\"frm_form_field form-field  frm_required_field frm_top_container frm_full\">\r\n    <label for=\"field_e6lis62\" class=\"frm_primary_label\">Objet\r\n        <span class=\"frm_required\">*<\/span>\r\n    <\/label>\r\n    <input type=\"text\" id=\"field_e6lis62\" name=\"item_meta[12]\" value=\"\"  data-reqmsg=\"Ce champ ne peut pas \u00eatre vide\" aria-required=\"true\" data-invmsg=\"Objet est non valide\" aria-invalid=\"false\"  \/>\r\n    \r\n    \r\n<\/div>\n<div id=\"frm_field_25_container\" class=\"frm_form_field form-field  frm_top_container\">\r\n    <label for=\"field_epquw\" id=\"field_epquw_label\" class=\"frm_primary_label\">Ecole, coll\u00e8ge ou lyc\u00e9e concern\u00e9\r\n        <span class=\"frm_required\"><\/span>\r\n    <\/label>\r\n    <input type=\"text\" id=\"field_epquw\" name=\"item_meta[25]\" value=\"\"  data-invmsg=\"texte est non valide\" aria-invalid=\"false\"  \/>\r\n    \r\n    \r\n<\/div>\n<div id=\"frm_field_13_container\" class=\"frm_form_field form-field  frm_required_field frm_top_container frm_full\">\r\n    <label for=\"field_9jv0r12\" class=\"frm_primary_label\">Message\r\n        <span class=\"frm_required\">*<\/span>\r\n    <\/label>\r\n    <textarea name=\"item_meta[13]\" id=\"field_9jv0r12\" rows=\"5\"  data-reqmsg=\"Ce champ ne peut pas \u00eatre vide\" aria-required=\"true\" data-invmsg=\"Message est non valide\" aria-invalid=\"false\"  ><\/textarea>\r\n    \r\n    \r\n<\/div>\n<div id=\"frm_field_14_container\" class=\"frm_form_field form-field  frm_none_container\">\r\n    <label for=\"g-recaptcha-response\" class=\"frm_primary_label\">Captcha\r\n        <span class=\"frm_required\"><\/span>\r\n    <\/label>\r\n    \r\n    \r\n    \r\n<\/div>\n\t<input type=\"hidden\" name=\"item_key\" value=\"\" \/>\n\t<div class=\"frm_submit\">\r\n\r\n<button class=\"frm_button_submit\" type=\"submit\"  >Envoyer<\/button>\r\n\r\n<\/div><\/div>\n<\/fieldset>\n<\/div>\n<p style=\"display: none !important;\"><label>&#916;<textarea name=\"ak_hp_textarea\" cols=\"45\" rows=\"8\" maxlength=\"100\"><\/textarea><\/label><input type=\"hidden\" id=\"ak_js_1\" name=\"ak_js\" value=\"162\"\/><script>document.getElementById( \"ak_js_1\" ).setAttribute( \"value\", ( new Date() ).getTime() );<\/script><\/p><\/form>\n<\/div>\n","protected":false},"excerpt":{"rendered":"<p>8 rue des Basses Roches 78700 Conflans-Sainte-Honorine T\u00e9l:\u00a001 34 90 83 71 \/ 0783535u@ac-versailles.fr\u00a0 L&#8217;\u00e9cole du Clos d&#8217;en Haut compte 19 classes du CP au CM2 Directeur : Madame Carole Paris Site de l&#8217;\u00e9cole : https:\/\/fr.padlet.com\/Carole_Paris\/f061ujj9w3btg74z Centre de loisirs :\u00a001 34 90 83 75 Parents \u00e9lus FCPE : Diane DUSSUD &#8230;<\/p>\n","protected":false},"author":34,"featured_media":0,"parent":35,"menu_order":0,"comment_status":"closed","ping_status":"closed","template":"template-content-sidebar.php","meta":{"jetpack_post_was_ever_published":false},"jetpack_shortlink":"https:\/\/wp.me\/P91mhl-1Q","_links":{"self":[{"href":"https:\/\/www.fcpe78.fr\/cl\/conflans\/wp-json\/wp\/v2\/pages\/114"}],"collection":[{"href":"https:\/\/www.fcpe78.fr\/cl\/conflans\/wp-json\/wp\/v2\/pages"}],"about":[{"href":"https:\/\/www.fcpe78.fr\/cl\/conflans\/wp-json\/wp\/v2\/types\/page"}],"author":[{"embeddable":true,"href":"https:\/\/www.fcpe78.fr\/cl\/conflans\/wp-json\/wp\/v2\/users\/34"}],"replies":[{"embeddable":true,"href":"https:\/\/www.fcpe78.fr\/cl\/conflans\/wp-json\/wp\/v2\/comments?post=114"}],"version-history":[{"count":52,"href":"https:\/\/www.fcpe78.fr\/cl\/conflans\/wp-json\/wp\/v2\/pages\/114\/revisions"}],"predecessor-version":[{"id":2348,"href":"https:\/\/www.fcpe78.fr\/cl\/conflans\/wp-json\/wp\/v2\/pages\/114\/revisions\/2348"}],"up":[{"embeddable":true,"href":"https:\/\/www.fcpe78.fr\/cl\/conflans\/wp-json\/wp\/v2\/pages\/35"}],"wp:attachment":[{"href":"https:\/\/www.fcpe78.fr\/cl\/conflans\/wp-json\/wp\/v2\/media?parent=114"}],"curies":[{"name":"wp","href":"https:\/\/api.w.org\/{rel}","templated":true}]}}