{"id":89,"date":"2018-07-03T16:36:18","date_gmt":"2018-07-03T14:36:18","guid":{"rendered":"http:\/\/www.fcpe78.fr\/cl\/chatou\/?page_id=89"},"modified":"2018-07-03T16:36:18","modified_gmt":"2018-07-03T14:36:18","slug":"la-vie-du-conseil-local","status":"publish","type":"page","link":"https:\/\/www.fcpe78.fr\/cl\/chatou\/la-vie-du-conseil-local\/","title":{"rendered":"La Vie du Conseil Local"},"content":{"rendered":"<div id=\"CMS\">\n<h3>R\u00e9unions du Conseil Local<\/h3>\n<p>Notre conseil local se r\u00e9unit tous les 2 mois environ.<\/p>\n<p>Tous les adh\u00e9rents sont invit\u00e9s \u00e0 y participer.<\/p>\n<p>L&rsquo;agenda varie en fonction de la p\u00e9riode de l&rsquo;ann\u00e9e et des \u00e9v\u00e8nements.<\/p>\n<p>C&rsquo;est un lieu o\u00f9 chacun peut partager sur ce qui se passe dans son \u00e9cole, demander avis et conseils, pr\u00e9senter un projet.<\/p>\n<p>Notre accueil est toujours convivial! Chacun apporte selon ses envies quelques gourmandises, une boisson \u00e0 partager.<\/p>\n<p>Les dates de tous nos conseils locaux vous seront communiqu\u00e9es \u00e0 la rentr\u00e9e et mis dans l&rsquo;espace adh\u00e9rents.<\/p>\n<p>Ces conseils sont des r\u00e9unions conviviales o\u00f9 nous faisons le point sur les \u00e9v\u00e8nements de la vie scolaire et des parents d&rsquo;\u00e9l\u00e8ves&#8230;<\/p>\n<p>Lieu: Salle municipale, 11, rue des Champs-Roger (face au coll\u00e8ge Renoir), en demi sous-sol. Salle B ou C.<\/p>\n<p>De 20h00 \u00e0 22h30 environ<\/p>\n<p>On vous attend nombreux !<\/p>\n<p>Les compte-rendus de nos r\u00e9unions et assembl\u00e9e g\u00e9n\u00e9rales sont disponibles dans la page r\u00e9serv\u00e9e aux adh\u00e9rents.<\/p>\n<p><a title=\"Espace adh\u00e9rents\" href=\"http:\/\/www.fcpe-chatou.fr\/adherents.html\">Pour acc\u00e9der \u00e0 l&rsquo;espace Adh\u00e9rent, Cliquez ici !<\/a><\/p>\n<\/div>\n","protected":false},"excerpt":{"rendered":"<p>R\u00e9unions du Conseil Local Notre conseil local se r\u00e9unit tous les 2 mois environ. Tous les adh\u00e9rents sont invit\u00e9s \u00e0 y participer. L&rsquo;agenda varie en fonction de la p\u00e9riode de l&rsquo;ann\u00e9e et des \u00e9v\u00e8nements. C&rsquo;est un lieu o\u00f9 chacun peut partager sur ce qui se passe dans son \u00e9cole, demander &#8230;<\/p>\n","protected":false},"author":18,"featured_media":0,"parent":0,"menu_order":0,"comment_status":"closed","ping_status":"closed","template":"","meta":[],"_links":{"self":[{"href":"https:\/\/www.fcpe78.fr\/cl\/chatou\/wp-json\/wp\/v2\/pages\/89"}],"collection":[{"href":"https:\/\/www.fcpe78.fr\/cl\/chatou\/wp-json\/wp\/v2\/pages"}],"about":[{"href":"https:\/\/www.fcpe78.fr\/cl\/chatou\/wp-json\/wp\/v2\/types\/page"}],"author":[{"embeddable":true,"href":"https:\/\/www.fcpe78.fr\/cl\/chatou\/wp-json\/wp\/v2\/users\/18"}],"replies":[{"embeddable":true,"href":"https:\/\/www.fcpe78.fr\/cl\/chatou\/wp-json\/wp\/v2\/comments?post=89"}],"version-history":[{"count":1,"href":"https:\/\/www.fcpe78.fr\/cl\/chatou\/wp-json\/wp\/v2\/pages\/89\/revisions"}],"predecessor-version":[{"id":90,"href":"https:\/\/www.fcpe78.fr\/cl\/chatou\/wp-json\/wp\/v2\/pages\/89\/revisions\/90"}],"wp:attachment":[{"href":"https:\/\/www.fcpe78.fr\/cl\/chatou\/wp-json\/wp\/v2\/media?parent=89"}],"curies":[{"name":"wp","href":"https:\/\/api.w.org\/{rel}","templated":true}]}}