{"id":86,"date":"2018-07-03T16:32:30","date_gmt":"2018-07-03T14:32:30","guid":{"rendered":"http:\/\/www.fcpe78.fr\/cl\/chatou\/?page_id=86"},"modified":"2024-05-02T15:12:15","modified_gmt":"2024-05-02T13:12:15","slug":"lycee-alain","status":"publish","type":"page","link":"https:\/\/www.fcpe78.fr\/cl\/chatou\/lycee-alain\/","title":{"rendered":"Lyc\u00e9e Alain"},"content":{"rendered":"<p>25 Route des Cascades<br \/>\n78110 Le V\u00e9sinet<br \/>\n01 34 80 44 03<br \/>\n<a href=\"http:\/\/www.lyc-alain-vesinet.ac-versailles.fr\/\">Aller sur le site internet du lyc\u00e9e Alain<\/a><\/p>\n<div>Votre interlocuteur FCPE \u00e0 l\u2019\u00e9cole:<br \/>\nMadame Val\u00e9rie LALLEMANT-RACHID<br \/>\nEmail: <a href=\"mailto:fcpelyceealain78@gmail.com\" target=\"_blank\" rel=\"noopener noreferrer\">fcpelyceealain78@gmail.com<\/a><\/p>\n<div class=\"nettoyeur\"><\/div>\n<\/div>\n<div class=\"nettoyeur\"><\/div>\n<div>\n<div class=\"nettoyeur\"><\/div>\n<\/div>\n<div>\n<div class=\"nettoyeur\"><\/div>\n<\/div>\n<p><a href=\"http:\/\/www.fcpe-chatou.fr\/pourquoi-adherer.html\">N\u2019h\u00e9sitez pas \u00e0 nous contacter ou m\u00eame \u00e0 nous rejoindre.<\/a><\/p>\n","protected":false},"excerpt":{"rendered":"<p>25 Route des Cascades 78110 Le V\u00e9sinet 01 34 80 44 03 Aller sur le site internet du lyc\u00e9e Alain Votre interlocuteur FCPE \u00e0 l\u2019\u00e9cole: Madame Val\u00e9rie LALLEMANT-RACHID Email: fcpelyceealain78@gmail.com N\u2019h\u00e9sitez pas \u00e0 nous contacter ou m\u00eame \u00e0 nous rejoindre.<\/p>\n","protected":false},"author":18,"featured_media":0,"parent":0,"menu_order":0,"comment_status":"closed","ping_status":"closed","template":"","meta":[],"_links":{"self":[{"href":"https:\/\/www.fcpe78.fr\/cl\/chatou\/wp-json\/wp\/v2\/pages\/86"}],"collection":[{"href":"https:\/\/www.fcpe78.fr\/cl\/chatou\/wp-json\/wp\/v2\/pages"}],"about":[{"href":"https:\/\/www.fcpe78.fr\/cl\/chatou\/wp-json\/wp\/v2\/types\/page"}],"author":[{"embeddable":true,"href":"https:\/\/www.fcpe78.fr\/cl\/chatou\/wp-json\/wp\/v2\/users\/18"}],"replies":[{"embeddable":true,"href":"https:\/\/www.fcpe78.fr\/cl\/chatou\/wp-json\/wp\/v2\/comments?post=86"}],"version-history":[{"count":3,"href":"https:\/\/www.fcpe78.fr\/cl\/chatou\/wp-json\/wp\/v2\/pages\/86\/revisions"}],"predecessor-version":[{"id":679,"href":"https:\/\/www.fcpe78.fr\/cl\/chatou\/wp-json\/wp\/v2\/pages\/86\/revisions\/679"}],"wp:attachment":[{"href":"https:\/\/www.fcpe78.fr\/cl\/chatou\/wp-json\/wp\/v2\/media?parent=86"}],"curies":[{"name":"wp","href":"https:\/\/api.w.org\/{rel}","templated":true}]}}