{"id":82,"date":"2018-07-03T16:30:54","date_gmt":"2018-07-03T14:30:54","guid":{"rendered":"http:\/\/www.fcpe78.fr\/cl\/chatou\/?page_id=82"},"modified":"2024-10-04T16:31:30","modified_gmt":"2024-10-04T14:31:30","slug":"college-auguste-renoir","status":"publish","type":"page","link":"https:\/\/www.fcpe78.fr\/cl\/chatou\/college-auguste-renoir\/","title":{"rendered":"Coll\u00e8ge Auguste Renoir"},"content":{"rendered":"<div>\n<p><img decoding=\"async\" loading=\"lazy\" class=\"alignnone size-medium wp-image-273\" src=\"http:\/\/www.fcpe78.fr\/cl\/chatou\/files\/2018\/12\/auguste-renoir-300x138.jpg\" alt=\"\" width=\"300\" height=\"138\" srcset=\"https:\/\/www.fcpe78.fr\/cl\/chatou\/files\/2018\/12\/auguste-renoir-300x138.jpg 300w, https:\/\/www.fcpe78.fr\/cl\/chatou\/files\/2018\/12\/auguste-renoir-768x353.jpg 768w, https:\/\/www.fcpe78.fr\/cl\/chatou\/files\/2018\/12\/auguste-renoir-700x321.jpg 700w, https:\/\/www.fcpe78.fr\/cl\/chatou\/files\/2018\/12\/auguste-renoir-332x152.jpg 332w, https:\/\/www.fcpe78.fr\/cl\/chatou\/files\/2018\/12\/auguste-renoir.jpg 854w\" sizes=\"(max-width: 300px) 100vw, 300px\" \/>\u00a0 <img decoding=\"async\" loading=\"lazy\" class=\"alignnone  wp-image-274\" src=\"http:\/\/www.fcpe78.fr\/cl\/chatou\/files\/2018\/12\/auguste-renoir2-300x149.jpg\" alt=\"\" width=\"276\" height=\"137\" srcset=\"https:\/\/www.fcpe78.fr\/cl\/chatou\/files\/2018\/12\/auguste-renoir2-300x149.jpg 300w, https:\/\/www.fcpe78.fr\/cl\/chatou\/files\/2018\/12\/auguste-renoir2-768x380.jpg 768w, https:\/\/www.fcpe78.fr\/cl\/chatou\/files\/2018\/12\/auguste-renoir2-1024x507.jpg 1024w, https:\/\/www.fcpe78.fr\/cl\/chatou\/files\/2018\/12\/auguste-renoir2-700x347.jpg 700w, https:\/\/www.fcpe78.fr\/cl\/chatou\/files\/2018\/12\/auguste-renoir2-332x164.jpg 332w, https:\/\/www.fcpe78.fr\/cl\/chatou\/files\/2018\/12\/auguste-renoir2.jpg 1600w\" sizes=\"(max-width: 276px) 100vw, 276px\" \/><\/p>\n<p>71 rue Auguste Renoir 78400 Chatou<br \/>\n01 30 71 50 67<\/p>\n<p><strong>Principale<\/strong> : Madame YALAZ<\/p>\n<div><strong>Votre interlocuteur FCPE au coll\u00e8ge :\u00a0<\/strong>Sabine WAIRY<\/div>\n<div>Email : <a href=\"mailto:fcpe.augusterenoir.chatou@gmail.com\">fcpe.augusterenoir.chatou@gmail.com\u00a0<\/a><\/div>\n<div><\/div>\n<div><img decoding=\"async\" loading=\"lazy\" class=\"wp-image-691 alignleft\" src=\"http:\/\/www.fcpe78.fr\/cl\/chatou\/files\/2024\/10\/Profession-de-foi-Auguste-Renoir-FCPE-2024-721x1024.png\" alt=\"\" width=\"386\" height=\"549\" srcset=\"https:\/\/www.fcpe78.fr\/cl\/chatou\/files\/2024\/10\/Profession-de-foi-Auguste-Renoir-FCPE-2024-721x1024.png 721w, https:\/\/www.fcpe78.fr\/cl\/chatou\/files\/2024\/10\/Profession-de-foi-Auguste-Renoir-FCPE-2024-211x300.png 211w, https:\/\/www.fcpe78.fr\/cl\/chatou\/files\/2024\/10\/Profession-de-foi-Auguste-Renoir-FCPE-2024-768x1090.png 768w, https:\/\/www.fcpe78.fr\/cl\/chatou\/files\/2024\/10\/Profession-de-foi-Auguste-Renoir-FCPE-2024-1082x1536.png 1082w, https:\/\/www.fcpe78.fr\/cl\/chatou\/files\/2024\/10\/Profession-de-foi-Auguste-Renoir-FCPE-2024-700x994.png 700w, https:\/\/www.fcpe78.fr\/cl\/chatou\/files\/2024\/10\/Profession-de-foi-Auguste-Renoir-FCPE-2024-332x471.png 332w, https:\/\/www.fcpe78.fr\/cl\/chatou\/files\/2024\/10\/Profession-de-foi-Auguste-Renoir-FCPE-2024.png 1409w\" sizes=\"(max-width: 386px) 100vw, 386px\" \/><\/div>\n<\/div>\n<div class=\"nettoyeur\">\n<hr \/>\n<\/div>\n<p><strong>Effectifs de l\u2019\u00e9cole 2024-2025<\/strong>\u00a0: 591 \u00e9l\u00e8ves r\u00e9partis sur 24 classes, dont 1 classe de SEGPA par niveau<\/p>\n<p><strong>Les repr\u00e9sentants de parents d\u2019\u00e9l\u00e8ves au coll\u00e8ge Auguste Renoir c\u2019est\u00a0:<\/strong><\/p>\n<ul>\n<li>Assister aux diff\u00e9rents CA, aux conseils de disciplines et aux diff\u00e9rents comit\u00e9s<\/li>\n<li>R\u00e9unions r\u00e9guli\u00e8res avec la principale<\/li>\n<li>Aides diverses dans la vie du coll\u00e8ge quand besoin (\u00e9lections cvc, d\u00e9l\u00e9gu\u00e9s des \u00e9l\u00e8ves\u2026)<\/li>\n<li>\u00catre \u00e0 l\u2019\u00e9coute des parents pour am\u00e9liorer la vie au coll\u00e8ge<\/li>\n<li>Repr\u00e9senter les familles aupr\u00e8s de l\u2019\u00e9quipe enseignante, de la mairie<\/li>\n<li>\u00catre vigilant \u00e0 la s\u00e9curit\u00e9 et la qualit\u00e9 du cadre de vie des \u00e9l\u00e8ves<\/li>\n<\/ul>\n<div>\n<div class=\"nettoyeur\"><\/div>\n<\/div>\n<p><a href=\"http:\/\/www.fcpe78.fr\/cl\/chatou\/pourquoi-adherer\/\">N\u2019h\u00e9sitez pas \u00e0 nous contacter ou m\u00eame \u00e0 nous rejoindre.<\/a><\/p>\n","protected":false},"excerpt":{"rendered":"<p>\u00a0 71 rue Auguste Renoir 78400 Chatou 01 30 71 50 67 Principale : Madame YALAZ Votre interlocuteur FCPE au coll\u00e8ge :\u00a0Sabine WAIRY Email : fcpe.augusterenoir.chatou@gmail.com\u00a0 Effectifs de l\u2019\u00e9cole 2024-2025\u00a0: 591 \u00e9l\u00e8ves r\u00e9partis sur 24 classes, dont 1 classe de SEGPA par niveau Les repr\u00e9sentants de parents d\u2019\u00e9l\u00e8ves au coll\u00e8ge &#8230;<\/p>\n","protected":false},"author":18,"featured_media":0,"parent":0,"menu_order":0,"comment_status":"closed","ping_status":"closed","template":"","meta":[],"_links":{"self":[{"href":"https:\/\/www.fcpe78.fr\/cl\/chatou\/wp-json\/wp\/v2\/pages\/82"}],"collection":[{"href":"https:\/\/www.fcpe78.fr\/cl\/chatou\/wp-json\/wp\/v2\/pages"}],"about":[{"href":"https:\/\/www.fcpe78.fr\/cl\/chatou\/wp-json\/wp\/v2\/types\/page"}],"author":[{"embeddable":true,"href":"https:\/\/www.fcpe78.fr\/cl\/chatou\/wp-json\/wp\/v2\/users\/18"}],"replies":[{"embeddable":true,"href":"https:\/\/www.fcpe78.fr\/cl\/chatou\/wp-json\/wp\/v2\/comments?post=82"}],"version-history":[{"count":18,"href":"https:\/\/www.fcpe78.fr\/cl\/chatou\/wp-json\/wp\/v2\/pages\/82\/revisions"}],"predecessor-version":[{"id":697,"href":"https:\/\/www.fcpe78.fr\/cl\/chatou\/wp-json\/wp\/v2\/pages\/82\/revisions\/697"}],"wp:attachment":[{"href":"https:\/\/www.fcpe78.fr\/cl\/chatou\/wp-json\/wp\/v2\/media?parent=82"}],"curies":[{"name":"wp","href":"https:\/\/api.w.org\/{rel}","templated":true}]}}