{"id":72,"date":"2018-07-03T16:27:12","date_gmt":"2018-07-03T14:27:12","guid":{"rendered":"http:\/\/www.fcpe78.fr\/cl\/chatou\/?page_id=72"},"modified":"2024-10-04T17:33:23","modified_gmt":"2024-10-04T15:33:23","slug":"elementaire-les-champs-moutons","status":"publish","type":"page","link":"https:\/\/www.fcpe78.fr\/cl\/chatou\/elementaire-les-champs-moutons\/","title":{"rendered":"\u00c9l\u00e9mentaire Les Champs-Moutons"},"content":{"rendered":"<div>\n<p><img decoding=\"async\" loading=\"lazy\" class=\"alignnone  wp-image-339\" src=\"http:\/\/www.fcpe78.fr\/cl\/chatou\/files\/2019\/01\/champs-mouton_mater2.jpg\" alt=\"\" width=\"404\" height=\"155\" srcset=\"https:\/\/www.fcpe78.fr\/cl\/chatou\/files\/2019\/01\/champs-mouton_mater2.jpg 1536w, https:\/\/www.fcpe78.fr\/cl\/chatou\/files\/2019\/01\/champs-mouton_mater2-300x115.jpg 300w, https:\/\/www.fcpe78.fr\/cl\/chatou\/files\/2019\/01\/champs-mouton_mater2-768x294.jpg 768w, https:\/\/www.fcpe78.fr\/cl\/chatou\/files\/2019\/01\/champs-mouton_mater2-1024x392.jpg 1024w, https:\/\/www.fcpe78.fr\/cl\/chatou\/files\/2019\/01\/champs-mouton_mater2-700x268.jpg 700w, https:\/\/www.fcpe78.fr\/cl\/chatou\/files\/2019\/01\/champs-mouton_mater2-332x127.jpg 332w\" sizes=\"(max-width: 404px) 100vw, 404px\" \/> <img decoding=\"async\" loading=\"lazy\" class=\"alignnone  wp-image-338\" src=\"http:\/\/www.fcpe78.fr\/cl\/chatou\/files\/2019\/01\/champs-mouton_mater.jpg\" alt=\"\" width=\"207\" height=\"155\" srcset=\"https:\/\/www.fcpe78.fr\/cl\/chatou\/files\/2019\/01\/champs-mouton_mater.jpg 333w, https:\/\/www.fcpe78.fr\/cl\/chatou\/files\/2019\/01\/champs-mouton_mater-300x225.jpg 300w, https:\/\/www.fcpe78.fr\/cl\/chatou\/files\/2019\/01\/champs-mouton_mater-332x249.jpg 332w\" sizes=\"(max-width: 207px) 100vw, 207px\" \/><\/p>\n<p>48, rue des Vignobles 78400 Chatou<br \/>\n01 30 53 10 22<br \/>\n<strong>Direction<\/strong> : Madame LALEU<\/p>\n<p><a title=\"Site de l'\u00e9cole\" href=\"https:\/\/cmchatou78400.toutemonecole.fr\/\">Aller sur le site de l&rsquo;\u00e9cole<\/a><\/p>\n<div><strong>Votre interlocuteur FCPE \u00e0 l\u2019\u00e9cole:<\/strong><br \/>\nM Romain BRUDER<\/div>\n<div>Email: <a href=\"mailto:fcpe.champsmouton.elem@gmail.com\">fcpe.champsmouton.elem@gmail.com<\/a><\/div>\n<div>\n<p><img decoding=\"async\" loading=\"lazy\" class=\" wp-image-714 alignleft\" src=\"http:\/\/www.fcpe78.fr\/cl\/chatou\/files\/2024\/10\/Profession-de-foi-FCPE-CHAMPS-MOUTONS-2024-2025-722x1024.png\" alt=\"\" width=\"446\" height=\"633\" srcset=\"https:\/\/www.fcpe78.fr\/cl\/chatou\/files\/2024\/10\/Profession-de-foi-FCPE-CHAMPS-MOUTONS-2024-2025-722x1024.png 722w, https:\/\/www.fcpe78.fr\/cl\/chatou\/files\/2024\/10\/Profession-de-foi-FCPE-CHAMPS-MOUTONS-2024-2025-212x300.png 212w, https:\/\/www.fcpe78.fr\/cl\/chatou\/files\/2024\/10\/Profession-de-foi-FCPE-CHAMPS-MOUTONS-2024-2025-768x1089.png 768w, https:\/\/www.fcpe78.fr\/cl\/chatou\/files\/2024\/10\/Profession-de-foi-FCPE-CHAMPS-MOUTONS-2024-2025-1083x1536.png 1083w, https:\/\/www.fcpe78.fr\/cl\/chatou\/files\/2024\/10\/Profession-de-foi-FCPE-CHAMPS-MOUTONS-2024-2025-700x993.png 700w, https:\/\/www.fcpe78.fr\/cl\/chatou\/files\/2024\/10\/Profession-de-foi-FCPE-CHAMPS-MOUTONS-2024-2025-332x471.png 332w, https:\/\/www.fcpe78.fr\/cl\/chatou\/files\/2024\/10\/Profession-de-foi-FCPE-CHAMPS-MOUTONS-2024-2025.png 1410w\" sizes=\"(max-width: 446px) 100vw, 446px\" \/><\/p>\n<p><strong style=\"font-size: inherit\">Effectifs de l\u2019\u00e9cole 2022-2023<\/strong><span style=\"font-size: inherit\"> : 260 \u00e9l\u00e8ves, r\u00e9partis en 11 classes<\/span><\/p>\n<\/div>\n<\/div>\n<div>\n<p><strong>Les repr\u00e9sentants de parents d\u2019\u00e9l\u00e8ves aux\u00a0 Champs Moutons c\u2019est\u00a0:<\/strong><\/p>\n<\/div>\n<ul>\n<li>Nous participons au Conseil d\u2019\u00e9cole chaque trimestre : nous sommes l\u00e0 pour poser vos questions et vous apporter les r\u00e9ponses<\/li>\n<li>Nous sommes \u00e0 votre \u00e9coute au quotidien concernant la vie de vos enfants \u00e0 l\u2019\u00e9cole et faciliter la communication parents\/enseignants.<\/li>\n<li>Nous intervenons aupr\u00e8s de la Mairie et de l\u2019Inspection Acad\u00e9mique : nous soutenons l\u2019\u00e9quipe enseignante pour trouver des solutions rapides pour un enseignement de qualit\u00e9<\/li>\n<li>Nous participons \u00e0 l\u2019organisation de la kermesse et du march\u00e9 de no\u00ebl afin de b\u00e9n\u00e9ficier de moyens suppl\u00e9mentaires pour les sorties et la vie quotidienne de vos enfants pendant l\u2019ann\u00e9e.<\/li>\n<li>Nous soutenons des associations dans un but \u00e9ducatif : ELA, petits bouchons, Dakar<\/li>\n<\/ul>\n<p><a href=\"http:\/\/www.fcpe-chatou.fr\/pourquoi-adherer.html\">N\u2019h\u00e9sitez pas \u00e0 nous contacter ou m\u00eame \u00e0 nous rejoindre.<\/a><\/p>\n","protected":false},"excerpt":{"rendered":"<p>48, rue des Vignobles 78400 Chatou 01 30 53 10 22 Direction : Madame LALEU Aller sur le site de l&rsquo;\u00e9cole Votre interlocuteur FCPE \u00e0 l\u2019\u00e9cole: M Romain BRUDER Email: fcpe.champsmouton.elem@gmail.com Effectifs de l\u2019\u00e9cole 2022-2023 : 260 \u00e9l\u00e8ves, r\u00e9partis en 11 classes Les repr\u00e9sentants de parents d\u2019\u00e9l\u00e8ves aux\u00a0 Champs Moutons &#8230;<\/p>\n","protected":false},"author":18,"featured_media":0,"parent":0,"menu_order":0,"comment_status":"closed","ping_status":"closed","template":"","meta":[],"_links":{"self":[{"href":"https:\/\/www.fcpe78.fr\/cl\/chatou\/wp-json\/wp\/v2\/pages\/72"}],"collection":[{"href":"https:\/\/www.fcpe78.fr\/cl\/chatou\/wp-json\/wp\/v2\/pages"}],"about":[{"href":"https:\/\/www.fcpe78.fr\/cl\/chatou\/wp-json\/wp\/v2\/types\/page"}],"author":[{"embeddable":true,"href":"https:\/\/www.fcpe78.fr\/cl\/chatou\/wp-json\/wp\/v2\/users\/18"}],"replies":[{"embeddable":true,"href":"https:\/\/www.fcpe78.fr\/cl\/chatou\/wp-json\/wp\/v2\/comments?post=72"}],"version-history":[{"count":12,"href":"https:\/\/www.fcpe78.fr\/cl\/chatou\/wp-json\/wp\/v2\/pages\/72\/revisions"}],"predecessor-version":[{"id":720,"href":"https:\/\/www.fcpe78.fr\/cl\/chatou\/wp-json\/wp\/v2\/pages\/72\/revisions\/720"}],"wp:attachment":[{"href":"https:\/\/www.fcpe78.fr\/cl\/chatou\/wp-json\/wp\/v2\/media?parent=72"}],"curies":[{"name":"wp","href":"https:\/\/api.w.org\/{rel}","templated":true}]}}