{"id":70,"date":"2018-07-03T16:26:23","date_gmt":"2018-07-03T14:26:23","guid":{"rendered":"http:\/\/www.fcpe78.fr\/cl\/chatou\/?page_id=70"},"modified":"2024-10-04T17:49:05","modified_gmt":"2024-10-04T15:49:05","slug":"elementaire-du-val-fleuri","status":"publish","type":"page","link":"https:\/\/www.fcpe78.fr\/cl\/chatou\/elementaire-du-val-fleuri\/","title":{"rendered":"\u00c9l\u00e9mentaire du Val Fleuri"},"content":{"rendered":"<div>\n<p>3, rue Lami<br \/>\n78400 Chatou<br \/>\n01 39 52 72 58<br \/>\nDirecteur : Mme BURATTI<br \/>\n<a href=\"http:\/\/www.ec-valfleuri-chatou.ac-versailles.fr\/\"><i>Aller sur le site internet de l&rsquo;\u00e9cole<\/i><\/a><\/p>\n<div>Votre interlocuteur FCPE \u00e0 l\u2019\u00e9cole:<br \/>\nMme Myriam Granville<\/div>\n<div><img decoding=\"async\" loading=\"lazy\" class=\" wp-image-724 alignleft\" src=\"http:\/\/www.fcpe78.fr\/cl\/chatou\/files\/2024\/10\/Profession-de-foi-FCPE-VAL-FLEURI-2024-2025-722x1024.png\" alt=\"\" width=\"435\" height=\"617\" srcset=\"https:\/\/www.fcpe78.fr\/cl\/chatou\/files\/2024\/10\/Profession-de-foi-FCPE-VAL-FLEURI-2024-2025-722x1024.png 722w, https:\/\/www.fcpe78.fr\/cl\/chatou\/files\/2024\/10\/Profession-de-foi-FCPE-VAL-FLEURI-2024-2025-212x300.png 212w, https:\/\/www.fcpe78.fr\/cl\/chatou\/files\/2024\/10\/Profession-de-foi-FCPE-VAL-FLEURI-2024-2025-768x1089.png 768w, https:\/\/www.fcpe78.fr\/cl\/chatou\/files\/2024\/10\/Profession-de-foi-FCPE-VAL-FLEURI-2024-2025-1083x1536.png 1083w, https:\/\/www.fcpe78.fr\/cl\/chatou\/files\/2024\/10\/Profession-de-foi-FCPE-VAL-FLEURI-2024-2025-700x993.png 700w, https:\/\/www.fcpe78.fr\/cl\/chatou\/files\/2024\/10\/Profession-de-foi-FCPE-VAL-FLEURI-2024-2025-332x471.png 332w, https:\/\/www.fcpe78.fr\/cl\/chatou\/files\/2024\/10\/Profession-de-foi-FCPE-VAL-FLEURI-2024-2025.png 1410w\" sizes=\"(max-width: 435px) 100vw, 435px\" \/><\/div>\n<div>\n<div class=\"nettoyeur\"><span style=\"font-size: revert;color: initial\">Effectifs de l\u2019\u00e9cole 2022-2023 : 224 enfants r\u00e9partis en 9 classes.<\/span><\/div>\n<\/div>\n<\/div>\n<p>L\u2019\u00e9cole du Val Fleuri est une \u00e9cole o\u00f9 l\u2019\u00e9quipe enseignante est tr\u00e8s active. Elle s\u2019investit dans de nombreux projets d\u2019\u00e9cole :<br \/>\n&#8211; Participation \u00e0 la course et \u00e0 la dict\u00e9e de l\u2019association ELA (lutte contre la leucodystrophie)<br \/>\n&#8211; Concours kangourou<br \/>\n&#8211; Journal de l\u2019\u00e9cole (en ligne sur le site de l\u2019\u00e9cole)<br \/>\n&#8211; Conseil des \u00e9l\u00e8ves \u2026<\/p>\n<h3>Nos Missions :<\/h3>\n<div>\n<p>\u2022 Vous repr\u00e9senter au sein des instances qui animent l\u2019\u00e9cole<br \/>\n\u2022 Etre \u00e0 votre \u00e9coute afin de porter votre parole \u00e0 travers notre pr\u00e9sence aux<br \/>\nconseils d\u2019\u00e9cole et partager avec vous les d\u00e9bats<br \/>\n\u2022 Faciliter le quotidien de nos enfants dans chaque classe<br \/>\n\u2022 Soutenir l\u2019\u00e9cole dans ses demandes et besoins en \u00e9quipements aupr\u00e8s des autorit\u00e9s comp\u00e9tentes<\/p>\n<div class=\"nettoyeur\"><\/div>\n<\/div>\n<h3>Nos Actions:<\/h3>\n<ul>\n<li>L\u2019\u00e9quipe FCPE du Val Fleuri est particuli\u00e8rement dynamique et investie au sein de l\u2019\u00e9cole.<\/li>\n<li>Tout au long de l\u2019ann\u00e9e, vos repr\u00e9sentants \u00e9lus sont \u00e0 votre \u00e9coute pour r\u00e9pondre au mieux \u00e0 vos questions, transmettre des informations et \u00eatre votre relais aupr\u00e8s de l\u2019\u00e9quipe enseignante et de la municipalit\u00e9.<\/li>\n<li>Ils participent naturellement au conseil d\u2019\u00e9cole et \u00e0 diff\u00e9rentes commissions.<\/li>\n<li>L&rsquo;association du Val Fleuri en Action:<\/li>\n<li>Les membres de l\u2019\u00e9quipe FCPE Val Fleuri sont pour la plupart \u00e9galement engag\u00e9s au sein de l\u2019Association du Val Fleuri en Action.<\/li>\n<li>Cette association de parents d\u2019\u00e9l\u00e8ves organise tout au long de l\u2019ann\u00e9e des manifestations au sein de l\u2019\u00e9cole : ateliers pendant le temps du midi, foire aux livres, loto-cr\u00eapes, march\u00e9 aux fleurs, kermesse de fin d\u2019ann\u00e9e\u2026<\/li>\n<\/ul>\n<p><a href=\"http:\/\/www.fcpe-chatou.fr\/pourquoi-adherer.html\"><br \/>\nN\u2019h\u00e9sitez pas \u00e0 nous contacter ou m\u00eame \u00e0 nous rejoindre.<\/a><\/p>\n<div>\n<div class=\"nettoyeur\"><\/div>\n<\/div>\n<h2><\/h2>\n","protected":false},"excerpt":{"rendered":"<p>3, rue Lami 78400 Chatou 01 39 52 72 58 Directeur : Mme BURATTI Aller sur le site internet de l&rsquo;\u00e9cole Votre interlocuteur FCPE \u00e0 l\u2019\u00e9cole: Mme Myriam Granville Effectifs de l\u2019\u00e9cole 2022-2023 : 224 enfants r\u00e9partis en 9 classes. L\u2019\u00e9cole du Val Fleuri est une \u00e9cole o\u00f9 l\u2019\u00e9quipe enseignante &#8230;<\/p>\n","protected":false},"author":18,"featured_media":0,"parent":0,"menu_order":0,"comment_status":"closed","ping_status":"closed","template":"","meta":[],"_links":{"self":[{"href":"https:\/\/www.fcpe78.fr\/cl\/chatou\/wp-json\/wp\/v2\/pages\/70"}],"collection":[{"href":"https:\/\/www.fcpe78.fr\/cl\/chatou\/wp-json\/wp\/v2\/pages"}],"about":[{"href":"https:\/\/www.fcpe78.fr\/cl\/chatou\/wp-json\/wp\/v2\/types\/page"}],"author":[{"embeddable":true,"href":"https:\/\/www.fcpe78.fr\/cl\/chatou\/wp-json\/wp\/v2\/users\/18"}],"replies":[{"embeddable":true,"href":"https:\/\/www.fcpe78.fr\/cl\/chatou\/wp-json\/wp\/v2\/comments?post=70"}],"version-history":[{"count":9,"href":"https:\/\/www.fcpe78.fr\/cl\/chatou\/wp-json\/wp\/v2\/pages\/70\/revisions"}],"predecessor-version":[{"id":726,"href":"https:\/\/www.fcpe78.fr\/cl\/chatou\/wp-json\/wp\/v2\/pages\/70\/revisions\/726"}],"wp:attachment":[{"href":"https:\/\/www.fcpe78.fr\/cl\/chatou\/wp-json\/wp\/v2\/media?parent=70"}],"curies":[{"name":"wp","href":"https:\/\/api.w.org\/{rel}","templated":true}]}}