{"id":68,"date":"2018-07-03T16:24:57","date_gmt":"2018-07-03T14:24:57","guid":{"rendered":"http:\/\/www.fcpe78.fr\/cl\/chatou\/?page_id=68"},"modified":"2023-10-09T10:55:03","modified_gmt":"2023-10-09T08:55:03","slug":"elementaire-jean-rostand","status":"publish","type":"page","link":"https:\/\/www.fcpe78.fr\/cl\/chatou\/elementaire-jean-rostand\/","title":{"rendered":"\u00c9l\u00e9mentaire Jean Rostand"},"content":{"rendered":"<div>\n<p><img decoding=\"async\" loading=\"lazy\" class=\"alignnone  wp-image-267\" src=\"http:\/\/www.fcpe78.fr\/cl\/chatou\/files\/2018\/12\/IMG_6214-300x300.jpg\" alt=\"\" width=\"176\" height=\"176\" srcset=\"https:\/\/www.fcpe78.fr\/cl\/chatou\/files\/2018\/12\/IMG_6214-300x300.jpg 300w, https:\/\/www.fcpe78.fr\/cl\/chatou\/files\/2018\/12\/IMG_6214-150x150.jpg 150w, https:\/\/www.fcpe78.fr\/cl\/chatou\/files\/2018\/12\/IMG_6214-768x768.jpg 768w, https:\/\/www.fcpe78.fr\/cl\/chatou\/files\/2018\/12\/IMG_6214-1024x1024.jpg 1024w, https:\/\/www.fcpe78.fr\/cl\/chatou\/files\/2018\/12\/IMG_6214-700x700.jpg 700w, https:\/\/www.fcpe78.fr\/cl\/chatou\/files\/2018\/12\/IMG_6214-332x332.jpg 332w, https:\/\/www.fcpe78.fr\/cl\/chatou\/files\/2018\/12\/IMG_6214-432x432.jpg 432w, https:\/\/www.fcpe78.fr\/cl\/chatou\/files\/2018\/12\/IMG_6214-268x268.jpg 268w\" sizes=\"(max-width: 176px) 100vw, 176px\" \/> <img decoding=\"async\" loading=\"lazy\" class=\"alignnone  wp-image-268\" src=\"http:\/\/www.fcpe78.fr\/cl\/chatou\/files\/2018\/12\/IMG_6215-300x300.jpg\" alt=\"\" width=\"178\" height=\"178\" srcset=\"https:\/\/www.fcpe78.fr\/cl\/chatou\/files\/2018\/12\/IMG_6215-300x300.jpg 300w, https:\/\/www.fcpe78.fr\/cl\/chatou\/files\/2018\/12\/IMG_6215-150x150.jpg 150w, https:\/\/www.fcpe78.fr\/cl\/chatou\/files\/2018\/12\/IMG_6215-768x768.jpg 768w, https:\/\/www.fcpe78.fr\/cl\/chatou\/files\/2018\/12\/IMG_6215-1024x1024.jpg 1024w, https:\/\/www.fcpe78.fr\/cl\/chatou\/files\/2018\/12\/IMG_6215-700x700.jpg 700w, https:\/\/www.fcpe78.fr\/cl\/chatou\/files\/2018\/12\/IMG_6215-332x332.jpg 332w, https:\/\/www.fcpe78.fr\/cl\/chatou\/files\/2018\/12\/IMG_6215-432x432.jpg 432w, https:\/\/www.fcpe78.fr\/cl\/chatou\/files\/2018\/12\/IMG_6215-268x268.jpg 268w\" sizes=\"(max-width: 178px) 100vw, 178px\" \/>\u00a0<img decoding=\"async\" loading=\"lazy\" class=\"alignnone  wp-image-266\" src=\"http:\/\/www.fcpe78.fr\/cl\/chatou\/files\/2018\/12\/IMG_6209-300x300.jpg\" alt=\"\" width=\"178\" height=\"178\" srcset=\"https:\/\/www.fcpe78.fr\/cl\/chatou\/files\/2018\/12\/IMG_6209-300x300.jpg 300w, https:\/\/www.fcpe78.fr\/cl\/chatou\/files\/2018\/12\/IMG_6209-150x150.jpg 150w, https:\/\/www.fcpe78.fr\/cl\/chatou\/files\/2018\/12\/IMG_6209-768x768.jpg 768w, https:\/\/www.fcpe78.fr\/cl\/chatou\/files\/2018\/12\/IMG_6209-1024x1024.jpg 1024w, https:\/\/www.fcpe78.fr\/cl\/chatou\/files\/2018\/12\/IMG_6209-700x700.jpg 700w, https:\/\/www.fcpe78.fr\/cl\/chatou\/files\/2018\/12\/IMG_6209-332x332.jpg 332w, https:\/\/www.fcpe78.fr\/cl\/chatou\/files\/2018\/12\/IMG_6209-432x432.jpg 432w, https:\/\/www.fcpe78.fr\/cl\/chatou\/files\/2018\/12\/IMG_6209-268x268.jpg 268w\" sizes=\"(max-width: 178px) 100vw, 178px\" \/><\/p>\n<p>11, rue des Sabinettes<br \/>\n78400 Chatou<br \/>\n01 30 71 04 46<br \/>\n<strong>Directrice<\/strong> : Madame Elisabeth CAILLAT<br \/>\n<a href=\"http:\/\/www.ec-rostand-chatou.ac-versailles.fr\/\">Aller sur le site internet de l&rsquo;\u00e9cole<\/a><\/p>\n<div><strong>Votre interlocuteur FCPE \u00e0 l\u2019\u00e9cole:<\/strong><br \/>\nRejoignez-nous!<br \/>\nEmail: <a href=\"mailto:fcpe.jeanrostand.chatou@gmail.com\" target=\"_blank\" rel=\"noopener noreferrer\">fcpe.jeanrostand.chatou@gmail.com<\/a><\/div>\n<\/div>\n<p><strong>Effectifs de l\u2019\u00e9cole 2022-2023 :<\/strong> 332 \u00e9l\u00e8ves<\/p>\n<p><strong>Les repr\u00e9sentants de parents d\u2019\u00e9l\u00e8ves \u00e0 l\u2019\u00e9cole Jean Rostand, c\u2019est:<\/strong><\/p>\n<ul>\n<li>Un blog actif: <a href=\"https:\/\/fcpejeanrostandchatou.wordpress.com\">https:\/\/fcpejeanrostandchatou.wordpress.com<\/a><\/li>\n<li>Se mobiliser pour le maintien de la 13\u00e8me classe<\/li>\n<li>\u00catre \u00e0 l\u2019\u00e9coute des parents pour am\u00e9liorer la vie \u00e0 l\u2019\u00e9cole<\/li>\n<li>Repr\u00e9senter les familles aupr\u00e8s de l\u2019\u00e9quipe enseignante, de la mairie, du coordinateur p\u00e9riscolaire<\/li>\n<li>Informer r\u00e9guli\u00e8rement les parents sur la vie de l\u2019\u00e9cole et nos actions (panneau d\u2019affichage, page Internet, email)<\/li>\n<li>\u00catre vigilant \u00e0 la s\u00e9curit\u00e9 et la qualit\u00e9 du cadre de vie des \u00e9l\u00e8ves<\/li>\n<li>Veiller \u00e0 la qualit\u00e9 d\u2019accueil sur les temps p\u00e9riscolaires et renforcer le lien entre les diff\u00e9rents moments de la journ\u00e9e : garderie, \u00e9cole, pause d\u00e9jeuner, \u00e9tude surveill\u00e9e<\/li>\n<li>Soutenir les projets des \u00e9quipes p\u00e9dagogiques et d\u2019animation<\/li>\n<li>Travailler en collaboration entre f\u00e9d\u00e9rations pour d\u00e9fendre l\u2019int\u00e9r\u00eat de tous nos enfants<\/li>\n<\/ul>\n<div>\n<div class=\"nettoyeur\"><span style=\"text-decoration: underline\"><strong>Dates importantes de l\u2019ann\u00e9e:<\/strong><\/span><\/div>\n<\/div>\n<ul>\n<li>Rentr\u00e9e scolaire: le mardi 1 septembre<\/li>\n<li>Kermesse de l\u2019\u00e9cole: date \u00e0 confirmer<\/li>\n<\/ul>\n<div>\n<div class=\"nettoyeur\"><strong><u>Comptes-rendus des conseils d\u2019\u00e9cole\u00a0:<\/u><\/strong><\/div>\n<\/div>\n<p><span style=\"text-decoration: underline\"><strong>Ann\u00e9e 2018-2019\u00a0:<\/strong><\/span><\/p>\n<ul>\n<li>Conseil d\u2019\u00e9cole n\u00b01: <a href=\"http:\/\/www.fcpe78.fr\/cl\/chatou\/files\/2018\/12\/CR-Conseil-\u00e9cole-2018-11-09.pdf\">CR Conseil \u00e9cole JR 2018 11 09<\/a><\/li>\n<\/ul>\n<p><a href=\"http:\/\/www.fcpe78.fr\/cl\/chatou\/pourquoi-adherer\/\">N\u2019h\u00e9sitez pas \u00e0 nous contacter ou m\u00eame \u00e0 nous rejoindre.<\/a><\/p>\n","protected":false},"excerpt":{"rendered":"<p>\u00a0 11, rue des Sabinettes 78400 Chatou 01 30 71 04 46 Directrice : Madame Elisabeth CAILLAT Aller sur le site internet de l&rsquo;\u00e9cole Votre interlocuteur FCPE \u00e0 l\u2019\u00e9cole: Rejoignez-nous! Email: fcpe.jeanrostand.chatou@gmail.com Effectifs de l\u2019\u00e9cole 2022-2023 : 332 \u00e9l\u00e8ves Les repr\u00e9sentants de parents d\u2019\u00e9l\u00e8ves \u00e0 l\u2019\u00e9cole Jean Rostand, c\u2019est: Un &#8230;<\/p>\n","protected":false},"author":18,"featured_media":0,"parent":0,"menu_order":0,"comment_status":"closed","ping_status":"closed","template":"","meta":[],"_links":{"self":[{"href":"https:\/\/www.fcpe78.fr\/cl\/chatou\/wp-json\/wp\/v2\/pages\/68"}],"collection":[{"href":"https:\/\/www.fcpe78.fr\/cl\/chatou\/wp-json\/wp\/v2\/pages"}],"about":[{"href":"https:\/\/www.fcpe78.fr\/cl\/chatou\/wp-json\/wp\/v2\/types\/page"}],"author":[{"embeddable":true,"href":"https:\/\/www.fcpe78.fr\/cl\/chatou\/wp-json\/wp\/v2\/users\/18"}],"replies":[{"embeddable":true,"href":"https:\/\/www.fcpe78.fr\/cl\/chatou\/wp-json\/wp\/v2\/comments?post=68"}],"version-history":[{"count":10,"href":"https:\/\/www.fcpe78.fr\/cl\/chatou\/wp-json\/wp\/v2\/pages\/68\/revisions"}],"predecessor-version":[{"id":663,"href":"https:\/\/www.fcpe78.fr\/cl\/chatou\/wp-json\/wp\/v2\/pages\/68\/revisions\/663"}],"wp:attachment":[{"href":"https:\/\/www.fcpe78.fr\/cl\/chatou\/wp-json\/wp\/v2\/media?parent=68"}],"curies":[{"name":"wp","href":"https:\/\/api.w.org\/{rel}","templated":true}]}}