{"id":53,"date":"2018-07-03T16:16:34","date_gmt":"2018-07-03T14:16:34","guid":{"rendered":"http:\/\/www.fcpe78.fr\/cl\/chatou\/?page_id=53"},"modified":"2024-10-04T17:12:31","modified_gmt":"2024-10-04T15:12:31","slug":"maternelle-les-larris","status":"publish","type":"page","link":"https:\/\/www.fcpe78.fr\/cl\/chatou\/maternelle-les-larris\/","title":{"rendered":"Maternelle Les Larris"},"content":{"rendered":"<p><img decoding=\"async\" loading=\"lazy\" class=\"alignnone size-full wp-image-240\" src=\"http:\/\/www.fcpe78.fr\/cl\/chatou\/files\/2018\/12\/larris1.jpg\" alt=\"\" width=\"200\" height=\"125\" \/>\u00a0 <img decoding=\"async\" loading=\"lazy\" class=\"alignnone  wp-image-241\" src=\"http:\/\/www.fcpe78.fr\/cl\/chatou\/files\/2018\/12\/larris2.jpg\" alt=\"\" width=\"183\" height=\"124\" \/><\/p>\n<p>226, avenue du G\u00e9n\u00e9ral Leclerc 78400 Chatou<br \/>\n01 30 71 11 29<\/p>\n<p><strong>Directrice<\/strong> : Madame Clotilde COURIN<\/p>\n<p><strong>Votre interlocuteur FCPE \u00e0 l\u2019\u00e9cole:<\/strong><br \/>\nM Lionel DESMONTS<br \/>\nEmail:\u00a0<u>fcpe.leslarris78@gmail.com<\/u><\/p>\n<p><img decoding=\"async\" loading=\"lazy\" class=\"wp-image-716 alignleft\" src=\"http:\/\/www.fcpe78.fr\/cl\/chatou\/files\/2024\/10\/Profession-de-foi-FCPE-LES-LARRIS-2024-2025-724x1024.png\" alt=\"\" width=\"459\" height=\"649\" srcset=\"https:\/\/www.fcpe78.fr\/cl\/chatou\/files\/2024\/10\/Profession-de-foi-FCPE-LES-LARRIS-2024-2025-724x1024.png 724w, https:\/\/www.fcpe78.fr\/cl\/chatou\/files\/2024\/10\/Profession-de-foi-FCPE-LES-LARRIS-2024-2025-212x300.png 212w, https:\/\/www.fcpe78.fr\/cl\/chatou\/files\/2024\/10\/Profession-de-foi-FCPE-LES-LARRIS-2024-2025-768x1086.png 768w, https:\/\/www.fcpe78.fr\/cl\/chatou\/files\/2024\/10\/Profession-de-foi-FCPE-LES-LARRIS-2024-2025-1086x1536.png 1086w, https:\/\/www.fcpe78.fr\/cl\/chatou\/files\/2024\/10\/Profession-de-foi-FCPE-LES-LARRIS-2024-2025-700x990.png 700w, https:\/\/www.fcpe78.fr\/cl\/chatou\/files\/2024\/10\/Profession-de-foi-FCPE-LES-LARRIS-2024-2025-332x470.png 332w, https:\/\/www.fcpe78.fr\/cl\/chatou\/files\/2024\/10\/Profession-de-foi-FCPE-LES-LARRIS-2024-2025.png 1414w\" sizes=\"(max-width: 459px) 100vw, 459px\" \/><\/p>\n<p><strong>Effectifs de l\u2019\u00e9cole 2022-2023<\/strong>\u00a0: 105 enfants r\u00e9partis en 4 classes<\/p>\n<p><strong>Les repr\u00e9sentants de parents d\u2019\u00e9l\u00e8ves aux Larris c\u2019est\u00a0:<\/strong><\/p>\n<ul>\n<li>Une participation \u00e0 chacun des <strong>conseils d\u2019\u00e9cole<\/strong><\/li>\n<li>Des <strong>interlocuteurs<\/strong> aupr\u00e8s de la mairie et de l\u2019\u00e9quipe enseignante<\/li>\n<li>Un <strong>blog actif<\/strong>: <a href=\"https:\/\/fcpechatou.wordpress.com\/\">https:\/\/fcpechatou.wordpress.com\/<\/a><\/li>\n<li>La pr\u00e9occupation de la <strong>s\u00e9curit\u00e9 aux abords de l\u2019\u00e9cole<\/strong> (demande zone 30, rapport \u00e0 la mairie des dysfonctionnements de la surveillance du passage pi\u00e9tons, s\u00e9curisation du passage pi\u00e9tons)<\/li>\n<li>La visite et le test du <strong>repas \u00e0 la cantine<\/strong><\/li>\n<li>Un <strong>relais d\u2019information<\/strong> lors de la derni\u00e8re canicule<\/li>\n<li>Un <strong>abri \u00e0 trottinettes<\/strong> et \u00e0 v\u00e9los<\/li>\n<li>Le stand photobooth, la tombola et le livret de la kermesse<\/li>\n<li>La <strong>f\u00eate des grandes sections<\/strong><\/li>\n<li>Le <strong>livret d\u2019accueil<\/strong> de la rentr\u00e9e<\/li>\n<\/ul>\n<p><strong><u>Comptes-rendus des conseils d\u2019\u00e9cole\u00a0:<\/u><\/strong><\/p>\n<p><span style=\"text-decoration: underline\"><strong>Ann\u00e9e 2019-2020 :<\/strong><\/span><\/p>\n<ul>\n<li data-tadv-p=\"keep\">Conseil d&rsquo;\u00e9cole n\u00b01: <a href=\"http:\/\/www.fcpe78.fr\/cl\/chatou\/files\/2020\/03\/CR-Conseil-Ecole-15-octobre-2019-18h.pdf\">CR Conseil Ecole 15 octobre 2019 18h<\/a><\/li>\n<\/ul>\n<div>\n<div class=\"nettoyeur\"><\/div>\n<\/div>\n<p><a href=\"http:\/\/www.fcpe78.fr\/cl\/chatou\/pourquoi-adherer\/\">N\u2019h\u00e9sitez pas \u00e0 nous contacter ou m\u00eame \u00e0 nous rejoindre.<\/a><\/p>\n","protected":false},"excerpt":{"rendered":"<p>\u00a0 226, avenue du G\u00e9n\u00e9ral Leclerc 78400 Chatou 01 30 71 11 29 Directrice : Madame Clotilde COURIN Votre interlocuteur FCPE \u00e0 l\u2019\u00e9cole: M Lionel DESMONTS Email:\u00a0fcpe.leslarris78@gmail.com Effectifs de l\u2019\u00e9cole 2022-2023\u00a0: 105 enfants r\u00e9partis en 4 classes Les repr\u00e9sentants de parents d\u2019\u00e9l\u00e8ves aux Larris c\u2019est\u00a0: Une participation \u00e0 chacun des &#8230;<\/p>\n","protected":false},"author":18,"featured_media":0,"parent":0,"menu_order":0,"comment_status":"closed","ping_status":"closed","template":"","meta":[],"_links":{"self":[{"href":"https:\/\/www.fcpe78.fr\/cl\/chatou\/wp-json\/wp\/v2\/pages\/53"}],"collection":[{"href":"https:\/\/www.fcpe78.fr\/cl\/chatou\/wp-json\/wp\/v2\/pages"}],"about":[{"href":"https:\/\/www.fcpe78.fr\/cl\/chatou\/wp-json\/wp\/v2\/types\/page"}],"author":[{"embeddable":true,"href":"https:\/\/www.fcpe78.fr\/cl\/chatou\/wp-json\/wp\/v2\/users\/18"}],"replies":[{"embeddable":true,"href":"https:\/\/www.fcpe78.fr\/cl\/chatou\/wp-json\/wp\/v2\/comments?post=53"}],"version-history":[{"count":25,"href":"https:\/\/www.fcpe78.fr\/cl\/chatou\/wp-json\/wp\/v2\/pages\/53\/revisions"}],"predecessor-version":[{"id":718,"href":"https:\/\/www.fcpe78.fr\/cl\/chatou\/wp-json\/wp\/v2\/pages\/53\/revisions\/718"}],"wp:attachment":[{"href":"https:\/\/www.fcpe78.fr\/cl\/chatou\/wp-json\/wp\/v2\/media?parent=53"}],"curies":[{"name":"wp","href":"https:\/\/api.w.org\/{rel}","templated":true}]}}