{"id":51,"date":"2018-07-03T16:15:56","date_gmt":"2018-07-03T14:15:56","guid":{"rendered":"http:\/\/www.fcpe78.fr\/cl\/chatou\/?page_id=51"},"modified":"2024-10-04T17:11:17","modified_gmt":"2024-10-04T15:11:17","slug":"maternelle-les-champagnes","status":"publish","type":"page","link":"https:\/\/www.fcpe78.fr\/cl\/chatou\/maternelle-les-champagnes\/","title":{"rendered":"Maternelle Les Champagnes"},"content":{"rendered":"<div>\n<p>26, rue des Vignobles<br \/>\n78400 Chatou<br \/>\n01 39 52 68 62<br \/>\nDirectrice : Madame LERANDY<\/p>\n<div>Votre interlocuteur FCPE \u00e0 l\u2019\u00e9cole:<br \/>\nMme Delphine Dupilet<br \/>\nEmail: <a href=\"mailto:fcpeleschampagnes@gmail.com\">fcpeleschampagnes@gmail.com<\/a><\/p>\n<div class=\"nettoyeur\"><img decoding=\"async\" loading=\"lazy\" class=\" wp-image-715 alignleft\" src=\"http:\/\/www.fcpe78.fr\/cl\/chatou\/files\/2024\/10\/Profession-de-foi-FCPE-LES-CHAMPAGNES-2024-2025-721x1024.png\" alt=\"\" width=\"516\" height=\"733\" srcset=\"https:\/\/www.fcpe78.fr\/cl\/chatou\/files\/2024\/10\/Profession-de-foi-FCPE-LES-CHAMPAGNES-2024-2025-721x1024.png 721w, https:\/\/www.fcpe78.fr\/cl\/chatou\/files\/2024\/10\/Profession-de-foi-FCPE-LES-CHAMPAGNES-2024-2025-211x300.png 211w, https:\/\/www.fcpe78.fr\/cl\/chatou\/files\/2024\/10\/Profession-de-foi-FCPE-LES-CHAMPAGNES-2024-2025-768x1090.png 768w, https:\/\/www.fcpe78.fr\/cl\/chatou\/files\/2024\/10\/Profession-de-foi-FCPE-LES-CHAMPAGNES-2024-2025-1082x1536.png 1082w, https:\/\/www.fcpe78.fr\/cl\/chatou\/files\/2024\/10\/Profession-de-foi-FCPE-LES-CHAMPAGNES-2024-2025-700x994.png 700w, https:\/\/www.fcpe78.fr\/cl\/chatou\/files\/2024\/10\/Profession-de-foi-FCPE-LES-CHAMPAGNES-2024-2025-332x471.png 332w, https:\/\/www.fcpe78.fr\/cl\/chatou\/files\/2024\/10\/Profession-de-foi-FCPE-LES-CHAMPAGNES-2024-2025.png 1409w\" sizes=\"(max-width: 516px) 100vw, 516px\" \/><\/div>\n<\/div>\n<\/div>\n<div>\n<div class=\"nettoyeur\"><\/div>\n<\/div>\n<p><strong>Effectifs de l\u2019\u00e9cole 2022-2023<\/strong>: 81 enfants<\/p>\n<h3>Nos actions:<\/h3>\n<div>\n<p>* Vous repr\u00e9senter lors des conseils d&rsquo;\u00e9cole<br \/>\n* Soutien de l&rsquo;\u00e9cole pour le maintien de toutes les classes et permettre un enseignement optimal<br \/>\n* Organisation d&rsquo;une kermesse en fin d&rsquo;ann\u00e9e<\/p>\n<div class=\"nettoyeur\"><\/div>\n<\/div>\n<p><a href=\"http:\/\/www.fcpe-chatou.fr\/pourquoi-adherer.html\">N\u2019h\u00e9sitez pas \u00e0 nous contacter ou m\u00eame \u00e0 nous rejoindre.<\/a><\/p>\n","protected":false},"excerpt":{"rendered":"<p>26, rue des Vignobles 78400 Chatou 01 39 52 68 62 Directrice : Madame LERANDY Votre interlocuteur FCPE \u00e0 l\u2019\u00e9cole: Mme Delphine Dupilet Email: fcpeleschampagnes@gmail.com Effectifs de l\u2019\u00e9cole 2022-2023: 81 enfants Nos actions: * Vous repr\u00e9senter lors des conseils d&rsquo;\u00e9cole * Soutien de l&rsquo;\u00e9cole pour le maintien de toutes les &#8230;<\/p>\n","protected":false},"author":18,"featured_media":0,"parent":0,"menu_order":0,"comment_status":"closed","ping_status":"closed","template":"","meta":[],"_links":{"self":[{"href":"https:\/\/www.fcpe78.fr\/cl\/chatou\/wp-json\/wp\/v2\/pages\/51"}],"collection":[{"href":"https:\/\/www.fcpe78.fr\/cl\/chatou\/wp-json\/wp\/v2\/pages"}],"about":[{"href":"https:\/\/www.fcpe78.fr\/cl\/chatou\/wp-json\/wp\/v2\/types\/page"}],"author":[{"embeddable":true,"href":"https:\/\/www.fcpe78.fr\/cl\/chatou\/wp-json\/wp\/v2\/users\/18"}],"replies":[{"embeddable":true,"href":"https:\/\/www.fcpe78.fr\/cl\/chatou\/wp-json\/wp\/v2\/comments?post=51"}],"version-history":[{"count":7,"href":"https:\/\/www.fcpe78.fr\/cl\/chatou\/wp-json\/wp\/v2\/pages\/51\/revisions"}],"predecessor-version":[{"id":717,"href":"https:\/\/www.fcpe78.fr\/cl\/chatou\/wp-json\/wp\/v2\/pages\/51\/revisions\/717"}],"wp:attachment":[{"href":"https:\/\/www.fcpe78.fr\/cl\/chatou\/wp-json\/wp\/v2\/media?parent=51"}],"curies":[{"name":"wp","href":"https:\/\/api.w.org\/{rel}","templated":true}]}}