{"id":49,"date":"2018-07-03T16:15:10","date_gmt":"2018-07-03T14:15:10","guid":{"rendered":"http:\/\/www.fcpe78.fr\/cl\/chatou\/?page_id=49"},"modified":"2024-10-04T16:58:21","modified_gmt":"2024-10-04T14:58:21","slug":"maternelle-les-champs-moutons","status":"publish","type":"page","link":"https:\/\/www.fcpe78.fr\/cl\/chatou\/maternelle-les-champs-moutons\/","title":{"rendered":"Maternelle Les Champs-Moutons"},"content":{"rendered":"<p><img decoding=\"async\" loading=\"lazy\" class=\"alignnone  wp-image-338\" src=\"http:\/\/www.fcpe78.fr\/cl\/chatou\/files\/2019\/01\/champs-mouton_mater.jpg\" alt=\"\" width=\"205\" height=\"154\" srcset=\"https:\/\/www.fcpe78.fr\/cl\/chatou\/files\/2019\/01\/champs-mouton_mater.jpg 333w, https:\/\/www.fcpe78.fr\/cl\/chatou\/files\/2019\/01\/champs-mouton_mater-300x225.jpg 300w, https:\/\/www.fcpe78.fr\/cl\/chatou\/files\/2019\/01\/champs-mouton_mater-332x249.jpg 332w\" sizes=\"(max-width: 205px) 100vw, 205px\" \/> <img decoding=\"async\" loading=\"lazy\" class=\"alignnone  wp-image-339\" src=\"http:\/\/www.fcpe78.fr\/cl\/chatou\/files\/2019\/01\/champs-mouton_mater2.jpg\" alt=\"\" width=\"399\" height=\"153\" srcset=\"https:\/\/www.fcpe78.fr\/cl\/chatou\/files\/2019\/01\/champs-mouton_mater2.jpg 1536w, https:\/\/www.fcpe78.fr\/cl\/chatou\/files\/2019\/01\/champs-mouton_mater2-300x115.jpg 300w, https:\/\/www.fcpe78.fr\/cl\/chatou\/files\/2019\/01\/champs-mouton_mater2-768x294.jpg 768w, https:\/\/www.fcpe78.fr\/cl\/chatou\/files\/2019\/01\/champs-mouton_mater2-1024x392.jpg 1024w, https:\/\/www.fcpe78.fr\/cl\/chatou\/files\/2019\/01\/champs-mouton_mater2-700x268.jpg 700w, https:\/\/www.fcpe78.fr\/cl\/chatou\/files\/2019\/01\/champs-mouton_mater2-332x127.jpg 332w\" sizes=\"(max-width: 399px) 100vw, 399px\" \/><\/p>\n<div>46, rue des Vignobles 78400 Chatou<br \/>\n01 39 52 01 83<\/div>\n<div><strong>Directrice<\/strong> : Madame LALEU<\/div>\n<div><\/div>\n<div><\/div>\n<div>\n<div><strong>Votre interlocuteur FCPE \u00e0 l\u2019\u00e9cole:<\/strong><br \/>\nM Romain BRUDER<br \/>\nEmail:\u00a0<a href=\"mailto:fcpe.champsmouton.elem@gmail.com\">fcpe.champsmouton.elem@gmail.com<\/a><\/div>\n<\/div>\n<div><\/div>\n<div>Voir <a href=\"https:\/\/www.fcpe78.fr\/cl\/chatou\/elementaire-les-champs-moutons\/\">Ecole Champs Moutons<\/a><\/div>\n<p><strong>Effectifs de l\u2019\u00e9cole 2022-2023<\/strong> : 95 enfants, r\u00e9partis en 4 classes<\/p>\n<div>\n<div class=\"nettoyeur\"><strong>Les repr\u00e9sentants de parents d\u2019\u00e9l\u00e8ves aux\u00a0 Champs Moutons c\u2019est\u00a0:<\/strong><\/div>\n<\/div>\n<ul>\n<li>Vous repr\u00e9senter lors des 3 conseils d&rsquo;\u00e9cole<\/li>\n<li>Des <strong>interlocuteurs<\/strong> aupr\u00e8s de la mairie et de l\u2019\u00e9quipe enseignante<\/li>\n<li>Soutien de l&rsquo;\u00e9cole pour le maintien de toutes les classes et permettre un enseignement optimal<\/li>\n<li>Vente de chocolats \u00e0 Noel<\/li>\n<li>Organisation d&rsquo;une kermesse en fin d&rsquo;ann\u00e9e<\/li>\n<\/ul>\n<p><a href=\"http:\/\/www.fcpe-chatou.fr\/pourquoi-adherer.html\">N\u2019h\u00e9sitez pas \u00e0 nous contacter ou m\u00eame \u00e0 nous rejoindre.<\/a><\/p>\n","protected":false},"excerpt":{"rendered":"<p>46, rue des Vignobles 78400 Chatou 01 39 52 01 83 Directrice : Madame LALEU Votre interlocuteur FCPE \u00e0 l\u2019\u00e9cole: M Romain BRUDER Email:\u00a0fcpe.champsmouton.elem@gmail.com Voir Ecole Champs Moutons Effectifs de l\u2019\u00e9cole 2022-2023 : 95 enfants, r\u00e9partis en 4 classes Les repr\u00e9sentants de parents d\u2019\u00e9l\u00e8ves aux\u00a0 Champs Moutons c\u2019est\u00a0: Vous repr\u00e9senter &#8230;<\/p>\n","protected":false},"author":18,"featured_media":0,"parent":0,"menu_order":0,"comment_status":"closed","ping_status":"closed","template":"","meta":[],"_links":{"self":[{"href":"https:\/\/www.fcpe78.fr\/cl\/chatou\/wp-json\/wp\/v2\/pages\/49"}],"collection":[{"href":"https:\/\/www.fcpe78.fr\/cl\/chatou\/wp-json\/wp\/v2\/pages"}],"about":[{"href":"https:\/\/www.fcpe78.fr\/cl\/chatou\/wp-json\/wp\/v2\/types\/page"}],"author":[{"embeddable":true,"href":"https:\/\/www.fcpe78.fr\/cl\/chatou\/wp-json\/wp\/v2\/users\/18"}],"replies":[{"embeddable":true,"href":"https:\/\/www.fcpe78.fr\/cl\/chatou\/wp-json\/wp\/v2\/comments?post=49"}],"version-history":[{"count":10,"href":"https:\/\/www.fcpe78.fr\/cl\/chatou\/wp-json\/wp\/v2\/pages\/49\/revisions"}],"predecessor-version":[{"id":711,"href":"https:\/\/www.fcpe78.fr\/cl\/chatou\/wp-json\/wp\/v2\/pages\/49\/revisions\/711"}],"wp:attachment":[{"href":"https:\/\/www.fcpe78.fr\/cl\/chatou\/wp-json\/wp\/v2\/media?parent=49"}],"curies":[{"name":"wp","href":"https:\/\/api.w.org\/{rel}","templated":true}]}}