{"id":45,"date":"2018-07-03T16:13:10","date_gmt":"2018-07-03T14:13:10","guid":{"rendered":"http:\/\/www.fcpe78.fr\/cl\/chatou\/?page_id=45"},"modified":"2024-10-04T16:53:53","modified_gmt":"2024-10-04T14:53:53","slug":"maternelle-les-chardrottes","status":"publish","type":"page","link":"https:\/\/www.fcpe78.fr\/cl\/chatou\/maternelle-les-chardrottes\/","title":{"rendered":"Maternelle Les Chardrottes"},"content":{"rendered":"<p><img decoding=\"async\" loading=\"lazy\" class=\"alignnone  wp-image-293\" src=\"http:\/\/www.fcpe78.fr\/cl\/chatou\/files\/2018\/12\/photo-Chardrottes.jpg\" alt=\"\" width=\"206\" height=\"154\" \/>\u00a0 <img decoding=\"async\" loading=\"lazy\" class=\"alignnone  wp-image-292\" src=\"http:\/\/www.fcpe78.fr\/cl\/chatou\/files\/2018\/12\/photo-Chardrottes-2-300x241.jpg\" alt=\"\" width=\"191\" height=\"154\" srcset=\"https:\/\/www.fcpe78.fr\/cl\/chatou\/files\/2018\/12\/photo-Chardrottes-2-300x241.jpg 300w, https:\/\/www.fcpe78.fr\/cl\/chatou\/files\/2018\/12\/photo-Chardrottes-2-332x266.jpg 332w, https:\/\/www.fcpe78.fr\/cl\/chatou\/files\/2018\/12\/photo-Chardrottes-2.jpg 449w\" sizes=\"(max-width: 191px) 100vw, 191px\" \/><\/p>\n<div>\n<p>6, chemin de Traverse 78400 Chatou<br \/>\n01 30 09 60 79<br \/>\n<strong>Directrice<\/strong> : Madame Virginie BACH<\/p>\n<p><strong>Blog de l&rsquo;\u00e9cole:<\/strong> <a href=\"http:\/\/blog.ac-versailles.fr\/maternelleleschardrottes\/index.php\/\">http:\/\/blog.ac-versailles.fr\/maternelleleschardrottes\/index.php\/<\/a><\/p>\n<div><strong>Votre interlocuteur FCPE \u00e0 l&rsquo;\u00e9cole:<\/strong><br \/>\nMme Am\u00e9lie ESCUDERO<br \/>\nEmail: <a href=\"mailto:fcpe.chardrottes.chatou@gmail.com\" target=\"_blank\" rel=\"noopener\">fcpe.chardrottes.chatou@gmail.com<\/a><\/div>\n<p><img decoding=\"async\" loading=\"lazy\" class=\" wp-image-706 alignleft\" src=\"http:\/\/www.fcpe78.fr\/cl\/chatou\/files\/2024\/10\/Profession-de-foi-FCPE-LES-CHARDROTTES-2024-2025-722x1024.png\" alt=\"\" width=\"406\" height=\"576\" srcset=\"https:\/\/www.fcpe78.fr\/cl\/chatou\/files\/2024\/10\/Profession-de-foi-FCPE-LES-CHARDROTTES-2024-2025-722x1024.png 722w, https:\/\/www.fcpe78.fr\/cl\/chatou\/files\/2024\/10\/Profession-de-foi-FCPE-LES-CHARDROTTES-2024-2025-212x300.png 212w, https:\/\/www.fcpe78.fr\/cl\/chatou\/files\/2024\/10\/Profession-de-foi-FCPE-LES-CHARDROTTES-2024-2025-768x1089.png 768w, https:\/\/www.fcpe78.fr\/cl\/chatou\/files\/2024\/10\/Profession-de-foi-FCPE-LES-CHARDROTTES-2024-2025-1083x1536.png 1083w, https:\/\/www.fcpe78.fr\/cl\/chatou\/files\/2024\/10\/Profession-de-foi-FCPE-LES-CHARDROTTES-2024-2025-700x993.png 700w, https:\/\/www.fcpe78.fr\/cl\/chatou\/files\/2024\/10\/Profession-de-foi-FCPE-LES-CHARDROTTES-2024-2025-332x471.png 332w, https:\/\/www.fcpe78.fr\/cl\/chatou\/files\/2024\/10\/Profession-de-foi-FCPE-LES-CHARDROTTES-2024-2025.png 1410w\" sizes=\"(max-width: 406px) 100vw, 406px\" \/><\/p>\n<div>\n<div class=\"nettoyeur\"><\/div>\n<\/div>\n<\/div>\n<p><strong>Effectifs de l\u2019\u00e9cole 2022-2023<\/strong>: 113 \u00e9l\u00e8ves<\/p>\n<div>\n<p><strong>Les repr\u00e9sentants de parents d\u2019\u00e9l\u00e8ves aux Chardrottes c\u2019est\u00a0:<\/strong><\/p>\n<div class=\"nettoyeur\">\n<ul>\n<li>Participation \u00e0 tous les \u00e9v\u00e8nements de l&rsquo;\u00e9cole (ex.: gestion du stand caf\u00e9\/vin chaud lors du march\u00e9 de No\u00ebl, aide installation\/rangement lors de la chorale, aide installation\/tenue de stands\/ rangement lors de la kermesse)<\/li>\n<li>Visite de la cantine et compte-rendu aux parents<\/li>\n<li>Vous repr\u00e9senter chaque trimestre au conseil d\u2019\u00e9cole et transmettre vos suggestions<\/li>\n<li>\u00catre \u00e0 votre \u00e9coute au quotidien concernant la vie de vos enfants \u00e0 l\u2019\u00e9cole<\/li>\n<li>Faciliter la communication entre les parents, l\u2019\u00e9quipe enseignante et la mairie<\/li>\n<\/ul>\n<\/div>\n<\/div>\n<p><strong><u>Comptes-rendus des conseils d\u2019\u00e9cole\u00a0:<\/u><\/strong><\/p>\n<p><strong>Ann\u00e9e 2018-2019\u00a0:<\/strong><\/p>\n<ul>\n<li>Conseil d\u2019\u00e9cole n\u00b01: <a href=\"http:\/\/www.fcpe78.fr\/cl\/chatou\/files\/2018\/12\/PV-1er-CE-6-novembre-2018_chardrottesd.pdf\">PV 1er CE 6 novembre 2018_chardrottesd<\/a><\/li>\n<\/ul>\n<p><strong>Ann\u00e9e 2017-2018\u00a0:<\/strong><\/p>\n<ul>\n<li>Conseil d\u2019\u00e9cole n\u00b01: <a href=\"http:\/\/www.fcpe78.fr\/cl\/chatou\/files\/2018\/12\/PV-1er-CE-10-novembre-2017_chardrottes.pdf\">PV 1er CE 10 novembre 2017_chardrottes<\/a><\/li>\n<li>Conseil d\u2019\u00e9cole n\u00b02:\u00a0<a href=\"http:\/\/www.fcpe78.fr\/cl\/chatou\/files\/2018\/12\/PV-2eme-CE-6-mars-2018_chardrottes.pdf\">PV 2eme CE 6 mars 2018_chardrottes<\/a><\/li>\n<li>Conseil d\u2019\u00e9cole n\u00b03: <a href=\"http:\/\/www.fcpe78.fr\/cl\/chatou\/files\/2018\/12\/PV-3\u00e8me-CE-14-juin-2018_chardrottes.pdf\">PV 3\u00e8me CE 14 juin 2018_chardrottes<\/a><\/li>\n<\/ul>\n<p><a href=\"http:\/\/www.fcpe-chatou.fr\/pourquoi-adherer.html\">N\u2019h\u00e9sitez pas \u00e0 nous contacter ou m\u00eame \u00e0 nous rejoindre.<\/a><\/p>\n","protected":false},"excerpt":{"rendered":"<p>\u00a0 6, chemin de Traverse 78400 Chatou 01 30 09 60 79 Directrice : Madame Virginie BACH Blog de l&rsquo;\u00e9cole: http:\/\/blog.ac-versailles.fr\/maternelleleschardrottes\/index.php\/ Votre interlocuteur FCPE \u00e0 l&rsquo;\u00e9cole: Mme Am\u00e9lie ESCUDERO Email: fcpe.chardrottes.chatou@gmail.com Effectifs de l\u2019\u00e9cole 2022-2023: 113 \u00e9l\u00e8ves Les repr\u00e9sentants de parents d\u2019\u00e9l\u00e8ves aux Chardrottes c\u2019est\u00a0: Participation \u00e0 tous les \u00e9v\u00e8nements &#8230;<\/p>\n","protected":false},"author":18,"featured_media":0,"parent":0,"menu_order":0,"comment_status":"closed","ping_status":"closed","template":"","meta":[],"_links":{"self":[{"href":"https:\/\/www.fcpe78.fr\/cl\/chatou\/wp-json\/wp\/v2\/pages\/45"}],"collection":[{"href":"https:\/\/www.fcpe78.fr\/cl\/chatou\/wp-json\/wp\/v2\/pages"}],"about":[{"href":"https:\/\/www.fcpe78.fr\/cl\/chatou\/wp-json\/wp\/v2\/types\/page"}],"author":[{"embeddable":true,"href":"https:\/\/www.fcpe78.fr\/cl\/chatou\/wp-json\/wp\/v2\/users\/18"}],"replies":[{"embeddable":true,"href":"https:\/\/www.fcpe78.fr\/cl\/chatou\/wp-json\/wp\/v2\/comments?post=45"}],"version-history":[{"count":12,"href":"https:\/\/www.fcpe78.fr\/cl\/chatou\/wp-json\/wp\/v2\/pages\/45\/revisions"}],"predecessor-version":[{"id":707,"href":"https:\/\/www.fcpe78.fr\/cl\/chatou\/wp-json\/wp\/v2\/pages\/45\/revisions\/707"}],"wp:attachment":[{"href":"https:\/\/www.fcpe78.fr\/cl\/chatou\/wp-json\/wp\/v2\/media?parent=45"}],"curies":[{"name":"wp","href":"https:\/\/api.w.org\/{rel}","templated":true}]}}