{"id":43,"date":"2018-07-03T16:12:14","date_gmt":"2018-07-03T14:12:14","guid":{"rendered":"http:\/\/www.fcpe78.fr\/cl\/chatou\/?page_id=43"},"modified":"2024-10-04T16:47:20","modified_gmt":"2024-10-04T14:47:20","slug":"maternelle-ernest-bousson","status":"publish","type":"page","link":"https:\/\/www.fcpe78.fr\/cl\/chatou\/maternelle-ernest-bousson\/","title":{"rendered":"Maternelle Ernest Bousson"},"content":{"rendered":"<div>\n<p>22 avenue Ernest Bousson<br \/>\n78400 Chatou<br \/>\n01 39 52 70 74<br \/>\nDirectrice : Madame FILIPPI<\/p>\n<div>Votre interlocuteur FCPE \u00e0 l\u2019\u00e9cole:<br \/>\nMme Myriam Granville<br \/>\nEmail: <a href=\"mailto:fcpe.bousson@gmail.com\">fcpe.bousson@gmail.com<\/a><\/div>\n<\/div>\n<p><img decoding=\"async\" loading=\"lazy\" class=\" wp-image-702 alignleft\" src=\"http:\/\/www.fcpe78.fr\/cl\/chatou\/files\/2024\/10\/Profession-de-foi-FCPE-BOUSSON-2024-2025-721x1024.png\" alt=\"\" width=\"528\" height=\"750\" srcset=\"https:\/\/www.fcpe78.fr\/cl\/chatou\/files\/2024\/10\/Profession-de-foi-FCPE-BOUSSON-2024-2025-721x1024.png 721w, https:\/\/www.fcpe78.fr\/cl\/chatou\/files\/2024\/10\/Profession-de-foi-FCPE-BOUSSON-2024-2025-211x300.png 211w, https:\/\/www.fcpe78.fr\/cl\/chatou\/files\/2024\/10\/Profession-de-foi-FCPE-BOUSSON-2024-2025-768x1090.png 768w, https:\/\/www.fcpe78.fr\/cl\/chatou\/files\/2024\/10\/Profession-de-foi-FCPE-BOUSSON-2024-2025-1082x1536.png 1082w, https:\/\/www.fcpe78.fr\/cl\/chatou\/files\/2024\/10\/Profession-de-foi-FCPE-BOUSSON-2024-2025-700x994.png 700w, https:\/\/www.fcpe78.fr\/cl\/chatou\/files\/2024\/10\/Profession-de-foi-FCPE-BOUSSON-2024-2025-332x471.png 332w, https:\/\/www.fcpe78.fr\/cl\/chatou\/files\/2024\/10\/Profession-de-foi-FCPE-BOUSSON-2024-2025.png 1409w\" sizes=\"(max-width: 528px) 100vw, 528px\" \/><\/p>\n<div>\n<div>\n<div class=\"nettoyeur\"><\/div>\n<\/div>\n<\/div>\n<p>Effectifs de l\u2019\u00e9cole 2022-2023: 102 enfants, r\u00e9partis en 3 classes<\/p>\n<h3>Nos actions :<\/h3>\n<div>\n<p>\u2022 Vous repr\u00e9senter chaque trimestre au conseil d\u2019\u00e9cole et transmettre vos suggestions<br \/>\n\u2022 Etre \u00e0 votre \u00e9coute au quotidien concernant la vie de vos enfants \u00e0 l\u2019\u00e9cole<br \/>\n\u2022 Faciliter la communication entre les parents, l\u2019\u00e9quipe enseignante et la mairie<br \/>\n\u2022 Organiser une kermesse en fin d\u2019ann\u00e9e<\/p>\n<\/div>\n<p><a href=\"http:\/\/www.fcpe-chatou.fr\/pourquoi-adherer.html\" data-wplink-edit=\"true\">N\u2019h\u00e9sitez pas \u00e0 nous contacter ou m\u00eame \u00e0 nous rejoindre.<\/a><\/p>\n","protected":false},"excerpt":{"rendered":"<p>22 avenue Ernest Bousson 78400 Chatou 01 39 52 70 74 Directrice : Madame FILIPPI Votre interlocuteur FCPE \u00e0 l\u2019\u00e9cole: Mme Myriam Granville Email: fcpe.bousson@gmail.com Effectifs de l\u2019\u00e9cole 2022-2023: 102 enfants, r\u00e9partis en 3 classes Nos actions : \u2022 Vous repr\u00e9senter chaque trimestre au conseil d\u2019\u00e9cole et transmettre vos suggestions &#8230;<\/p>\n","protected":false},"author":18,"featured_media":0,"parent":0,"menu_order":0,"comment_status":"closed","ping_status":"closed","template":"","meta":[],"_links":{"self":[{"href":"https:\/\/www.fcpe78.fr\/cl\/chatou\/wp-json\/wp\/v2\/pages\/43"}],"collection":[{"href":"https:\/\/www.fcpe78.fr\/cl\/chatou\/wp-json\/wp\/v2\/pages"}],"about":[{"href":"https:\/\/www.fcpe78.fr\/cl\/chatou\/wp-json\/wp\/v2\/types\/page"}],"author":[{"embeddable":true,"href":"https:\/\/www.fcpe78.fr\/cl\/chatou\/wp-json\/wp\/v2\/users\/18"}],"replies":[{"embeddable":true,"href":"https:\/\/www.fcpe78.fr\/cl\/chatou\/wp-json\/wp\/v2\/comments?post=43"}],"version-history":[{"count":6,"href":"https:\/\/www.fcpe78.fr\/cl\/chatou\/wp-json\/wp\/v2\/pages\/43\/revisions"}],"predecessor-version":[{"id":703,"href":"https:\/\/www.fcpe78.fr\/cl\/chatou\/wp-json\/wp\/v2\/pages\/43\/revisions\/703"}],"wp:attachment":[{"href":"https:\/\/www.fcpe78.fr\/cl\/chatou\/wp-json\/wp\/v2\/media?parent=43"}],"curies":[{"name":"wp","href":"https:\/\/api.w.org\/{rel}","templated":true}]}}