{"id":416,"date":"2019-09-16T16:20:21","date_gmt":"2019-09-16T14:20:21","guid":{"rendered":"http:\/\/www.fcpe78.fr\/cl\/chatou\/?page_id=416"},"modified":"2019-09-16T16:20:21","modified_gmt":"2019-09-16T14:20:21","slug":"le-periscolaire","status":"publish","type":"page","link":"https:\/\/www.fcpe78.fr\/cl\/chatou\/le-periscolaire\/","title":{"rendered":"Le P\u00e9riscolaire"},"content":{"rendered":"<p>Dans son r\u00f4le d&rsquo;acteur de la communaut\u00e9 \u00e9ducative, les repr\u00e9sentants de parents d&rsquo;\u00e9l\u00e8ves interviennent aussi sur les temps dits p\u00e9riscolaires (accueil du matin, cantine, garderie du soir, \u00e9tude surveill\u00e9e&#8230;).<\/p>\n<p>A Chatou, les f\u00e9d\u00e9rations de parents sont pr\u00e9sentes lors des commissions :<\/p>\n<ul>\n<li>de restauration<\/li>\n<li>de d\u00e9rogation&#8230;<\/li>\n<\/ul>\n","protected":false},"excerpt":{"rendered":"<p>Dans son r\u00f4le d&rsquo;acteur de la communaut\u00e9 \u00e9ducative, les repr\u00e9sentants de parents d&rsquo;\u00e9l\u00e8ves interviennent aussi sur les temps dits p\u00e9riscolaires (accueil du matin, cantine, garderie du soir, \u00e9tude surveill\u00e9e&#8230;). A Chatou, les f\u00e9d\u00e9rations de parents sont pr\u00e9sentes lors des commissions : de restauration de d\u00e9rogation&#8230;<\/p>\n","protected":false},"author":39,"featured_media":0,"parent":0,"menu_order":0,"comment_status":"closed","ping_status":"closed","template":"","meta":[],"_links":{"self":[{"href":"https:\/\/www.fcpe78.fr\/cl\/chatou\/wp-json\/wp\/v2\/pages\/416"}],"collection":[{"href":"https:\/\/www.fcpe78.fr\/cl\/chatou\/wp-json\/wp\/v2\/pages"}],"about":[{"href":"https:\/\/www.fcpe78.fr\/cl\/chatou\/wp-json\/wp\/v2\/types\/page"}],"author":[{"embeddable":true,"href":"https:\/\/www.fcpe78.fr\/cl\/chatou\/wp-json\/wp\/v2\/users\/39"}],"replies":[{"embeddable":true,"href":"https:\/\/www.fcpe78.fr\/cl\/chatou\/wp-json\/wp\/v2\/comments?post=416"}],"version-history":[{"count":3,"href":"https:\/\/www.fcpe78.fr\/cl\/chatou\/wp-json\/wp\/v2\/pages\/416\/revisions"}],"predecessor-version":[{"id":419,"href":"https:\/\/www.fcpe78.fr\/cl\/chatou\/wp-json\/wp\/v2\/pages\/416\/revisions\/419"}],"wp:attachment":[{"href":"https:\/\/www.fcpe78.fr\/cl\/chatou\/wp-json\/wp\/v2\/media?parent=416"}],"curies":[{"name":"wp","href":"https:\/\/api.w.org\/{rel}","templated":true}]}}