{"id":40,"date":"2018-07-03T16:10:20","date_gmt":"2018-07-03T14:10:20","guid":{"rendered":"http:\/\/www.fcpe78.fr\/cl\/chatou\/?page_id=40"},"modified":"2024-10-04T16:47:50","modified_gmt":"2024-10-04T14:47:50","slug":"maternelle-les-marolles","status":"publish","type":"page","link":"https:\/\/www.fcpe78.fr\/cl\/chatou\/maternelle-les-marolles\/","title":{"rendered":"Maternelle Les Marolles"},"content":{"rendered":"<div>\n<p>57, Avenue de Verdun<br \/>\n78400 Chatou<br \/>\n01 39 52 72 66<\/p>\n<p>Directrice : Mme VICOT<\/p>\n<div>Votre interlocuteur FCPE \u00e0 l\u2019\u00e9cole des Marolles:<br \/>\nMme Aude HENNEQUIN<br \/>\nEmail: <a href=\"mailto:fcpechatoulesmarolles@gmail.com\" target=\"_blank\" rel=\"noopener\">fcpechatoulesmarolles@gmail.com<\/a><\/div>\n<\/div>\n<div><\/div>\n<div><img decoding=\"async\" loading=\"lazy\" class=\" wp-image-699 alignleft\" src=\"http:\/\/www.fcpe78.fr\/cl\/chatou\/files\/2024\/10\/Profession-de-foi-FCPE-LES-MAROLLES-2024-2025.pdf-721x1024.png\" alt=\"\" width=\"453\" height=\"643\" srcset=\"https:\/\/www.fcpe78.fr\/cl\/chatou\/files\/2024\/10\/Profession-de-foi-FCPE-LES-MAROLLES-2024-2025.pdf-721x1024.png 721w, https:\/\/www.fcpe78.fr\/cl\/chatou\/files\/2024\/10\/Profession-de-foi-FCPE-LES-MAROLLES-2024-2025.pdf-211x300.png 211w, https:\/\/www.fcpe78.fr\/cl\/chatou\/files\/2024\/10\/Profession-de-foi-FCPE-LES-MAROLLES-2024-2025.pdf-768x1090.png 768w, https:\/\/www.fcpe78.fr\/cl\/chatou\/files\/2024\/10\/Profession-de-foi-FCPE-LES-MAROLLES-2024-2025.pdf-1082x1536.png 1082w, https:\/\/www.fcpe78.fr\/cl\/chatou\/files\/2024\/10\/Profession-de-foi-FCPE-LES-MAROLLES-2024-2025.pdf-700x994.png 700w, https:\/\/www.fcpe78.fr\/cl\/chatou\/files\/2024\/10\/Profession-de-foi-FCPE-LES-MAROLLES-2024-2025.pdf-332x471.png 332w, https:\/\/www.fcpe78.fr\/cl\/chatou\/files\/2024\/10\/Profession-de-foi-FCPE-LES-MAROLLES-2024-2025.pdf.png 1409w\" sizes=\"(max-width: 453px) 100vw, 453px\" \/><\/div>\n<div><\/div>\n<p>Effectifs de l\u2019\u00e9cole 2022-2023 : 101 enfants, r\u00e9partis en 4 classes<\/p>\n<div>\n<h3>Nos actions<\/h3>\n<p>\u2022 Participation aux Conseils d\u2019\u00e9cole<\/p>\n<p>\u2022 Organisation du Caf\u00e9 des Parents qui a lieu apr\u00e8s la f\u00eate du printemps en Mars.<\/p>\n<p>\u2022 Organisation de la Kermesse de fin d\u2019ann\u00e9e<\/p>\n<p>\u2022 Notre r\u00f4le de repr\u00e9sentants de parents d\u2019\u00e9l\u00e8ves est d\u2018\u00eatre l\u2019interm\u00e9diaire entre les familles, l\u2019\u00e9cole, la Mairie et l\u2019Inspection Acad\u00e9mique et d&rsquo;intervenir si besoin<\/p>\n<\/div>\n<p><a href=\"http:\/\/www.fcpe-chatou.fr\/pourquoi-adherer.html\">N\u2019h\u00e9sitez pas \u00e0 nous contacter ou m\u00eame \u00e0 nous rejoindre.<\/a><\/p>\n","protected":false},"excerpt":{"rendered":"<p>57, Avenue de Verdun 78400 Chatou 01 39 52 72 66 Directrice : Mme VICOT Votre interlocuteur FCPE \u00e0 l\u2019\u00e9cole des Marolles: Mme Aude HENNEQUIN Email: fcpechatoulesmarolles@gmail.com Effectifs de l\u2019\u00e9cole 2022-2023 : 101 enfants, r\u00e9partis en 4 classes Nos actions \u2022 Participation aux Conseils d\u2019\u00e9cole \u2022 Organisation du Caf\u00e9 des &#8230;<\/p>\n","protected":false},"author":39,"featured_media":0,"parent":0,"menu_order":0,"comment_status":"closed","ping_status":"closed","template":"","meta":[],"_links":{"self":[{"href":"https:\/\/www.fcpe78.fr\/cl\/chatou\/wp-json\/wp\/v2\/pages\/40"}],"collection":[{"href":"https:\/\/www.fcpe78.fr\/cl\/chatou\/wp-json\/wp\/v2\/pages"}],"about":[{"href":"https:\/\/www.fcpe78.fr\/cl\/chatou\/wp-json\/wp\/v2\/types\/page"}],"author":[{"embeddable":true,"href":"https:\/\/www.fcpe78.fr\/cl\/chatou\/wp-json\/wp\/v2\/users\/39"}],"replies":[{"embeddable":true,"href":"https:\/\/www.fcpe78.fr\/cl\/chatou\/wp-json\/wp\/v2\/comments?post=40"}],"version-history":[{"count":11,"href":"https:\/\/www.fcpe78.fr\/cl\/chatou\/wp-json\/wp\/v2\/pages\/40\/revisions"}],"predecessor-version":[{"id":704,"href":"https:\/\/www.fcpe78.fr\/cl\/chatou\/wp-json\/wp\/v2\/pages\/40\/revisions\/704"}],"wp:attachment":[{"href":"https:\/\/www.fcpe78.fr\/cl\/chatou\/wp-json\/wp\/v2\/media?parent=40"}],"curies":[{"name":"wp","href":"https:\/\/api.w.org\/{rel}","templated":true}]}}