{"id":31,"date":"2018-07-03T16:01:44","date_gmt":"2018-07-03T14:01:44","guid":{"rendered":"http:\/\/www.fcpe78.fr\/cl\/chatou\/?page_id=31"},"modified":"2023-09-13T10:19:58","modified_gmt":"2023-09-13T08:19:58","slug":"pourquoi-adherer","status":"publish","type":"page","link":"https:\/\/www.fcpe78.fr\/cl\/chatou\/pourquoi-adherer\/","title":{"rendered":"Pourquoi adh\u00e9rer ?"},"content":{"rendered":"<ul class=\"disc\">\n<li>Pour faire partie d\u2019un groupe : s&rsquo;associer pour avoir une meilleure force d\u2019action, de proposition, pour \u00e9changer des informations au sein de notre r\u00e9seau local, \u00eatre soutenu<\/li>\n<li>Les parents d\u00e9l\u00e9gu\u00e9s repr\u00e9sentent les parents et la FCPE et parlent en son nom. C\u2019est en fait la FCPE qui \u00ab mandate \u00bb un parent ; ce dernier n\u2019est pas \u00ab auto-proclam\u00e9 \u00bb. On ne peut assister ou s\u2019exprimer \u00e0 un conseil d\u2019\u00e9cole ou de classe si on n\u2019est pas adh\u00e9rent de l\u2019association.<\/li>\n<li>Chaque parent d\u00e9l\u00e9gu\u00e9 est assur\u00e9 par la FCPE nationale (en cas de litige ou accident, \u2026)<\/li>\n<li>Avoir acc\u00e8s \u00e0 l\u2019information (magazine Revue des parents, dossiers th\u00e9matiques)<\/li>\n<li>Un acc\u00e8s aux dossiers et compte-rendus de nos r\u00e9unions fcpe, des commissions auxquelles nous participons, mis en ligne sur notre site<\/li>\n<li>Acc\u00e8s pour ceux qui le souhaitent \u00e0 des formations via la FCPE du d\u00e9partement (CDPE)<\/li>\n<li>Pour faire vivre les conseils locaux et la f\u00e9d\u00e9ration. La part locale (5\u20ac) que nous conservons nous permet notamment de financer les copies pour les \u00e9lections, pour notre fonctionnement (journal de rentr\u00e9e, etc).<\/li>\n<li>L\u2019adh\u00e9sion de 24\u20ac &#8211; 4\u20ac (revue des parents)=20\u20ac donne lieu \u00e0 une d\u00e9duction fiscale de 13,20\u20ac environ (66%), soit un co\u00fbt r\u00e9el de seulement 6,80\u20ac par an (ou 10,80 \u20ac avec la revue des parents). On rappelle que la souscription \u00e0 La Revue des Parents est facultative<\/li>\n<li>En devenant adh\u00e9rent vous \u00eates automatiquement inscrit dans notre liste de distribution et recevez toutes nos informations ; vous avez acc\u00e8s au conseil local qui se tient tous les deux mois et vous informe sur l\u2019\u00e9cole de vos enfants<\/li>\n<\/ul>\n<p><img decoding=\"async\" loading=\"lazy\" class=\"size-full wp-image-322 aligncenter\" src=\"http:\/\/www.fcpe78.fr\/cl\/chatou\/files\/2018\/12\/affichefcpeelectionsscolaires_1.jpg\" alt=\"\" width=\"318\" height=\"450\" srcset=\"https:\/\/www.fcpe78.fr\/cl\/chatou\/files\/2018\/12\/affichefcpeelectionsscolaires_1.jpg 318w, https:\/\/www.fcpe78.fr\/cl\/chatou\/files\/2018\/12\/affichefcpeelectionsscolaires_1-212x300.jpg 212w\" sizes=\"(max-width: 318px) 100vw, 318px\" \/><\/p>\n<h2>Deux possibilit\u00e9s :<\/h2>\n<div><strong>Devenir adh\u00e9rent actif et \u00eatre repr\u00e9sentant de parents \u00e9lu dans l\u2019\u00e9cole de vos enfants. C\u2019est tr\u00e8s facile et accessible \u00e0 tous. Chacun peut apporter \u00e0 une \u00e9quipe son aide, son approche, \u00e0 la hauteur de ses disponibilit\u00e9s et de ce qu\u2019il souhaite apporter&#8230;<br \/><\/strong>\n<p>\u00a0<\/p>\n<p>\u00a0<\/p>\n<div class=\"nettoyeur\">\u00a0<\/div>\n<\/div>\n<div>\n<p>Devenir adh\u00e9rent simple pour soutenir la fcpe et nous soutenir localement, pour recevoir les informations concernant l\u2019\u00e9cole \u00e0 Chatou, pour \u00eatre avertis des projets ou actions dans l\u2019\u00e9cole de vos enfants.<\/p>\n<div class=\"nettoyeur\">\u00a0<\/div>\n<\/div>\n<h2>C\u2019est une excellente mani\u00e8re de mieux connaitre l\u2019\u00e9cole, de tisser des liens avec d\u2019autres parents, de se sentir impliqu\u00e9, d\u2019\u00eatre l\u00e0 pour nos enfants.<\/h2>\n<p>\u00a0<\/p>\n<p><strong><a href=\"https:\/\/www.fcpe-adhesion.fr\/078\/adhesion\">ADHERER EN LIGNE<\/a><\/strong><\/p>\n<p><strong><a href=\"https:\/\/www.fcpe78.fr\/wp-content\/uploads\/2022\/08\/Bulledin-adhesion-FCPE78-2022-2023.pdf\">T\u00c9L\u00c9CHARGER LE BULLETIN D\u2019ADH\u00c9SION 2023\/2024<\/a><\/strong><\/p>\n<p>\u00a0<\/p>\n<p>Envoyez vos adh\u00e9sions \u00e0 notre tr\u00e9sori\u00e8re:<\/p>\n<p>Marie-Am\u00e9lie LAMBERT<br \/>20 boulevard Jean Jaur\u00e8s<br \/>\u00a078400 CHATOU<\/p>\n<p><a href=\"mailto:chatoufcpe@gmail.com\"><br \/>Cliquez ici pour envoyer un mail a la tr\u00e9sori\u00e8re<\/a><\/p>\n\n","protected":false},"excerpt":{"rendered":"<p>Pour faire partie d\u2019un groupe : s&rsquo;associer pour avoir une meilleure force d\u2019action, de proposition, pour \u00e9changer des informations au sein de notre r\u00e9seau local, \u00eatre soutenu Les parents d\u00e9l\u00e9gu\u00e9s repr\u00e9sentent les parents et la FCPE et parlent en son nom. C\u2019est en fait la FCPE qui \u00ab mandate \u00bb &#8230;<\/p>\n","protected":false},"author":18,"featured_media":0,"parent":0,"menu_order":0,"comment_status":"closed","ping_status":"closed","template":"","meta":[],"_links":{"self":[{"href":"https:\/\/www.fcpe78.fr\/cl\/chatou\/wp-json\/wp\/v2\/pages\/31"}],"collection":[{"href":"https:\/\/www.fcpe78.fr\/cl\/chatou\/wp-json\/wp\/v2\/pages"}],"about":[{"href":"https:\/\/www.fcpe78.fr\/cl\/chatou\/wp-json\/wp\/v2\/types\/page"}],"author":[{"embeddable":true,"href":"https:\/\/www.fcpe78.fr\/cl\/chatou\/wp-json\/wp\/v2\/users\/18"}],"replies":[{"embeddable":true,"href":"https:\/\/www.fcpe78.fr\/cl\/chatou\/wp-json\/wp\/v2\/comments?post=31"}],"version-history":[{"count":12,"href":"https:\/\/www.fcpe78.fr\/cl\/chatou\/wp-json\/wp\/v2\/pages\/31\/revisions"}],"predecessor-version":[{"id":621,"href":"https:\/\/www.fcpe78.fr\/cl\/chatou\/wp-json\/wp\/v2\/pages\/31\/revisions\/621"}],"wp:attachment":[{"href":"https:\/\/www.fcpe78.fr\/cl\/chatou\/wp-json\/wp\/v2\/media?parent=31"}],"curies":[{"name":"wp","href":"https:\/\/api.w.org\/{rel}","templated":true}]}}