{"id":23,"date":"2018-07-03T15:55:09","date_gmt":"2018-07-03T13:55:09","guid":{"rendered":"http:\/\/www.fcpe78.fr\/cl\/chatou\/?page_id=23"},"modified":"2020-10-16T11:45:09","modified_gmt":"2020-10-16T09:45:09","slug":"la-fcpe-a-chatou-conseil-local","status":"publish","type":"page","link":"https:\/\/www.fcpe78.fr\/cl\/chatou\/la-fcpe-a-chatou-conseil-local\/","title":{"rendered":"La FCPE \u00e0 Chatou (conseil local)"},"content":{"rendered":"<div id=\"CMS\">\n<p>Nous sommes d\u00e9sign\u00e9s par le terme <strong>Conseil Local FCPE de Chatou<\/strong>. Juridiquement, nous sommes une \u00e9manation (section) du conseil d\u00e9partemental de Versailles CDPE qui regroupe l\u2019ensemble des adh\u00e9rents dont les enfants sont scolaris\u00e9s dans les Yvelines.<\/p>\n<p>Notre administration et organisation est r\u00e9gie par un r\u00e8glement int\u00e9rieur d\u00e9partemental.<\/p>\n<table style=\"width: 101.114%;height: 685px\">\n<tbody>\n<tr>\n<td style=\"width: 335px\">\n<p><strong>Pr\u00e9sidente :<\/strong><\/p>\n<p>Sabine WAIRY<\/p>\n<p>2 boulevard Jean Jaur\u00e8s<\/p>\n<p>Tel : 06.87.99.20.31<\/p>\n<p>&nbsp;<\/p>\n<p>&nbsp;<\/p>\n<\/td>\n<td style=\"width: 309px\">\n<p><strong>Tr\u00e9sori\u00e8re :<\/strong><\/p>\n<p>St\u00e9phanie BARBIERA<\/p>\n<p>66 boulevard Jean Jaur\u00e8s<\/p>\n<p>Tel : 06.25.41.59.85<\/p>\n<p><strong>Tr\u00e9sori\u00e8re adjointe:<\/strong><\/p>\n<p>Marie-Am\u00e9lie LAMBERT<\/p>\n<\/td>\n<\/tr>\n<tr>\n<td style=\"width: 335px\">\n<p><strong>Secr\u00e9taire :<\/strong><\/p>\n<p>Olivia SEMELIN<\/p>\n<p><strong>Secr\u00e9taires adjointes:<\/strong><\/p>\n<p>Mariette LADOUE<\/p>\n<p>Sabrina DURIMEL<\/p>\n<\/td>\n<td style=\"width: 309px\">\n<p><strong>Vice-pr\u00e9sidentes :<\/strong><\/p>\n<p>Marine RIGATTI<\/p>\n<p>Natacha BETTON<\/p>\n<p>&nbsp;<\/p>\n<p>&nbsp;<\/p>\n<\/td>\n<\/tr>\n<\/tbody>\n<\/table>\n<p><a href=\"http:\/\/www.fcpe78.fr\/\">Aller sur le site de la FCPE des Yvelines (CDPE) : www.fcpe78.fr<br \/>\n<\/a><\/p>\n<h2>Concr\u00e8tement, ce que fait la FCPE de Chatou chaque ann\u00e9e<\/h2>\n<p>\u2022 Organisation de r\u00e9unions de rentr\u00e9e \u00e0 l\u2019attention des parents<br \/>\n\u2022 Soutien aux listes (\u00e9quipes) de chaque \u00e9tablissement, renouvellement annuel<br \/>\n\u2022 Organisation des \u00e9lections de parents d\u2019\u00e9l\u00e8ves mi-octobre pour chaque \u00e9tablissement<br \/>\n\u2022 Participation aux commissions municipales concernant la vie de l\u2019\u00e9cole (commissions scolaires et extra-scolaires, commissions de restauration, commissions des d\u00e9rogations)<br \/>\n\u2022 R\u00e9unions du conseil local tous les deux mois<br \/>\n\u2022 Diffusion d\u2019un journal de rentr\u00e9e et trombinoscope des responsables par \u00e9cole<br \/>\n\u2022 Lettre d\u2019information diffus\u00e9e aux adh\u00e9rents avec les actualit\u00e9s, \u00e9v\u00e9nements, vie de l\u2019association<\/p>\n<h2>Notre r\u00f4le dans les \u00e9coles et coll\u00e8ges<\/h2>\n<p>\u2022 Participation aux conseils d\u2019\u00e9coles, de classes et d\u2019administration<br \/>\n\u2022 R\u00e9pondre aux questions, inqui\u00e9tudes, suggestions des parents<br \/>\n\u2022 Interface parents\/ municipalit\u00e9 ou parents\/acad\u00e9mie<br \/>\n\u2022 R\u00e9daction de comptes-rendus de ces conseils et diffusion aux parents<br \/>\n\u2022 Communications \u00e0 l\u2019attention des parents<br \/>\n\u2022 Organisation des \u00e9lections des repr\u00e9sentants de parents d&rsquo;\u00e9l\u00e8ves<br \/>\n\u2022 Participation \u00e0 des projets communs avec l\u2019\u00e9cole, ludiques et \u00e9ducatifs (kermesses, carnavals, f\u00eates, vente de livres, projets de solidarit\u00e9 avec les personnes \u00e2g\u00e9es etc)<br \/>\n\u2022 Projets \u00ab parents \u00bb : association Val Fleuri en Action, association Paradis Deslires (Victor Hugo)<\/p>\n<h2>Nos actions :<\/h2>\n<p>\u2022 Suivi, appui des demandes de remplacements d\u2019enseignants<br \/>\n\u2022 Appui des \u00e9coles aupr\u00e8s de la mairie et de l\u2019inspection pour limiter les fermetures de classes dans les \u00e9coles.<br \/>\n\u2022 Communication aux parents via email dans plusieurs \u00e9tablissements (mise en place de la base de donn\u00e9es parents, coordination entre associations de parents)<br \/>\n\u2022 Guides des coll\u00e8ges Renoir et Paul Bert \u00e0 l\u2019attention des parents<br \/>\n\u2022 R\u00e9alisation d\u2019un guide pratique pour la pr\u00e9paration des \u00e9lections<br \/>\n\u2022 Suivi de la qualit\u00e9 de la restauration municipale et soutien du bio<br \/>\n\u2022 Cr\u00e9ation du site Internet<br \/>\n\u2022 Soutien \u00e0 d\u2019autres associations : Bouchons de Handicapr\u00e9vention, soir\u00e9es jeunes \u00e0 l\u2019Eau Vive, secours catholique, rond point des parents et plus r\u00e9cemment La cantine sans plastique<\/p>\n<p>* Certaines de ces actions ont \u00e9t\u00e9 men\u00e9es conjointement avec la Peep dans un esprit de bonne entente et de travail commun<\/p>\n<\/div>\n","protected":false},"excerpt":{"rendered":"<p>Nous sommes d\u00e9sign\u00e9s par le terme Conseil Local FCPE de Chatou. Juridiquement, nous sommes une \u00e9manation (section) du conseil d\u00e9partemental de Versailles CDPE qui regroupe l\u2019ensemble des adh\u00e9rents dont les enfants sont scolaris\u00e9s dans les Yvelines. Notre administration et organisation est r\u00e9gie par un r\u00e8glement int\u00e9rieur d\u00e9partemental. Pr\u00e9sidente : Sabine &#8230;<\/p>\n","protected":false},"author":18,"featured_media":0,"parent":0,"menu_order":0,"comment_status":"closed","ping_status":"closed","template":"","meta":[],"_links":{"self":[{"href":"https:\/\/www.fcpe78.fr\/cl\/chatou\/wp-json\/wp\/v2\/pages\/23"}],"collection":[{"href":"https:\/\/www.fcpe78.fr\/cl\/chatou\/wp-json\/wp\/v2\/pages"}],"about":[{"href":"https:\/\/www.fcpe78.fr\/cl\/chatou\/wp-json\/wp\/v2\/types\/page"}],"author":[{"embeddable":true,"href":"https:\/\/www.fcpe78.fr\/cl\/chatou\/wp-json\/wp\/v2\/users\/18"}],"replies":[{"embeddable":true,"href":"https:\/\/www.fcpe78.fr\/cl\/chatou\/wp-json\/wp\/v2\/comments?post=23"}],"version-history":[{"count":13,"href":"https:\/\/www.fcpe78.fr\/cl\/chatou\/wp-json\/wp\/v2\/pages\/23\/revisions"}],"predecessor-version":[{"id":525,"href":"https:\/\/www.fcpe78.fr\/cl\/chatou\/wp-json\/wp\/v2\/pages\/23\/revisions\/525"}],"wp:attachment":[{"href":"https:\/\/www.fcpe78.fr\/cl\/chatou\/wp-json\/wp\/v2\/media?parent=23"}],"curies":[{"name":"wp","href":"https:\/\/api.w.org\/{rel}","templated":true}]}}