{"id":170,"date":"2018-07-09T10:59:14","date_gmt":"2018-07-09T08:59:14","guid":{"rendered":"http:\/\/www.fcpe78.fr\/cl\/chatou\/?page_id=170"},"modified":"2018-07-09T11:00:23","modified_gmt":"2018-07-09T09:00:23","slug":"fcpe-78-cdpe","status":"publish","type":"page","link":"https:\/\/www.fcpe78.fr\/cl\/chatou\/fcpe-78-cdpe\/","title":{"rendered":"FCPE 78 (CDPE)"},"content":{"rendered":"<h2>L&rsquo;adh\u00e9sion se fait aupr\u00e8s du conseil d\u00e9partemental<\/h2>\n<p>Quand vous adh\u00e9rez \u00e0 la FCPE, vous \u00eates bien entendu rattach\u00e9s \u00e0 l\u2019\u00e9tablissement scolaire de votre enfant. Cependant votre adh\u00e9sion sera enregistr\u00e9e par le conseil d\u00e9partemental FCPE, d\u00e9partement o\u00f9 est scolaris\u00e9 votre enfant. C\u2019est le conseil d\u00e9partemental, en effet, qui coordonne l\u2019ensemble des actions des parents au sein des \u00e9tablissements de son d\u00e9partement.<\/p>\n<p><a href=\"https:\/\/preprod.fcpe78.nodevo09.com\/elus\">Le conseil d\u00e9partemental de parents d\u2019\u00e9l\u00e8ves (CDPE)<\/a> rassemble les conseils locaux du d\u00e9partement. Il coordonne leurs actions et porte leurs revendications aupr\u00e8s des instances d\u00e9partementales. Il fait le lien entre la f\u00e9d\u00e9ration nationale et les conseils locaux, et r\u00e9ciproquement.<\/p>\n<p>&nbsp;<\/p>\n","protected":false},"excerpt":{"rendered":"<p>L&rsquo;adh\u00e9sion se fait aupr\u00e8s du conseil d\u00e9partemental Quand vous adh\u00e9rez \u00e0 la FCPE, vous \u00eates bien entendu rattach\u00e9s \u00e0 l\u2019\u00e9tablissement scolaire de votre enfant. Cependant votre adh\u00e9sion sera enregistr\u00e9e par le conseil d\u00e9partemental FCPE, d\u00e9partement o\u00f9 est scolaris\u00e9 votre enfant. C\u2019est le conseil d\u00e9partemental, en effet, qui coordonne l\u2019ensemble des &#8230;<\/p>\n","protected":false},"author":18,"featured_media":0,"parent":0,"menu_order":0,"comment_status":"closed","ping_status":"closed","template":"","meta":[],"_links":{"self":[{"href":"https:\/\/www.fcpe78.fr\/cl\/chatou\/wp-json\/wp\/v2\/pages\/170"}],"collection":[{"href":"https:\/\/www.fcpe78.fr\/cl\/chatou\/wp-json\/wp\/v2\/pages"}],"about":[{"href":"https:\/\/www.fcpe78.fr\/cl\/chatou\/wp-json\/wp\/v2\/types\/page"}],"author":[{"embeddable":true,"href":"https:\/\/www.fcpe78.fr\/cl\/chatou\/wp-json\/wp\/v2\/users\/18"}],"replies":[{"embeddable":true,"href":"https:\/\/www.fcpe78.fr\/cl\/chatou\/wp-json\/wp\/v2\/comments?post=170"}],"version-history":[{"count":1,"href":"https:\/\/www.fcpe78.fr\/cl\/chatou\/wp-json\/wp\/v2\/pages\/170\/revisions"}],"predecessor-version":[{"id":171,"href":"https:\/\/www.fcpe78.fr\/cl\/chatou\/wp-json\/wp\/v2\/pages\/170\/revisions\/171"}],"wp:attachment":[{"href":"https:\/\/www.fcpe78.fr\/cl\/chatou\/wp-json\/wp\/v2\/media?parent=170"}],"curies":[{"name":"wp","href":"https:\/\/api.w.org\/{rel}","templated":true}]}}