{"id":100,"date":"2018-07-04T14:25:59","date_gmt":"2018-07-04T12:25:59","guid":{"rendered":"http:\/\/www.fcpe78.fr\/cl\/chatou\/?page_id=100"},"modified":"2018-07-04T14:31:19","modified_gmt":"2018-07-04T12:31:19","slug":"la-fcpe-nationale","status":"publish","type":"page","link":"https:\/\/www.fcpe78.fr\/cl\/chatou\/la-fcpe-nationale\/","title":{"rendered":"La FCPE nationale"},"content":{"rendered":"<h2>La FCPE, association nationale<\/h2>\n<p>Fond\u00e9e en 1947, la F\u00e9d\u00e9ration des conseils de parents d\u2019\u00e9l\u00e8ves est reconnue d\u2019utilit\u00e9 publique d\u00e8s 1951 et agr\u00e9\u00e9e mouvement d\u2019\u00e9ducation populaire en 1982.<br \/>\nAu total, 1 600 000 familles ont vot\u00e9 pour la FCPE aux derni\u00e8res \u00e9lections.<br \/>\nElle est organis\u00e9e en conseils locaux (rassemblant les adh\u00e9rents d\u2019une \u00e9cole, d\u2019un \u00e9tablissement ou d\u2019un groupe d\u2019\u00e9tablissement, d\u2019une commune) ; en conseils d\u00e9partementaux (CDPE) ; en comit\u00e9s r\u00e9gionaux (coordonne les CDPE d\u2019une m\u00eame r\u00e9gion) ; et en f\u00e9d\u00e9ration nationale (regroupant tous les CDPE de France et d\u2019outre-mer, et les \u00e9tablissements fran\u00e7ais \u00e0 l\u2019\u00e9tranger).<br \/>\n<a href=\"http:\/\/www.fcpe.asso.fr\/\"><br \/>\nAller sur le site de la FCPE: www.fcpe.asso.fr<br \/>\n<\/a><\/p>\n<h2>Organisation<\/h2>\n<p>La FCPE est pr\u00e9sente dans la plupart des \u00e9tablissements o\u00f9 elle participe \u00e0 la vie scolaire pour d\u00e9fendre l\u2019int\u00e9r\u00eat des enfants et repr\u00e9senter les parents. La FCPE est une force de proposition et d\u2019action.<\/p>\n<p>La FCPE compte aujourd\u2019hui :<br \/>\n\u2022 310 000 adh\u00e9rents,<br \/>\n\u2022 50 000 parents d\u2019\u00e9l\u00e8ves \u00e9lus aux conseils d\u2019\u00e9cole et aux conseils d\u2019administration,<br \/>\n\u2022 6 000 conseils locaux<br \/>\n\u2022 100 associations d\u00e9partementales et extra-m\u00e9tropolitaines et des repr\u00e9sentants dans les \u00e9tablissements fran\u00e7ais \u00e0 l\u2019\u00e9tranger.<\/p>\n<h2>Les valeurs globales de la FCPE<\/h2>\n<p>\u2022 Placer l\u2019enfant au centre de ses pr\u00e9occupations et du syst\u00e8me \u00e9ducatif<br \/>\n\u2022 L\u2019\u00e9galit\u00e9 de tous les enfants devant le service public : la gratuit\u00e9, la r\u00e9duction des in\u00e9galit\u00e9s<br \/>\n\u2022 La r\u00e9ussite de tous les jeunes : bonnes conditions d\u2019\u00e9tudes, de transport, de rythme, de d\u00e9veloppement, d\u2019apprentissage<br \/>\n\u2022 La la\u00efcit\u00e9 : principe fondamental de notre pays, pr\u00f4nant la tol\u00e9rance et le respect de l\u2019individu, de sa libert\u00e9<br \/>\n\u2022 L\u2019action collective : mise en commun des exp\u00e9riences<br \/>\n\u2022 Une analyse pr\u00e9cise, critique, constructive : dans un souci d\u2019am\u00e9lioration du syst\u00e8me \u00e9ducatif<br \/>\n\u2022 Une ouverture sur l\u2019Europe et le monde (solidarit\u00e9 internationale, gratuit\u00e9 de l\u2019enseignement fran\u00e7ais \u00e0 l\u2019\u00e9tranger)<\/p>\n","protected":false},"excerpt":{"rendered":"<p>La FCPE, association nationale Fond\u00e9e en 1947, la F\u00e9d\u00e9ration des conseils de parents d\u2019\u00e9l\u00e8ves est reconnue d\u2019utilit\u00e9 publique d\u00e8s 1951 et agr\u00e9\u00e9e mouvement d\u2019\u00e9ducation populaire en 1982. Au total, 1 600 000 familles ont vot\u00e9 pour la FCPE aux derni\u00e8res \u00e9lections. Elle est organis\u00e9e en conseils locaux (rassemblant les adh\u00e9rents &#8230;<\/p>\n","protected":false},"author":18,"featured_media":0,"parent":0,"menu_order":0,"comment_status":"closed","ping_status":"closed","template":"","meta":[],"_links":{"self":[{"href":"https:\/\/www.fcpe78.fr\/cl\/chatou\/wp-json\/wp\/v2\/pages\/100"}],"collection":[{"href":"https:\/\/www.fcpe78.fr\/cl\/chatou\/wp-json\/wp\/v2\/pages"}],"about":[{"href":"https:\/\/www.fcpe78.fr\/cl\/chatou\/wp-json\/wp\/v2\/types\/page"}],"author":[{"embeddable":true,"href":"https:\/\/www.fcpe78.fr\/cl\/chatou\/wp-json\/wp\/v2\/users\/18"}],"replies":[{"embeddable":true,"href":"https:\/\/www.fcpe78.fr\/cl\/chatou\/wp-json\/wp\/v2\/comments?post=100"}],"version-history":[{"count":2,"href":"https:\/\/www.fcpe78.fr\/cl\/chatou\/wp-json\/wp\/v2\/pages\/100\/revisions"}],"predecessor-version":[{"id":106,"href":"https:\/\/www.fcpe78.fr\/cl\/chatou\/wp-json\/wp\/v2\/pages\/100\/revisions\/106"}],"wp:attachment":[{"href":"https:\/\/www.fcpe78.fr\/cl\/chatou\/wp-json\/wp\/v2\/media?parent=100"}],"curies":[{"name":"wp","href":"https:\/\/api.w.org\/{rel}","templated":true}]}}